{"id":23873,"date":"2023-04-07T07:25:32","date_gmt":"2023-04-07T07:25:32","guid":{"rendered":"https:\/\/chilimag.hu\/webshop\/?post_type=product&#038;p=23873"},"modified":"2025-08-13T07:42:23","modified_gmt":"2025-08-13T07:42:23","slug":"paprika-yvona-florian-bg","status":"publish","type":"product","link":"https:\/\/chilimag.hu\/webshop\/termek\/paprika-yvona-florian-bg\/","title":{"rendered":"Paprika Yvona Florian Bg"},"content":{"rendered":"","protected":false},"excerpt":{"rendered":"<p><img decoding=\"async\" class=\"img-inline\" src=\"https:\/\/brcci.eu\/cache\/thumbnails\/12ecd0e6e419f1b9b1484ef02ad361979dd8e054\/1a6c5e1406ad462ca86d17b2800862d7f837862c-829875ad0a268b741b7edd818ffce098.png\" alt=\"FLORIAN OOD\" \/><\/p>\n<p>Dekorat\u00edv cs\u00edp\u0151s paprika Ivona dekorat\u00edv cs\u00edp\u0151s paprika magvak t\u00f6rpe n\u00f6v\u00e9ny cser\u00e9pbe, Fl\u00f3ri\u00e1n<\/p>\n<p>Kiszerel\u00e9s: 35 mag (0,25 gr)<\/p>\n<p>Dekorat\u00edv chili paprika, alkalmas k\u00fclt\u00e9ri vagy erk\u00e9lyes cserepesre, mert a n\u00f6v\u00e9ny kicsi, t\u00f6rpe, alacsony magass\u00e1g\u00fa. Gy\u00fcm\u00f6lcsei kicsik, nagyon r\u00f6videk \u00e9s keskenyek, k\u00fapos alak\u00faak, f\u00fcgg\u0151legesen n\u0151nek. M\u0171szaki \u00e9retts\u00e9gben z\u00f6ldek, botanik\u00e1ban pedig m\u00e9lyv\u00f6r\u00f6sek. Rendk\u00edv\u00fcl gyorsan megk\u00f3stolhat\u00f3. Friss fogyaszt\u00e1sra alkalmas.<\/p>\n<p>A csomag 0.25 grammot tartalmaz<\/p>\n","protected":false},"featured_media":23874,"comment_status":"closed","ping_status":"closed","template":"","meta":[],"product_brand":[],"product_cat":[380],"product_tag":[],"class_list":{"0":"post-23873","1":"product","2":"type-product","3":"status-publish","4":"has-post-thumbnail","6":"product_cat-paprika-vetomagok-bolgar-florian-vetomagok","8":"first","9":"outofstock","10":"taxable","11":"shipping-taxable","12":"purchasable","13":"product-type-simple"},"_links":{"self":[{"href":"https:\/\/chilimag.hu\/webshop\/wp-json\/wp\/v2\/product\/23873","targetHints":{"allow":["GET"]}}],"collection":[{"href":"https:\/\/chilimag.hu\/webshop\/wp-json\/wp\/v2\/product"}],"about":[{"href":"https:\/\/chilimag.hu\/webshop\/wp-json\/wp\/v2\/types\/product"}],"replies":[{"embeddable":true,"href":"https:\/\/chilimag.hu\/webshop\/wp-json\/wp\/v2\/comments?post=23873"}],"wp:featuredmedia":[{"embeddable":true,"href":"https:\/\/chilimag.hu\/webshop\/wp-json\/wp\/v2\/media\/23874"}],"wp:attachment":[{"href":"https:\/\/chilimag.hu\/webshop\/wp-json\/wp\/v2\/media?parent=23873"}],"wp:term":[{"taxonomy":"product_brand","embeddable":true,"href":"https:\/\/chilimag.hu\/webshop\/wp-json\/wp\/v2\/product_brand?post=23873"},{"taxonomy":"product_cat","embeddable":true,"href":"https:\/\/chilimag.hu\/webshop\/wp-json\/wp\/v2\/product_cat?post=23873"},{"taxonomy":"product_tag","embeddable":true,"href":"https:\/\/chilimag.hu\/webshop\/wp-json\/wp\/v2\/product_tag?post=23873"}],"curies":[{"name":"wp","href":"https:\/\/api.w.org\/{rel}","templated":true}]}}