{"id":23868,"date":"2023-04-07T07:03:41","date_gmt":"2023-04-07T07:03:41","guid":{"rendered":"https:\/\/chilimag.hu\/webshop\/?post_type=product&#038;p=23868"},"modified":"2026-03-12T12:04:16","modified_gmt":"2026-03-12T12:04:16","slug":"paprika-habanero-orange-florian-bg","status":"publish","type":"product","link":"https:\/\/chilimag.hu\/webshop\/termek\/paprika-habanero-orange-florian-bg\/","title":{"rendered":"Paprika Habanero Orange Florian Bg"},"content":{"rendered":"","protected":false},"excerpt":{"rendered":"<p><img decoding=\"async\" class=\"img-inline\" src=\"https:\/\/brcci.eu\/cache\/thumbnails\/12ecd0e6e419f1b9b1484ef02ad361979dd8e054\/1a6c5e1406ad462ca86d17b2800862d7f837862c-829875ad0a268b741b7edd818ffce098.png\" alt=\"FLORIAN OOD\" \/><\/p>\n<p>Habanero narancs Narancs cs\u00edp\u0151s chili paprika magvak, Fl\u00f3ri\u00e1n<\/p>\n<p>Kiszerel\u00e9s: 20 db mag<\/p>\n<p>Elterjedt cs\u00edp\u0151s paprika fajta magas kapszaicin tartalommal. A n\u00f6v\u00e9ny 70 cm magas, a vil\u00e1g egyik legcs\u00edp\u0151sebb paprik\u00e1ja. A gy\u00fcm\u00f6lcs\u00f6k l\u00e1mp\u00e1s alak\u00faak, z\u00f6ldt\u0151l narancss\u00e1rg\u00e1ig \u00e9rnek. Nagyon f\u0171szeres \u00e9s arom\u00e1s \u00edze van. Szabadf\u00f6ld\u00f6n \u00e9s \u00fcvegh\u00e1zban t\u00f6rt\u00e9n\u0151 termeszt\u00e9sre aj\u00e1nlott. Lassan n\u00f6vekszik, ez\u00e9rt napos \u00e9s meleg helyet ig\u00e9nyel. Napos, meleg helyen telelhet\u0151. Frissen \u00e9s sz\u00e1r\u00edtva is fogyaszthat\u00f3k. V\u00e9dje szem\u00e9t \u00e9s haszn\u00e1ljon v\u00e9d\u0151keszty\u0171t a n\u00f6v\u00e9nyek gondoz\u00e1sa sor\u00e1n. Tartsa t\u00e1vol gyermekekt\u0151l!<\/p>\n<p>A chili paprika termeszt\u00e9s\u00e9vel kezd\u0151 kert\u00e9szeknek aj\u00e1nljuk.<\/p>\n<p>Vet\u00e9s: janu\u00e1r-febru\u00e1r l\u00e1d\u00e1ban<\/p>\n<p>\u00dcltet\u00e9s: m\u00e1jus<\/p>\n<p>Sz\u00fcret: szeptember-okt\u00f3ber<\/p>\n<p>Habanero Orange chili magvak<br \/>\nA Habanero Orange cs\u00edp\u0151s paprika egy k\u00fcl\u00f6nleges fajta, amely nagyon j\u00f3l bev\u00e1lt a nemzetk\u00f6zi konyh\u00e1kon.<\/p>\n<p>Els\u0151sorban nagyon magas \u00e9less\u00e9g\u00e9vel t\u0171nik ki, a piros sz\u00ednv\u00e1ltozathoz k\u00e9pest ez az \u00e9less\u00e9g m\u00e9rt\u00e9k\u00e9t tekintve egy fokkal alacsonyabb.<\/p>\n<p>A Habanero Orange paprika term\u00e9sei l\u00e1mp\u00e1sszer\u0171ek, enyh\u00e9n r\u00e1ncosak, hegyes vagy lap\u00edtott hegy\u0171ek.<\/p>\n<p>\u00c9retten a gy\u00fcm\u00f6lcs\u00f6k narancss\u00e1rg\u00e1ra v\u00e1lnak, \u00e1tlagos t\u00f6meg\u00fck 15 gramm k\u00f6r\u00fcl van.<\/p>\n<p>A Habanero Orange egy cs\u00edp\u0151s paprika, amely minden olyan kertbe alkalmas, amely \u00e1ltal\u00e1ban a meleg \u00e9ghajlatot r\u00e9szes\u00edti el\u0151nyben.<\/p>\n<p>Csomagol\u00e1s m\u00f3dja: 0,5 grammos bor\u00edt\u00e9k;<\/p>\n<p>A csomag 20 szemet tartalmaz<\/p>\n","protected":false},"featured_media":23869,"comment_status":"closed","ping_status":"closed","template":"","meta":[],"product_brand":[],"product_cat":[380],"product_tag":[],"class_list":{"0":"post-23868","1":"product","2":"type-product","3":"status-publish","4":"has-post-thumbnail","6":"product_cat-paprika-vetomagok-bolgar-florian-vetomagok","8":"first","9":"instock","10":"taxable","11":"shipping-taxable","12":"purchasable","13":"product-type-simple"},"_links":{"self":[{"href":"https:\/\/chilimag.hu\/webshop\/wp-json\/wp\/v2\/product\/23868","targetHints":{"allow":["GET"]}}],"collection":[{"href":"https:\/\/chilimag.hu\/webshop\/wp-json\/wp\/v2\/product"}],"about":[{"href":"https:\/\/chilimag.hu\/webshop\/wp-json\/wp\/v2\/types\/product"}],"replies":[{"embeddable":true,"href":"https:\/\/chilimag.hu\/webshop\/wp-json\/wp\/v2\/comments?post=23868"}],"wp:featuredmedia":[{"embeddable":true,"href":"https:\/\/chilimag.hu\/webshop\/wp-json\/wp\/v2\/media\/23869"}],"wp:attachment":[{"href":"https:\/\/chilimag.hu\/webshop\/wp-json\/wp\/v2\/media?parent=23868"}],"wp:term":[{"taxonomy":"product_brand","embeddable":true,"href":"https:\/\/chilimag.hu\/webshop\/wp-json\/wp\/v2\/product_brand?post=23868"},{"taxonomy":"product_cat","embeddable":true,"href":"https:\/\/chilimag.hu\/webshop\/wp-json\/wp\/v2\/product_cat?post=23868"},{"taxonomy":"product_tag","embeddable":true,"href":"https:\/\/chilimag.hu\/webshop\/wp-json\/wp\/v2\/product_tag?post=23868"}],"curies":[{"name":"wp","href":"https:\/\/api.w.org\/{rel}","templated":true}]}}