{"id":23865,"date":"2023-04-07T07:01:03","date_gmt":"2023-04-07T07:01:03","guid":{"rendered":"https:\/\/chilimag.hu\/webshop\/?post_type=product&#038;p=23865"},"modified":"2026-02-06T18:55:29","modified_gmt":"2026-02-06T18:55:29","slug":"paprika-habanero-red-florian-bg","status":"publish","type":"product","link":"https:\/\/chilimag.hu\/webshop\/termek\/paprika-habanero-red-florian-bg\/","title":{"rendered":"Paprika Habanero Red Florian Bg"},"content":{"rendered":"","protected":false},"excerpt":{"rendered":"<p><img decoding=\"async\" class=\"img-inline\" src=\"https:\/\/brcci.eu\/cache\/thumbnails\/12ecd0e6e419f1b9b1484ef02ad361979dd8e054\/1a6c5e1406ad462ca86d17b2800862d7f837862c-829875ad0a268b741b7edd818ffce098.png\" alt=\"FLORIAN OOD\" \/><\/p>\n<p>A cs\u00edp\u0151s paprika (Capsicum annuum) kiv\u00e1l\u00f3 egyny\u00e1ri n\u00f6v\u00e9ny, amely ny\u00e1ron a kertbe \u00e9s otthoni d\u00edszn\u00f6v\u00e9nyk\u00e9nt is \u00fcltethet\u0151.<br \/>\nA Habanero Chocolate cs\u00edp\u0151s paprika Jamaic\u00e1r\u00f3l sz\u00e1rmaz\u00f3 paprika, n\u00f6v\u00e9nye 60-90 cm magas, f\u00e1s sz\u00e1r\u00fa, lel\u00f3g\u00f3 term\u00e9sei vannak, l\u00e1mp\u00e1s alak\u00fa, ami nagyon gyakran hegy\u00e9vel v\u00e9gz\u0151dik.<br \/>\nA paprika 4-6 cm hossz\u00fa \u00e9s 2,5-5 cm sz\u00e9les,<br \/>\na term\u00e9s sz\u00edne \u00e9r\u00e9s el\u0151tt z\u00f6ld, k\u00e9s\u0151bb megbarnul.<br \/>\nPal\u00e1nt\u00e1val t\u00f6rt\u00e9n\u0151 termeszt\u00e9s, a vet\u00e9skori cs\u00edr\u00e1z\u00e1si h\u0151m\u00e9rs\u00e9kletnek 20-35\u00baC k\u00f6z\u00f6tt kell lennie, n\u00e9ha nehezebb a cs\u00edr\u00e1z\u00e1s, de meg\u00e9ri a f\u00e1rads\u00e1got.<br \/>\nAz optim\u00e1lis termeszt\u00e9si h\u0151m\u00e9rs\u00e9kletnek 20-35\u00baC k\u00f6z\u00f6tt kell lennie<br \/>\na napoz\u00e1st r\u00e9szes\u00edti el\u0151nyben, csak er\u0151s naps\u00fct\u00e9ses id\u0151szakokban \u00e9rdemes gondoskodni arr\u00f3l, hogy a gy\u00fcm\u00f6lcs\u00f6k j\u00f3l fedj\u00e9k a lombozatot, vagy mesters\u00e9ges \u00e1rny\u00e9kol\u00e1st alak\u00edtsunk ki, \u00e1rny\u00e9kol\u00f3h\u00e1l\u00f3kkal, mert a term\u00e9sek fel\u00fclet\u00e9n le\u00e9g\u00e9s jelentkezhet.<\/p>\n<p>A csomag 20 szem magot tartalmaz<\/p>\n","protected":false},"featured_media":23866,"comment_status":"closed","ping_status":"closed","template":"","meta":[],"product_brand":[],"product_cat":[380],"product_tag":[],"class_list":{"0":"post-23865","1":"product","2":"type-product","3":"status-publish","4":"has-post-thumbnail","6":"product_cat-paprika-vetomagok-bolgar-florian-vetomagok","8":"first","9":"instock","10":"taxable","11":"shipping-taxable","12":"purchasable","13":"product-type-simple"},"_links":{"self":[{"href":"https:\/\/chilimag.hu\/webshop\/wp-json\/wp\/v2\/product\/23865","targetHints":{"allow":["GET"]}}],"collection":[{"href":"https:\/\/chilimag.hu\/webshop\/wp-json\/wp\/v2\/product"}],"about":[{"href":"https:\/\/chilimag.hu\/webshop\/wp-json\/wp\/v2\/types\/product"}],"replies":[{"embeddable":true,"href":"https:\/\/chilimag.hu\/webshop\/wp-json\/wp\/v2\/comments?post=23865"}],"wp:featuredmedia":[{"embeddable":true,"href":"https:\/\/chilimag.hu\/webshop\/wp-json\/wp\/v2\/media\/23866"}],"wp:attachment":[{"href":"https:\/\/chilimag.hu\/webshop\/wp-json\/wp\/v2\/media?parent=23865"}],"wp:term":[{"taxonomy":"product_brand","embeddable":true,"href":"https:\/\/chilimag.hu\/webshop\/wp-json\/wp\/v2\/product_brand?post=23865"},{"taxonomy":"product_cat","embeddable":true,"href":"https:\/\/chilimag.hu\/webshop\/wp-json\/wp\/v2\/product_cat?post=23865"},{"taxonomy":"product_tag","embeddable":true,"href":"https:\/\/chilimag.hu\/webshop\/wp-json\/wp\/v2\/product_tag?post=23865"}],"curies":[{"name":"wp","href":"https:\/\/api.w.org\/{rel}","templated":true}]}}