{"id":23859,"date":"2023-04-07T06:55:02","date_gmt":"2023-04-07T06:55:02","guid":{"rendered":"https:\/\/chilimag.hu\/webshop\/?post_type=product&#038;p=23859"},"modified":"2026-02-24T09:40:44","modified_gmt":"2026-02-24T09:40:44","slug":"paprika-small-chilli-pepers-florian-bg","status":"publish","type":"product","link":"https:\/\/chilimag.hu\/webshop\/termek\/paprika-small-chilli-pepers-florian-bg\/","title":{"rendered":"Paprika Small Chili pepers Florian Bg"},"content":{"rendered":"","protected":false},"excerpt":{"rendered":"<p><img decoding=\"async\" class=\"img-inline\" src=\"https:\/\/brcci.eu\/cache\/thumbnails\/12ecd0e6e419f1b9b1484ef02ad361979dd8e054\/1a6c5e1406ad462ca86d17b2800862d7f837862c-829875ad0a268b741b7edd818ffce098.png\" alt=\"FLORIAN OOD\" \/><\/p>\n<p>D\u00edsz\u00edt\u0151 t\u00f6rpe cs\u00edp\u0151s paprika hobbi c\u00e9lra. A n\u00f6v\u00e9ny nagyon alacsony, \u00e9s alkalmas az erk\u00e9lyen cserepes termeszt\u00e9sre. A gy\u00fcm\u00f6lcs\u00f6k kicsik, f\u00fcgg\u0151legesen felfel\u00e9 n\u0151nek, h\u00e1romsz\u00f6g alak\u00faak \u00e9s s\u00e1rga sz\u00edn\u0171ek.<\/p>\n<p>Veget\u00e1ci\u00f3s id\u0151szak 95-100 nap.<\/p>\n<p>Vet\u00e9si id\u0151szak:<\/p>\n<p>&#8211; korai gy\u00e1rt\u00e1sra febru\u00e1r 1-15<\/p>\n<p>&#8211; k\u00f6z\u00e9p-korai gy\u00e1rt\u00e1shoz m\u00e1rcius 1-20.<\/p>\n<p>Magok mennyis\u00e9ge bor\u00edt\u00e9konk\u00e9nt 0,25 gramm &#8211; 35 mag<\/p>\n<p>M\u0171szaki adatok:<\/p>\n<p>M\u00e9lys\u00e9ge 0,5-1 cm<br \/>\nFebru\u00e1r 1-15-ig, m\u00e1rcius 1-20-ig vetik<br \/>\nVet\u00e9smennyis\u00e9g 0,150-0,200 Kg\/hekt\u00e1r<br \/>\nA vet\u0151magb\u00f3l t\u00f6rt\u00e9n\u0151 termel\u00e9s t\u00edpusai<br \/>\n\u00c1ltal\u00e1noss\u00e1gok:<\/p>\n<p>130-150 magot tartalmaz grammonk\u00e9nt<br \/>\nS\u00falya 0,25 gramm<br \/>\n\u00dcltet\u00e9s febru\u00e1r-m\u00e1rcius<br \/>\nSz\u00fcret m\u00e1jus-j\u00fanius<br \/>\nVeget\u00e1ci\u00f3ja 95-100 nap<\/p>\n<p>A csomag 0.25 grammot tartalmaz<\/p>\n","protected":false},"featured_media":23860,"comment_status":"closed","ping_status":"closed","template":"","meta":[],"product_brand":[],"product_cat":[380],"product_tag":[],"class_list":{"0":"post-23859","1":"product","2":"type-product","3":"status-publish","4":"has-post-thumbnail","6":"product_cat-paprika-vetomagok-bolgar-florian-vetomagok","8":"first","9":"instock","10":"taxable","11":"shipping-taxable","12":"purchasable","13":"product-type-simple"},"_links":{"self":[{"href":"https:\/\/chilimag.hu\/webshop\/wp-json\/wp\/v2\/product\/23859","targetHints":{"allow":["GET"]}}],"collection":[{"href":"https:\/\/chilimag.hu\/webshop\/wp-json\/wp\/v2\/product"}],"about":[{"href":"https:\/\/chilimag.hu\/webshop\/wp-json\/wp\/v2\/types\/product"}],"replies":[{"embeddable":true,"href":"https:\/\/chilimag.hu\/webshop\/wp-json\/wp\/v2\/comments?post=23859"}],"wp:featuredmedia":[{"embeddable":true,"href":"https:\/\/chilimag.hu\/webshop\/wp-json\/wp\/v2\/media\/23860"}],"wp:attachment":[{"href":"https:\/\/chilimag.hu\/webshop\/wp-json\/wp\/v2\/media?parent=23859"}],"wp:term":[{"taxonomy":"product_brand","embeddable":true,"href":"https:\/\/chilimag.hu\/webshop\/wp-json\/wp\/v2\/product_brand?post=23859"},{"taxonomy":"product_cat","embeddable":true,"href":"https:\/\/chilimag.hu\/webshop\/wp-json\/wp\/v2\/product_cat?post=23859"},{"taxonomy":"product_tag","embeddable":true,"href":"https:\/\/chilimag.hu\/webshop\/wp-json\/wp\/v2\/product_tag?post=23859"}],"curies":[{"name":"wp","href":"https:\/\/api.w.org\/{rel}","templated":true}]}}