{"id":23853,"date":"2023-04-07T06:44:30","date_gmt":"2023-04-07T06:44:30","guid":{"rendered":"https:\/\/chilimag.hu\/webshop\/?post_type=product&#038;p=23853"},"modified":"2026-03-19T03:53:00","modified_gmt":"2026-03-19T03:53:00","slug":"paprika-foxta-florian-bg","status":"publish","type":"product","link":"https:\/\/chilimag.hu\/webshop\/termek\/paprika-foxta-florian-bg\/","title":{"rendered":"Paprika Foxta Florian Bg"},"content":{"rendered":"","protected":false},"excerpt":{"rendered":"<p><img decoding=\"async\" class=\"img-inline\" src=\"https:\/\/brcci.eu\/cache\/thumbnails\/12ecd0e6e419f1b9b1484ef02ad361979dd8e054\/1a6c5e1406ad462ca86d17b2800862d7f837862c-829875ad0a268b741b7edd818ffce098.png\" alt=\"FLORIAN OOD\" \/><\/p>\n<p>Dekorat\u00edv cs\u00edp\u0151s paprika Foxta dekorat\u00edv cs\u00edp\u0151s paprika magvak cser\u00e9pbe, Fl\u00f3ri\u00e1n<\/p>\n<p>Kiszerel\u00e9s: 35 mag (0,25 gr)<\/p>\n<p>Dekorat\u00edv chili paprika, alkalmas k\u00fclt\u00e9ri vagy cserepes erk\u00e9lyre, mert a n\u00f6v\u00e9ny kicsi, alacsony. Gy\u00fcm\u00f6lcsei kicsik, ferd\u00e9k, enyh\u00e9n megny\u00faltak, h\u00e1romsz\u00f6g alak\u00faak, f\u00fcgg\u0151legesen n\u0151nek. M\u0171szaki \u00e9retts\u00e9gben z\u00f6ldek, a botanik\u00e1ban pedig m\u00e9ly narancss\u00e1rga sz\u00edn\u0171ek. Nagyon gyorsan megk\u00f3stolhat\u00f3. Friss fogyaszt\u00e1sra alkalmas.<\/p>\n<p>A csomag 0.25 grammot tartalmaz<\/p>\n","protected":false},"featured_media":23854,"comment_status":"closed","ping_status":"closed","template":"","meta":[],"product_brand":[],"product_cat":[380],"product_tag":[],"class_list":{"0":"post-23853","1":"product","2":"type-product","3":"status-publish","4":"has-post-thumbnail","6":"product_cat-paprika-vetomagok-bolgar-florian-vetomagok","8":"first","9":"instock","10":"taxable","11":"shipping-taxable","12":"purchasable","13":"product-type-simple"},"_links":{"self":[{"href":"https:\/\/chilimag.hu\/webshop\/wp-json\/wp\/v2\/product\/23853","targetHints":{"allow":["GET"]}}],"collection":[{"href":"https:\/\/chilimag.hu\/webshop\/wp-json\/wp\/v2\/product"}],"about":[{"href":"https:\/\/chilimag.hu\/webshop\/wp-json\/wp\/v2\/types\/product"}],"replies":[{"embeddable":true,"href":"https:\/\/chilimag.hu\/webshop\/wp-json\/wp\/v2\/comments?post=23853"}],"wp:featuredmedia":[{"embeddable":true,"href":"https:\/\/chilimag.hu\/webshop\/wp-json\/wp\/v2\/media\/23854"}],"wp:attachment":[{"href":"https:\/\/chilimag.hu\/webshop\/wp-json\/wp\/v2\/media?parent=23853"}],"wp:term":[{"taxonomy":"product_brand","embeddable":true,"href":"https:\/\/chilimag.hu\/webshop\/wp-json\/wp\/v2\/product_brand?post=23853"},{"taxonomy":"product_cat","embeddable":true,"href":"https:\/\/chilimag.hu\/webshop\/wp-json\/wp\/v2\/product_cat?post=23853"},{"taxonomy":"product_tag","embeddable":true,"href":"https:\/\/chilimag.hu\/webshop\/wp-json\/wp\/v2\/product_tag?post=23853"}],"curies":[{"name":"wp","href":"https:\/\/api.w.org\/{rel}","templated":true}]}}