{"id":23842,"date":"2023-04-07T06:17:33","date_gmt":"2023-04-07T06:17:33","guid":{"rendered":"https:\/\/chilimag.hu\/webshop\/?post_type=product&#038;p=23842"},"modified":"2026-01-20T12:53:36","modified_gmt":"2026-01-20T12:53:36","slug":"paprika-poupila-florian-bg","status":"publish","type":"product","link":"https:\/\/chilimag.hu\/webshop\/termek\/paprika-poupila-florian-bg\/","title":{"rendered":"Paprika Poupila Florian Bg"},"content":{"rendered":"","protected":false},"excerpt":{"rendered":"<p><img decoding=\"async\" class=\"img-inline\" src=\"https:\/\/brcci.eu\/cache\/thumbnails\/12ecd0e6e419f1b9b1484ef02ad361979dd8e054\/1a6c5e1406ad462ca86d17b2800862d7f837862c-829875ad0a268b741b7edd818ffce098.png\" alt=\"FLORIAN OOD\" \/><\/p>\n<p>Poupila &#8211; 0,25 gr &#8211; \u00c9des dekorat\u00edv paprikamag korai fajta Florian Bulg\u00e1ri\u00e1t\u00f3l<\/p>\n<p>A Poupila k\u00fcl\u00f6nf\u00e9le dekorat\u00edv \u00e9des retek szabadf\u00f6ldi, valamint cser\u00e9pben \u00e9s z\u00e1rt terekben t\u00f6rt\u00e9n\u0151 termeszt\u00e9shez. A n\u00f6v\u00e9ny t\u00f6m\u00f6r, term\u00e9se r\u00f6vid, fel\u00e1ll\u00f3, keskeny h\u00e1romsz\u00f6g alak\u00fa, \u00e9des \u00edz\u0171. M\u0171szaki \u00e9retts\u00e9gben vil\u00e1goss\u00e1rga, ut\u00e1na teljes \u00e9retts\u00e9gben \u00e9l\u00e9nkpiross\u00e1 v\u00e1lik.<\/p>\n<p>A csomag 0.25 grammot tartalmaz<\/p>\n","protected":false},"featured_media":23843,"comment_status":"closed","ping_status":"closed","template":"","meta":[],"product_brand":[],"product_cat":[380],"product_tag":[],"class_list":{"0":"post-23842","1":"product","2":"type-product","3":"status-publish","4":"has-post-thumbnail","6":"product_cat-paprika-vetomagok-bolgar-florian-vetomagok","8":"first","9":"instock","10":"taxable","11":"shipping-taxable","12":"purchasable","13":"product-type-simple"},"_links":{"self":[{"href":"https:\/\/chilimag.hu\/webshop\/wp-json\/wp\/v2\/product\/23842","targetHints":{"allow":["GET"]}}],"collection":[{"href":"https:\/\/chilimag.hu\/webshop\/wp-json\/wp\/v2\/product"}],"about":[{"href":"https:\/\/chilimag.hu\/webshop\/wp-json\/wp\/v2\/types\/product"}],"replies":[{"embeddable":true,"href":"https:\/\/chilimag.hu\/webshop\/wp-json\/wp\/v2\/comments?post=23842"}],"wp:featuredmedia":[{"embeddable":true,"href":"https:\/\/chilimag.hu\/webshop\/wp-json\/wp\/v2\/media\/23843"}],"wp:attachment":[{"href":"https:\/\/chilimag.hu\/webshop\/wp-json\/wp\/v2\/media?parent=23842"}],"wp:term":[{"taxonomy":"product_brand","embeddable":true,"href":"https:\/\/chilimag.hu\/webshop\/wp-json\/wp\/v2\/product_brand?post=23842"},{"taxonomy":"product_cat","embeddable":true,"href":"https:\/\/chilimag.hu\/webshop\/wp-json\/wp\/v2\/product_cat?post=23842"},{"taxonomy":"product_tag","embeddable":true,"href":"https:\/\/chilimag.hu\/webshop\/wp-json\/wp\/v2\/product_tag?post=23842"}],"curies":[{"name":"wp","href":"https:\/\/api.w.org\/{rel}","templated":true}]}}