{"id":23817,"date":"2023-04-06T19:19:30","date_gmt":"2023-04-06T19:19:30","guid":{"rendered":"https:\/\/chilimag.hu\/webshop\/?post_type=product&#038;p=23817"},"modified":"2026-03-22T10:00:44","modified_gmt":"2026-03-22T10:00:44","slug":"paprika-revia-florian-bg","status":"publish","type":"product","link":"https:\/\/chilimag.hu\/webshop\/termek\/paprika-revia-florian-bg\/","title":{"rendered":"Paprika Rewia Florian Bg"},"content":{"rendered":"","protected":false},"excerpt":{"rendered":"<p><img decoding=\"async\" class=\"img-inline\" src=\"https:\/\/brcci.eu\/cache\/thumbnails\/12ecd0e6e419f1b9b1484ef02ad361979dd8e054\/1a6c5e1406ad462ca86d17b2800862d7f837862c-829875ad0a268b741b7edd818ffce098.png\" alt=\"FLORIAN OOD\" \/><\/p>\n<p>Az \u00e9des narancss\u00e1rga paprika &#8222;Rewia&#8221; (Capsicum annuum) a legr\u00e9gebbi fajt\u00e1k k\u00f6z\u00e9 tartozik, amelyeket alagutakban, \u00fcvegh\u00e1zakban \u00e9s szabadf\u00f6ld\u00f6n termesztenek. E fajta n\u00f6v\u00e9nyeinek jellemz\u0151je a k\u00f6zepes \u00e9s er\u0151s, szab\u00e1lyos n\u00f6veked\u00e9s. Sz\u00e1mos, t\u00e9glalap alak\u00fa gy\u00fcm\u00f6lcs\u00f6t terem ny\u00e1ron. Ezek az \u00e9des paprik\u00e1k k\u00f6r\u00fclbel\u00fcl 140-160 grammot nyomnak betakar\u00edt\u00e1skor. H\u00e1rom-n\u00e9gy kamr\u00e1val \u00e9s vastag, h\u00fasos, szil\u00e1rd, ropog\u00f3s \u00e9s \u00e9des falakkal rendelkeznek. Mind a h\u00fas, mind a h\u00e9j s\u00f6t\u00e9tnarancss\u00e1rga. A &#8222;Rewia&#8221; paprika k\u00f6zvetlen fogyaszt\u00e1sra aj\u00e1nlott, de feldolgoz\u00e1sra is kiv\u00e1l\u00f3an alkalmas, f\u0151leg p\u00e1cba.<\/p>\n<p>A csomag 0,5 grammot tartalmaz<\/p>\n","protected":false},"featured_media":23912,"comment_status":"closed","ping_status":"closed","template":"","meta":[],"product_brand":[],"product_cat":[380],"product_tag":[],"class_list":{"0":"post-23817","1":"product","2":"type-product","3":"status-publish","4":"has-post-thumbnail","6":"product_cat-paprika-vetomagok-bolgar-florian-vetomagok","8":"first","9":"instock","10":"taxable","11":"shipping-taxable","12":"purchasable","13":"product-type-simple"},"_links":{"self":[{"href":"https:\/\/chilimag.hu\/webshop\/wp-json\/wp\/v2\/product\/23817","targetHints":{"allow":["GET"]}}],"collection":[{"href":"https:\/\/chilimag.hu\/webshop\/wp-json\/wp\/v2\/product"}],"about":[{"href":"https:\/\/chilimag.hu\/webshop\/wp-json\/wp\/v2\/types\/product"}],"replies":[{"embeddable":true,"href":"https:\/\/chilimag.hu\/webshop\/wp-json\/wp\/v2\/comments?post=23817"}],"wp:featuredmedia":[{"embeddable":true,"href":"https:\/\/chilimag.hu\/webshop\/wp-json\/wp\/v2\/media\/23912"}],"wp:attachment":[{"href":"https:\/\/chilimag.hu\/webshop\/wp-json\/wp\/v2\/media?parent=23817"}],"wp:term":[{"taxonomy":"product_brand","embeddable":true,"href":"https:\/\/chilimag.hu\/webshop\/wp-json\/wp\/v2\/product_brand?post=23817"},{"taxonomy":"product_cat","embeddable":true,"href":"https:\/\/chilimag.hu\/webshop\/wp-json\/wp\/v2\/product_cat?post=23817"},{"taxonomy":"product_tag","embeddable":true,"href":"https:\/\/chilimag.hu\/webshop\/wp-json\/wp\/v2\/product_tag?post=23817"}],"curies":[{"name":"wp","href":"https:\/\/api.w.org\/{rel}","templated":true}]}}