{"id":23816,"date":"2023-04-06T19:16:17","date_gmt":"2023-04-06T19:16:17","guid":{"rendered":"https:\/\/chilimag.hu\/webshop\/?post_type=product&#038;p=23816"},"modified":"2026-03-25T07:32:35","modified_gmt":"2026-03-25T07:32:35","slug":"paprika-sweet-chocolate-florian-bg","status":"publish","type":"product","link":"https:\/\/chilimag.hu\/webshop\/termek\/paprika-sweet-chocolate-florian-bg\/","title":{"rendered":"Paprika Sweet Chocolate Florian Bg"},"content":{"rendered":"","protected":false},"excerpt":{"rendered":"<p><img decoding=\"async\" class=\"img-inline\" src=\"https:\/\/brcci.eu\/cache\/thumbnails\/12ecd0e6e419f1b9b1484ef02ad361979dd8e054\/1a6c5e1406ad462ca86d17b2800862d7f837862c-829875ad0a268b741b7edd818ffce098.png\" alt=\"FLORIAN OOD\" \/><\/p>\n<p>\u00c9des csokol\u00e1d\u00e9 paprika (80 mag) csokol\u00e1d\u00e9 paprika, egzotikus csokol\u00e1d\u00e9 sz\u00edn\u0171, Florian Bulgaria<\/p>\n<p>Kiszerel\u00e9s: 80 mag (0,5 gr)<\/p>\n<p>\u00c9des csokol\u00e1d\u00e9 paprika magvak<br \/>\nA Sweet Chocolate paprika fajta k\u00fcl\u00f6n\u00f6sen vonz\u00f3 csokol\u00e1d\u00e9 sz\u00edn\u00e9nek k\u00f6sz\u00f6nhet\u0151en. Ezenk\u00edv\u00fcl a fajt\u00e1t k\u00fcl\u00f6nleges \u00edz jellemzi.<\/p>\n<p>Az \u00e9des csokol\u00e1d\u00e9 szabadf\u00f6ldeken, \u00fcvegh\u00e1zakban \u00e9s szol\u00e1riumokban t\u00f6rt\u00e9n\u0151 termeszt\u00e9sre alkalmas. Az \u00e9des csokol\u00e1d\u00e9 paprika korai \u00e9retts\u00e9g\u0171, gazdag C-vitaminban, antioxid\u00e1nsokban \u00e9s rostokban.<\/p>\n<p>A csomag 0,5 grammot tartalmaz<\/p>\n","protected":false},"featured_media":23933,"comment_status":"closed","ping_status":"closed","template":"","meta":[],"product_brand":[],"product_cat":[380],"product_tag":[],"class_list":{"0":"post-23816","1":"product","2":"type-product","3":"status-publish","4":"has-post-thumbnail","6":"product_cat-paprika-vetomagok-bolgar-florian-vetomagok","8":"first","9":"instock","10":"taxable","11":"shipping-taxable","12":"purchasable","13":"product-type-simple"},"_links":{"self":[{"href":"https:\/\/chilimag.hu\/webshop\/wp-json\/wp\/v2\/product\/23816","targetHints":{"allow":["GET"]}}],"collection":[{"href":"https:\/\/chilimag.hu\/webshop\/wp-json\/wp\/v2\/product"}],"about":[{"href":"https:\/\/chilimag.hu\/webshop\/wp-json\/wp\/v2\/types\/product"}],"replies":[{"embeddable":true,"href":"https:\/\/chilimag.hu\/webshop\/wp-json\/wp\/v2\/comments?post=23816"}],"wp:featuredmedia":[{"embeddable":true,"href":"https:\/\/chilimag.hu\/webshop\/wp-json\/wp\/v2\/media\/23933"}],"wp:attachment":[{"href":"https:\/\/chilimag.hu\/webshop\/wp-json\/wp\/v2\/media?parent=23816"}],"wp:term":[{"taxonomy":"product_brand","embeddable":true,"href":"https:\/\/chilimag.hu\/webshop\/wp-json\/wp\/v2\/product_brand?post=23816"},{"taxonomy":"product_cat","embeddable":true,"href":"https:\/\/chilimag.hu\/webshop\/wp-json\/wp\/v2\/product_cat?post=23816"},{"taxonomy":"product_tag","embeddable":true,"href":"https:\/\/chilimag.hu\/webshop\/wp-json\/wp\/v2\/product_tag?post=23816"}],"curies":[{"name":"wp","href":"https:\/\/api.w.org\/{rel}","templated":true}]}}