{"id":23815,"date":"2023-04-06T19:13:21","date_gmt":"2023-04-06T19:13:21","guid":{"rendered":"https:\/\/chilimag.hu\/webshop\/?post_type=product&#038;p=23815"},"modified":"2026-02-06T18:43:49","modified_gmt":"2026-02-06T18:43:49","slug":"paprika-zorza-florian-bg","status":"publish","type":"product","link":"https:\/\/chilimag.hu\/webshop\/termek\/paprika-zorza-florian-bg\/","title":{"rendered":"Paprika Zorza Florian Bg"},"content":{"rendered":"","protected":false},"excerpt":{"rendered":"<p><img decoding=\"async\" class=\"img-inline\" src=\"https:\/\/brcci.eu\/cache\/thumbnails\/12ecd0e6e419f1b9b1484ef02ad361979dd8e054\/1a6c5e1406ad462ca86d17b2800862d7f837862c-829875ad0a268b741b7edd818ffce098.png\" alt=\"FLORIAN OOD\" \/><\/p>\n<p>Kaliforniai paprika Zorza kaliforniai paprika magvak, nagy vil\u00e1gosz\u00f6ld gy\u00fcm\u00f6lcs\u00f6k, Fl\u00f3ri\u00e1n<\/p>\n<p>Kiszerel\u00e9s: 70 mag (0,5 gr)<\/p>\n<p>Tudom\u00e1nyos n\u00e9v: Capsicum annuum L. convar. grossum var. brutt\u00f3<\/p>\n<p>N\u00e9pszer\u0171 n\u00e9v: Kaliforniai paprika<\/p>\n<p>Fajta: ZORZA<\/p>\n<p>Fajtale\u00edr\u00e1s: korai kaliforniai paprika k\u00fapos form\u00e1j\u00fa, \u00e9les hegy\u0171, f\u0171tetlen szol\u00e1riumban \u00e9s sz\u00e1nt\u00f3f\u00f6ldi termeszt\u00e9sre aj\u00e1nlott.<\/p>\n<p>A n\u00f6v\u00e9ny alacsony \u00e9s ellen\u00e1ll bizonyos betegs\u00e9geknek.<\/p>\n<p>A n\u00f6v\u00e9ny nagyon fejlett gy\u00f6k\u00e9rrendszerrel rendelkezik, a csom\u00f3k\u00f6z\u00f6k r\u00f6videk.<\/p>\n<p>A sz\u00fcks\u00e9ges kezel\u00e9sek a szok\u00e1sosak.<\/p>\n<p>Term\u00e9sei nagyok, s\u00e1rg\u00e1k, f\u00fcgg\u0151legesen helyezkednek el a n\u00f6v\u00e9nyen, hegy\u00e9vel lefel\u00e9.<\/p>\n<p>A p\u00e9p vastags\u00e1ga 6-8 mm.<\/p>\n<p>Veget\u00e1ci\u00f3s id\u0151szak: 100-110 nap.<br \/>\nGy\u00fcm\u00f6lcs s\u00falya: 100-130g<br \/>\nGy\u00fcm\u00f6lcs sz\u00edne:<\/p>\n<p>&#8211; fogyaszt\u00e1sra \u00e9rett \u00e1llapotban s\u00e1rga<\/p>\n<p>&#8211; fiziol\u00f3giai \u00e9retts\u00e9gben v\u00f6r\u00f6s<\/p>\n<p>Termeszt\u00e9si m\u00f3d: pal\u00e1nt\u00e1val<\/p>\n<p>Term\u00e9ny t\u00edpusa: sz\u00e1nt\u00f3f\u00f6ldi, v\u00e9dett<br \/>\nMagok sz\u00e1ma\/gramm: 100-130<\/p>\n<p>A csomag 0,5 grammot tartalmaz<\/p>\n","protected":false},"featured_media":23931,"comment_status":"closed","ping_status":"closed","template":"","meta":[],"product_brand":[],"product_cat":[380],"product_tag":[],"class_list":{"0":"post-23815","1":"product","2":"type-product","3":"status-publish","4":"has-post-thumbnail","6":"product_cat-paprika-vetomagok-bolgar-florian-vetomagok","8":"first","9":"instock","10":"taxable","11":"shipping-taxable","12":"purchasable","13":"product-type-simple"},"_links":{"self":[{"href":"https:\/\/chilimag.hu\/webshop\/wp-json\/wp\/v2\/product\/23815","targetHints":{"allow":["GET"]}}],"collection":[{"href":"https:\/\/chilimag.hu\/webshop\/wp-json\/wp\/v2\/product"}],"about":[{"href":"https:\/\/chilimag.hu\/webshop\/wp-json\/wp\/v2\/types\/product"}],"replies":[{"embeddable":true,"href":"https:\/\/chilimag.hu\/webshop\/wp-json\/wp\/v2\/comments?post=23815"}],"wp:featuredmedia":[{"embeddable":true,"href":"https:\/\/chilimag.hu\/webshop\/wp-json\/wp\/v2\/media\/23931"}],"wp:attachment":[{"href":"https:\/\/chilimag.hu\/webshop\/wp-json\/wp\/v2\/media?parent=23815"}],"wp:term":[{"taxonomy":"product_brand","embeddable":true,"href":"https:\/\/chilimag.hu\/webshop\/wp-json\/wp\/v2\/product_brand?post=23815"},{"taxonomy":"product_cat","embeddable":true,"href":"https:\/\/chilimag.hu\/webshop\/wp-json\/wp\/v2\/product_cat?post=23815"},{"taxonomy":"product_tag","embeddable":true,"href":"https:\/\/chilimag.hu\/webshop\/wp-json\/wp\/v2\/product_tag?post=23815"}],"curies":[{"name":"wp","href":"https:\/\/api.w.org\/{rel}","templated":true}]}}