{"id":23809,"date":"2023-04-06T19:06:01","date_gmt":"2023-04-06T19:06:01","guid":{"rendered":"https:\/\/chilimag.hu\/webshop\/?post_type=product&#038;p=23809"},"modified":"2026-03-20T17:55:51","modified_gmt":"2026-03-20T17:55:51","slug":"paprika-getic-florian-bg","status":"publish","type":"product","link":"https:\/\/chilimag.hu\/webshop\/termek\/paprika-getic-florian-bg\/","title":{"rendered":"Paprika Getic Florian Bg"},"content":{"rendered":"","protected":false},"excerpt":{"rendered":"<p><img decoding=\"async\" class=\"img-inline\" src=\"https:\/\/brcci.eu\/cache\/thumbnails\/12ecd0e6e419f1b9b1484ef02ad361979dd8e054\/1a6c5e1406ad462ca86d17b2800862d7f837862c-829875ad0a268b741b7edd818ffce098.png\" alt=\"FLORIAN OOD\" \/><\/p>\n<p>Getic paprika magvak, rom\u00e1n t\u00edpus\u00fa Dolma, nagyon term\u0151<\/p>\n<p>Nagyon term\u0151, korai dolma t\u00edpus\u00fa fajta, alkalmas belt\u00e9ri \u00e9s k\u00fclt\u00e9ri termeszt\u00e9sre is. A n\u00f6v\u00e9ny nagyon j\u00f3l fejlett. Gy\u00fcm\u00f6lcsei enyh\u00e9n megny\u00faltak, 3-4 kar\u00e9josak, vil\u00e1goss\u00e1rga sz\u00edn\u0171ek, \u00e9retten pirosak. Friss fogyaszt\u00e1sra alkalmas.<\/p>\n<p>Kiszerel\u00e9s: 150 mag (1 gr)<\/p>\n<p>M\u0171szaki adatok<br \/>\nM\u00e9lys\u00e9ge 0,5 &#8211; 3 cm<br \/>\nVet\u00e9s 01-15 febru\u00e1r 01-20 m\u00e1rcius 01-15 \u00e1prilis<br \/>\n\u00c1ttekint\u00e9s<br \/>\n130-150 magot tartalmaz grammonk\u00e9nt<br \/>\nKiszerel\u00e9s 1 gramm<br \/>\nSz\u00fcret j\u00fanius-okt\u00f3ber<\/p>\n<p>A csomag 1 grammot tartalmaz<\/p>\n","protected":false},"featured_media":23937,"comment_status":"closed","ping_status":"closed","template":"","meta":[],"product_brand":[],"product_cat":[380],"product_tag":[],"class_list":{"0":"post-23809","1":"product","2":"type-product","3":"status-publish","4":"has-post-thumbnail","6":"product_cat-paprika-vetomagok-bolgar-florian-vetomagok","8":"first","9":"instock","10":"taxable","11":"shipping-taxable","12":"purchasable","13":"product-type-simple"},"_links":{"self":[{"href":"https:\/\/chilimag.hu\/webshop\/wp-json\/wp\/v2\/product\/23809","targetHints":{"allow":["GET"]}}],"collection":[{"href":"https:\/\/chilimag.hu\/webshop\/wp-json\/wp\/v2\/product"}],"about":[{"href":"https:\/\/chilimag.hu\/webshop\/wp-json\/wp\/v2\/types\/product"}],"replies":[{"embeddable":true,"href":"https:\/\/chilimag.hu\/webshop\/wp-json\/wp\/v2\/comments?post=23809"}],"wp:featuredmedia":[{"embeddable":true,"href":"https:\/\/chilimag.hu\/webshop\/wp-json\/wp\/v2\/media\/23937"}],"wp:attachment":[{"href":"https:\/\/chilimag.hu\/webshop\/wp-json\/wp\/v2\/media?parent=23809"}],"wp:term":[{"taxonomy":"product_brand","embeddable":true,"href":"https:\/\/chilimag.hu\/webshop\/wp-json\/wp\/v2\/product_brand?post=23809"},{"taxonomy":"product_cat","embeddable":true,"href":"https:\/\/chilimag.hu\/webshop\/wp-json\/wp\/v2\/product_cat?post=23809"},{"taxonomy":"product_tag","embeddable":true,"href":"https:\/\/chilimag.hu\/webshop\/wp-json\/wp\/v2\/product_tag?post=23809"}],"curies":[{"name":"wp","href":"https:\/\/api.w.org\/{rel}","templated":true}]}}