{"id":23703,"date":"2023-04-03T18:44:12","date_gmt":"2023-04-03T18:44:12","guid":{"rendered":"https:\/\/chilimag.hu\/webshop\/?post_type=product&#038;p=23703"},"modified":"2026-02-06T16:38:29","modified_gmt":"2026-02-06T16:38:29","slug":"uborka-delikates-florian-bg","status":"publish","type":"product","link":"https:\/\/chilimag.hu\/webshop\/termek\/uborka-delikates-florian-bg\/","title":{"rendered":"Uborka Delikates Florian Bg"},"content":{"rendered":"","protected":false},"excerpt":{"rendered":"<p><img decoding=\"async\" class=\"img-inline\" src=\"https:\/\/brcci.eu\/cache\/thumbnails\/12ecd0e6e419f1b9b1484ef02ad361979dd8e054\/1a6c5e1406ad462ca86d17b2800862d7f837862c-829875ad0a268b741b7edd818ffce098.png\" alt=\"FLORIAN OOD\" \/><\/p>\n<p>Nagyon term\u0151 f\u00e9lkorai fajta. A gy\u00fcm\u00f6lcs\u00f6k hengeresek, \u00e9l\u00e9nkz\u00f6ld sz\u00edn\u0171ek, enyh\u00e9n \u00e9rdes h\u00e9j\u00faak, keser\u0171 \u00edz n\u00e9lk\u00fcl. Szabadt\u00e9ri \u00e9s \u00fcvegh\u00e1zi termeszt\u00e9sre alkalmas. A fajta ellen\u00e1ll a kedvez\u0151tlen k\u00f6r\u00fclm\u00e9nyeknek. Konzerv\u00e1l\u00e1sra alkalmas. A veget\u00e1ci\u00f3s id\u0151szak 40-45 nap.<\/p>\n<p>Magok mennyis\u00e9ge zs\u00e1konk\u00e9nt: 70-90 db (2 g)<\/p>\n<p>Vet\u00e9sid\u0151: korai termeszt\u00e9sn\u00e9l \u00e1prilis 15-m\u00e1jus 10., k\u00e9s\u0151i term\u00e9sn\u00e9l j\u00fanius 20-j\u00falius 5.<\/p>\n<p>M\u0171szaki adatok:<\/p>\n<p>M\u00e9lys\u00e9ge 1,5-3 cm<br \/>\n\u00c1prilis 15-t\u0151l m\u00e1jus 10-ig, j\u00fanius 20-t\u00f3l j\u00falius 5-ig vetik<br \/>\nVet\u00e9smennyis\u00e9g 0,400-0,450 Kg\/hekt\u00e1r<br \/>\nA vet\u0151magb\u00f3l t\u00f6rt\u00e9n\u0151 termel\u00e9s t\u00edpusai<br \/>\n\u00c1ltal\u00e1noss\u00e1gok:<\/p>\n<p>35-45 magot tartalmaz grammonk\u00e9nt<br \/>\nS\u00falya 2 gramm<br \/>\n\u00dcltet\u00e9s \u00e1prilis-j\u00falius<br \/>\nSz\u00fcret j\u00fanius-szeptember<br \/>\nVeget\u00e1ci\u00f3ja 40-45 nap<\/p>\n<p>A csomag 2 grammot tartalmaz<\/p>\n","protected":false},"featured_media":23704,"comment_status":"closed","ping_status":"closed","template":"","meta":[],"product_brand":[],"product_cat":[383],"product_tag":[],"class_list":{"0":"post-23703","1":"product","2":"type-product","3":"status-publish","4":"has-post-thumbnail","6":"product_cat-uborka-es-padlizsan-vetomagok","8":"first","9":"instock","10":"taxable","11":"shipping-taxable","12":"purchasable","13":"product-type-simple"},"_links":{"self":[{"href":"https:\/\/chilimag.hu\/webshop\/wp-json\/wp\/v2\/product\/23703","targetHints":{"allow":["GET"]}}],"collection":[{"href":"https:\/\/chilimag.hu\/webshop\/wp-json\/wp\/v2\/product"}],"about":[{"href":"https:\/\/chilimag.hu\/webshop\/wp-json\/wp\/v2\/types\/product"}],"replies":[{"embeddable":true,"href":"https:\/\/chilimag.hu\/webshop\/wp-json\/wp\/v2\/comments?post=23703"}],"wp:featuredmedia":[{"embeddable":true,"href":"https:\/\/chilimag.hu\/webshop\/wp-json\/wp\/v2\/media\/23704"}],"wp:attachment":[{"href":"https:\/\/chilimag.hu\/webshop\/wp-json\/wp\/v2\/media?parent=23703"}],"wp:term":[{"taxonomy":"product_brand","embeddable":true,"href":"https:\/\/chilimag.hu\/webshop\/wp-json\/wp\/v2\/product_brand?post=23703"},{"taxonomy":"product_cat","embeddable":true,"href":"https:\/\/chilimag.hu\/webshop\/wp-json\/wp\/v2\/product_cat?post=23703"},{"taxonomy":"product_tag","embeddable":true,"href":"https:\/\/chilimag.hu\/webshop\/wp-json\/wp\/v2\/product_tag?post=23703"}],"curies":[{"name":"wp","href":"https:\/\/api.w.org\/{rel}","templated":true}]}}