{"id":23698,"date":"2023-04-03T18:36:47","date_gmt":"2023-04-03T18:36:47","guid":{"rendered":"https:\/\/chilimag.hu\/webshop\/?post_type=product&#038;p=23698"},"modified":"2026-03-08T15:07:36","modified_gmt":"2026-03-08T15:07:36","slug":"uborka-odis-f1-florian-bg","status":"publish","type":"product","link":"https:\/\/chilimag.hu\/webshop\/termek\/uborka-odis-f1-florian-bg\/","title":{"rendered":"Uborka Odys F1 Florian Bg"},"content":{"rendered":"","protected":false},"excerpt":{"rendered":"<p><img decoding=\"async\" class=\"img-inline\" src=\"https:\/\/brcci.eu\/cache\/thumbnails\/12ecd0e6e419f1b9b1484ef02ad361979dd8e054\/1a6c5e1406ad462ca86d17b2800862d7f837862c-829875ad0a268b741b7edd818ffce098.png\" alt=\"FLORIAN OOD\" \/><\/p>\n<p>F\u00e9lkorai hibrid, k\u00fclt\u00e9ri termeszt\u00e9sre alkalmas. T\u00falnyom\u00f3an n\u0151st\u00e9ny vir\u00e1gz\u00e1s, \u00e1gonk\u00e9nt 2-3 vir\u00e1ggal. A gy\u00fcm\u00f6lcs\u00f6k hengeresek, l\u00e1gyak, z\u00f6ld sz\u00edn\u0171ek. A fiatal term\u00e9sek ecetes ubork\u00e1hoz, az \u00e9rettebbek pedig vegyes savany\u00fas\u00e1ghoz alkalmasak. Ellen\u00e1ll a mozaikv\u00edrusnak, lisztharmatnak, stb.. Veget\u00e1ci\u00f3s peri\u00f3dus 58-65 nap Korai term\u00e9shez \u00e1prilis 15-t\u0151l m\u00e1jus 10-ig, k\u00e9s\u0151i term\u00e9shez j\u00fanius 20-t\u00f3l j\u00falius 5-ig vetik.<\/p>\n<p>M\u0171szaki adatok:<\/p>\n<p>M\u00e9lys\u00e9ge 1,5-3 cm<br \/>\n\u00c1prilis 15-t\u0151l m\u00e1jus 10-ig, j\u00fanius 20-t\u00f3l j\u00falius 5-ig vetik.<br \/>\nVet\u0151mennyis\u00e9g 400-450 gramm\/hekt\u00e1r<br \/>\nA vet\u0151magb\u00f3l t\u00f6rt\u00e9n\u0151 termel\u00e9s t\u00edpusai<br \/>\n\u00c1ltal\u00e1noss\u00e1gok:<\/p>\n<p>35-45 magot tartalmaz grammonk\u00e9nt<br \/>\n\u00dcltet\u00e9s \u00e1prilis-m\u00e1jus, j\u00fanius-j\u00falius<br \/>\nSz\u00fcret j\u00fanius-j\u00falius, augusztus-szeptember<br \/>\nVeget\u00e1ci\u00f3 58-65 nap<\/p>\n<p>A csomag 1 grammot tartalmaz<\/p>\n","protected":false},"featured_media":25181,"comment_status":"closed","ping_status":"closed","template":"","meta":[],"product_brand":[],"product_cat":[383],"product_tag":[],"class_list":{"0":"post-23698","1":"product","2":"type-product","3":"status-publish","4":"has-post-thumbnail","6":"product_cat-uborka-es-padlizsan-vetomagok","8":"first","9":"instock","10":"taxable","11":"shipping-taxable","12":"purchasable","13":"product-type-simple"},"_links":{"self":[{"href":"https:\/\/chilimag.hu\/webshop\/wp-json\/wp\/v2\/product\/23698","targetHints":{"allow":["GET"]}}],"collection":[{"href":"https:\/\/chilimag.hu\/webshop\/wp-json\/wp\/v2\/product"}],"about":[{"href":"https:\/\/chilimag.hu\/webshop\/wp-json\/wp\/v2\/types\/product"}],"replies":[{"embeddable":true,"href":"https:\/\/chilimag.hu\/webshop\/wp-json\/wp\/v2\/comments?post=23698"}],"wp:featuredmedia":[{"embeddable":true,"href":"https:\/\/chilimag.hu\/webshop\/wp-json\/wp\/v2\/media\/25181"}],"wp:attachment":[{"href":"https:\/\/chilimag.hu\/webshop\/wp-json\/wp\/v2\/media?parent=23698"}],"wp:term":[{"taxonomy":"product_brand","embeddable":true,"href":"https:\/\/chilimag.hu\/webshop\/wp-json\/wp\/v2\/product_brand?post=23698"},{"taxonomy":"product_cat","embeddable":true,"href":"https:\/\/chilimag.hu\/webshop\/wp-json\/wp\/v2\/product_cat?post=23698"},{"taxonomy":"product_tag","embeddable":true,"href":"https:\/\/chilimag.hu\/webshop\/wp-json\/wp\/v2\/product_tag?post=23698"}],"curies":[{"name":"wp","href":"https:\/\/api.w.org\/{rel}","templated":true}]}}