{"id":23691,"date":"2023-04-03T18:28:47","date_gmt":"2023-04-03T18:28:47","guid":{"rendered":"https:\/\/chilimag.hu\/webshop\/?post_type=product&#038;p=23691"},"modified":"2026-02-18T12:55:38","modified_gmt":"2026-02-18T12:55:38","slug":"uborka-restina-f1-florian-bg","status":"publish","type":"product","link":"https:\/\/chilimag.hu\/webshop\/termek\/uborka-restina-f1-florian-bg\/","title":{"rendered":"Uborka Restina F1 Florian Bg"},"content":{"rendered":"","protected":false},"excerpt":{"rendered":"<p><img decoding=\"async\" class=\"img-inline\" src=\"https:\/\/brcci.eu\/cache\/thumbnails\/12ecd0e6e419f1b9b1484ef02ad361979dd8e054\/1a6c5e1406ad462ca86d17b2800862d7f837862c-829875ad0a268b741b7edd818ffce098.png\" alt=\"FLORIAN OOD\" \/><\/p>\n<p>Korai hibrid n\u0151st\u00e9ny dominanci\u00e1val, nagyon j\u00f3 alkalmazkod\u00f3k\u00e9pess\u00e9ggel, valamint ipari termel\u00e9sre, valamint kert\u00e9szetre is Finom megjelen\u00e9s\u0171, s\u00f6t\u00e9tz\u00f6ld sz\u00edn\u0171, kiv\u00e1l\u00f3 \u00e1llag\u00fa, keser\u0171 \u00edz n\u00e9lk\u00fcli z\u00f6lds\u00e9g. Nagyon magas stabilit\u00e1s\u00e1nak \u00e9s regener\u00e1ci\u00f3s k\u00e9pess\u00e9g\u00e9nek k\u00f6sz\u00f6nhet\u0151en hossz\u00fa id\u0151n kereszt\u00fcl min\u0151s\u00e9gi betakar\u00edt\u00e1st biztos\u00edt. Ellen\u00e1ll a kubai pen\u00e9sznek, mozaikv\u00edrusnak, lisztharmatnak.<\/p>\n<p>Vet\u00e9s: m\u00e1jus elej\u00e9t\u0151l m\u00e1jus k\u00f6zep\u00e9ig.<\/p>\n<p>M\u0171szaki adatok:<\/p>\n<p>M\u00e9lys\u00e9ge 1,5-3 cm<br \/>\nM\u00e1jus 15-t\u0151l vet\u00e9s<br \/>\nVet\u0151mennyis\u00e9g 0,150 Kg\/hekt\u00e1r<br \/>\nA vet\u0151magb\u00f3l t\u00f6rt\u00e9n\u0151 termel\u00e9s t\u00edpusai<br \/>\n\u00c1ltal\u00e1noss\u00e1gok:<\/p>\n<p>35-45 magot tartalmaz grammonk\u00e9nt<br \/>\nS\u00falya 1,5 gramm<br \/>\nM\u00e1jus \u00fcltet\u00e9s<br \/>\nSz\u00fcret j\u00fanius-j\u00falius<br \/>\nVeget\u00e1ci\u00f3ja 45-50 nap<\/p>\n<p>A csomag 1,5 grammot tartalmaz<\/p>\n","protected":false},"featured_media":23692,"comment_status":"closed","ping_status":"closed","template":"","meta":[],"product_brand":[],"product_cat":[383],"product_tag":[],"class_list":{"0":"post-23691","1":"product","2":"type-product","3":"status-publish","4":"has-post-thumbnail","6":"product_cat-uborka-es-padlizsan-vetomagok","8":"first","9":"instock","10":"taxable","11":"shipping-taxable","12":"purchasable","13":"product-type-simple"},"_links":{"self":[{"href":"https:\/\/chilimag.hu\/webshop\/wp-json\/wp\/v2\/product\/23691","targetHints":{"allow":["GET"]}}],"collection":[{"href":"https:\/\/chilimag.hu\/webshop\/wp-json\/wp\/v2\/product"}],"about":[{"href":"https:\/\/chilimag.hu\/webshop\/wp-json\/wp\/v2\/types\/product"}],"replies":[{"embeddable":true,"href":"https:\/\/chilimag.hu\/webshop\/wp-json\/wp\/v2\/comments?post=23691"}],"wp:featuredmedia":[{"embeddable":true,"href":"https:\/\/chilimag.hu\/webshop\/wp-json\/wp\/v2\/media\/23692"}],"wp:attachment":[{"href":"https:\/\/chilimag.hu\/webshop\/wp-json\/wp\/v2\/media?parent=23691"}],"wp:term":[{"taxonomy":"product_brand","embeddable":true,"href":"https:\/\/chilimag.hu\/webshop\/wp-json\/wp\/v2\/product_brand?post=23691"},{"taxonomy":"product_cat","embeddable":true,"href":"https:\/\/chilimag.hu\/webshop\/wp-json\/wp\/v2\/product_cat?post=23691"},{"taxonomy":"product_tag","embeddable":true,"href":"https:\/\/chilimag.hu\/webshop\/wp-json\/wp\/v2\/product_tag?post=23691"}],"curies":[{"name":"wp","href":"https:\/\/api.w.org\/{rel}","templated":true}]}}