{"id":23685,"date":"2023-04-03T18:20:49","date_gmt":"2023-04-03T18:20:49","guid":{"rendered":"https:\/\/chilimag.hu\/webshop\/?post_type=product&#038;p=23685"},"modified":"2026-02-25T10:09:38","modified_gmt":"2026-02-25T10:09:38","slug":"uborka-regina-florian-bg","status":"publish","type":"product","link":"https:\/\/chilimag.hu\/webshop\/termek\/uborka-regina-florian-bg\/","title":{"rendered":"Uborka Regina Florian Bg"},"content":{"rendered":"","protected":false},"excerpt":{"rendered":"<p><img decoding=\"async\" class=\"img-inline\" src=\"https:\/\/brcci.eu\/cache\/thumbnails\/12ecd0e6e419f1b9b1484ef02ad361979dd8e054\/1a6c5e1406ad462ca86d17b2800862d7f837862c-829875ad0a268b741b7edd818ffce098.png\" alt=\"FLORIAN OOD\" \/><\/p>\n<p>Nagyon term\u0151 korai hibrid REGINA F1 uborka, Florian<\/p>\n<p>Nagyon term\u0151 korai hibrid, nagyon alkalmas konzerv\u00e1l\u00e1sra A n\u00f6v\u00e9nyek energikusak, t\u00falnyom\u00f3r\u00e9szt n\u0151i vir\u00e1gokkal, term\u00e9se z\u00f6ld, f\u00e9nyes, s\u00f6t\u00e9tz\u00f6ld h\u00fcvelyekkel bor\u00edtott. A fajta ellen\u00e1ll a magas h\u0151m\u00e9rs\u00e9kletnek \u00e9s a sz\u00e1razs\u00e1gnak, nagyon ellen\u00e1ll a lisztharmatnak, hull\u00e1snak \u00e9s a v\u00edrus uborka mozaik.Antracn\u00f3zist\u0171r\u0151 Veget\u00e1ci\u00f3s peri\u00f3dus 75-80 nap.<\/p>\n<p>Vet\u00e9sid\u0151: korai termeszt\u00e9sn\u00e9l \u00e1prilis 15-m\u00e1jus 10., k\u00e9s\u0151i term\u00e9sn\u00e9l j\u00fanius 20-j\u00falius 5.<\/p>\n<p>A csomag 1 grammot tartalmaz<\/p>\n","protected":false},"featured_media":25183,"comment_status":"closed","ping_status":"closed","template":"","meta":[],"product_brand":[],"product_cat":[383],"product_tag":[],"class_list":{"0":"post-23685","1":"product","2":"type-product","3":"status-publish","4":"has-post-thumbnail","6":"product_cat-uborka-es-padlizsan-vetomagok","8":"first","9":"instock","10":"taxable","11":"shipping-taxable","12":"purchasable","13":"product-type-simple"},"_links":{"self":[{"href":"https:\/\/chilimag.hu\/webshop\/wp-json\/wp\/v2\/product\/23685","targetHints":{"allow":["GET"]}}],"collection":[{"href":"https:\/\/chilimag.hu\/webshop\/wp-json\/wp\/v2\/product"}],"about":[{"href":"https:\/\/chilimag.hu\/webshop\/wp-json\/wp\/v2\/types\/product"}],"replies":[{"embeddable":true,"href":"https:\/\/chilimag.hu\/webshop\/wp-json\/wp\/v2\/comments?post=23685"}],"wp:featuredmedia":[{"embeddable":true,"href":"https:\/\/chilimag.hu\/webshop\/wp-json\/wp\/v2\/media\/25183"}],"wp:attachment":[{"href":"https:\/\/chilimag.hu\/webshop\/wp-json\/wp\/v2\/media?parent=23685"}],"wp:term":[{"taxonomy":"product_brand","embeddable":true,"href":"https:\/\/chilimag.hu\/webshop\/wp-json\/wp\/v2\/product_brand?post=23685"},{"taxonomy":"product_cat","embeddable":true,"href":"https:\/\/chilimag.hu\/webshop\/wp-json\/wp\/v2\/product_cat?post=23685"},{"taxonomy":"product_tag","embeddable":true,"href":"https:\/\/chilimag.hu\/webshop\/wp-json\/wp\/v2\/product_tag?post=23685"}],"curies":[{"name":"wp","href":"https:\/\/api.w.org\/{rel}","templated":true}]}}