{"id":23681,"date":"2023-04-03T18:12:03","date_gmt":"2023-04-03T18:12:03","guid":{"rendered":"https:\/\/chilimag.hu\/webshop\/?post_type=product&#038;p=23681"},"modified":"2026-04-22T14:01:29","modified_gmt":"2026-04-22T14:01:29","slug":"uborka-tasty-king-f1-florian-bg","status":"publish","type":"product","link":"https:\/\/chilimag.hu\/webshop\/termek\/uborka-tasty-king-f1-florian-bg\/","title":{"rendered":"Uborka Tasty King F1 Profy Line Florian Bg"},"content":{"rendered":"","protected":false},"excerpt":{"rendered":"<p><img decoding=\"async\" class=\"img-inline\" src=\"https:\/\/brcci.eu\/cache\/thumbnails\/12ecd0e6e419f1b9b1484ef02ad361979dd8e054\/1a6c5e1406ad462ca86d17b2800862d7f837862c-829875ad0a268b741b7edd818ffce098.png\" alt=\"FLORIAN OOD\" \/><\/p>\n<p>Tasty King F1 (Cucumis sativum l.) \u2013 rendk\u00edv\u00fcl korai uborkahibrid, er\u0151teljes n\u00f6v\u00e9ny, kiv\u00e1l\u00f3 min\u0151s\u00e9g\u0171 gy\u00fcm\u00f6lcs\u00f6t terem, s\u00f6t\u00e9tz\u00f6ld, sima h\u00e9j\u00fa, kis feh\u00e9r t\u00f6visekkel. Nagyon term\u00e9keny Az ide\u00e1lis betakar\u00edt\u00e1si id\u0151, amikor a term\u00e9sek el\u00e9rik a 28-32 cm-es hossz\u00fas\u00e1got. \u00e9s \u00e1tm\u00e9r\u0151je 3 cm. Liszttel szembeni ellen\u00e1ll\u00e1s, \u00dcvegh\u00e1zakban, szol\u00e1riumokban \u00e9s szabadf\u00f6ldeken t\u00f6rt\u00e9n\u0151 termeszt\u00e9shez.<\/p>\n<p>A csomag 20 szem magot tartalmaz<\/p>\n","protected":false},"featured_media":25185,"comment_status":"closed","ping_status":"closed","template":"","meta":[],"product_brand":[],"product_cat":[383],"product_tag":[],"class_list":{"0":"post-23681","1":"product","2":"type-product","3":"status-publish","4":"has-post-thumbnail","6":"product_cat-uborka-es-padlizsan-vetomagok","8":"first","9":"instock","10":"taxable","11":"shipping-taxable","12":"purchasable","13":"product-type-simple"},"_links":{"self":[{"href":"https:\/\/chilimag.hu\/webshop\/wp-json\/wp\/v2\/product\/23681","targetHints":{"allow":["GET"]}}],"collection":[{"href":"https:\/\/chilimag.hu\/webshop\/wp-json\/wp\/v2\/product"}],"about":[{"href":"https:\/\/chilimag.hu\/webshop\/wp-json\/wp\/v2\/types\/product"}],"replies":[{"embeddable":true,"href":"https:\/\/chilimag.hu\/webshop\/wp-json\/wp\/v2\/comments?post=23681"}],"wp:featuredmedia":[{"embeddable":true,"href":"https:\/\/chilimag.hu\/webshop\/wp-json\/wp\/v2\/media\/25185"}],"wp:attachment":[{"href":"https:\/\/chilimag.hu\/webshop\/wp-json\/wp\/v2\/media?parent=23681"}],"wp:term":[{"taxonomy":"product_brand","embeddable":true,"href":"https:\/\/chilimag.hu\/webshop\/wp-json\/wp\/v2\/product_brand?post=23681"},{"taxonomy":"product_cat","embeddable":true,"href":"https:\/\/chilimag.hu\/webshop\/wp-json\/wp\/v2\/product_cat?post=23681"},{"taxonomy":"product_tag","embeddable":true,"href":"https:\/\/chilimag.hu\/webshop\/wp-json\/wp\/v2\/product_tag?post=23681"}],"curies":[{"name":"wp","href":"https:\/\/api.w.org\/{rel}","templated":true}]}}