{"id":23640,"date":"2023-04-02T19:38:03","date_gmt":"2023-04-02T19:38:03","guid":{"rendered":"https:\/\/chilimag.hu\/webshop\/?post_type=product&#038;p=23640"},"modified":"2026-01-01T14:19:55","modified_gmt":"2026-01-01T14:19:55","slug":"uborka-samanta-f1-profy-gold-florian-bg","status":"publish","type":"product","link":"https:\/\/chilimag.hu\/webshop\/termek\/uborka-samanta-f1-profy-gold-florian-bg\/","title":{"rendered":"Uborka Samanta F1 Profy Gold Florian Bg"},"content":{"rendered":"","protected":false},"excerpt":{"rendered":"<p><img decoding=\"async\" class=\"img-inline\" src=\"https:\/\/brcci.eu\/cache\/thumbnails\/12ecd0e6e419f1b9b1484ef02ad361979dd8e054\/1a6c5e1406ad462ca86d17b2800862d7f837862c-829875ad0a268b741b7edd818ffce098.png\" alt=\"FLORIAN OOD\" \/><\/p>\n<p>Uborka magok Samanta F1<\/p>\n<p>Korai pratenokarpikus uborka hibrid n\u0151i vir\u00e1gokkal. K\u00e9pl\u00e9keny \u00e9s k\u00f6nnyen termeszthet\u0151 hibrid, eg\u00e9sz \u00e9vben termeszthet\u0151 \u00fcveges polietil\u00e9n vagy f\u00e9m \u00fcvegh\u00e1zakban. A n\u00f6v\u00e9nyek k\u00f6zepes er\u0151ss\u00e9g\u0171ek, gyors n\u00f6veked\u00e9ssel \u00e9s korai term\u0151k\u00e9pess\u00e9ggel rendelkeznek. Gy\u00fcm\u00f6lcsei egyenesek, hengeresen megny\u00faltak, r\u00f6vid nyak\u00faak, s\u00f6t\u00e9tz\u00f6ldek, enyh\u00e9n bord\u00e1zottak, 30-34 cm hossz\u00faak, 300-350 g t\u00f6meg\u0171ek A fajta nagy term\u0151k\u00e9pess\u00e9g\u0171, nagyon j\u00f3 kereskedelmi megjelen\u00e9s\u0171, hossz\u00fa gy\u00fcm\u00f6lcstart\u00f3ss\u00e1g \u00e9s kiv\u00e1l\u00f3 \u00edzmin\u0151s\u00e9g.<\/p>\n<p>&nbsp;<\/p>\n<p>Vet\u00e9si id\u0151szak: kora \u2013 febru\u00e1r 10. \u2013 m\u00e1rcius 15., k\u00e9s\u0151 \u2013 m\u00e1jus 20. \u2013 j\u00falius 10.<\/p>\n<p>\u00dcltet\u00e9si id\u0151szak: \u00e1prilis 10 &#8211; m\u00e1jus 5; j\u00falius 15-augusztus 10<\/p>\n<p>N\u00f6v\u00e9nysz\u00e1m hekt\u00e1ronk\u00e9nt (1000m2): 1600-1800<\/p>\n<p>Vet\u00e9sm\u00e9lys\u00e9g: 1,5-2 cm<\/p>\n<p>A csomag 10 szem magot tartalmaz<\/p>\n","protected":false},"featured_media":23641,"comment_status":"closed","ping_status":"closed","template":"","meta":[],"product_brand":[],"product_cat":[383],"product_tag":[],"class_list":{"0":"post-23640","1":"product","2":"type-product","3":"status-publish","4":"has-post-thumbnail","6":"product_cat-uborka-es-padlizsan-vetomagok","8":"first","9":"instock","10":"taxable","11":"shipping-taxable","12":"purchasable","13":"product-type-simple"},"_links":{"self":[{"href":"https:\/\/chilimag.hu\/webshop\/wp-json\/wp\/v2\/product\/23640","targetHints":{"allow":["GET"]}}],"collection":[{"href":"https:\/\/chilimag.hu\/webshop\/wp-json\/wp\/v2\/product"}],"about":[{"href":"https:\/\/chilimag.hu\/webshop\/wp-json\/wp\/v2\/types\/product"}],"replies":[{"embeddable":true,"href":"https:\/\/chilimag.hu\/webshop\/wp-json\/wp\/v2\/comments?post=23640"}],"wp:featuredmedia":[{"embeddable":true,"href":"https:\/\/chilimag.hu\/webshop\/wp-json\/wp\/v2\/media\/23641"}],"wp:attachment":[{"href":"https:\/\/chilimag.hu\/webshop\/wp-json\/wp\/v2\/media?parent=23640"}],"wp:term":[{"taxonomy":"product_brand","embeddable":true,"href":"https:\/\/chilimag.hu\/webshop\/wp-json\/wp\/v2\/product_brand?post=23640"},{"taxonomy":"product_cat","embeddable":true,"href":"https:\/\/chilimag.hu\/webshop\/wp-json\/wp\/v2\/product_cat?post=23640"},{"taxonomy":"product_tag","embeddable":true,"href":"https:\/\/chilimag.hu\/webshop\/wp-json\/wp\/v2\/product_tag?post=23640"}],"curies":[{"name":"wp","href":"https:\/\/api.w.org\/{rel}","templated":true}]}}