{"id":23636,"date":"2023-04-02T19:32:50","date_gmt":"2023-04-02T19:32:50","guid":{"rendered":"https:\/\/chilimag.hu\/webshop\/?post_type=product&#038;p=23636"},"modified":"2026-05-07T10:17:15","modified_gmt":"2026-05-07T10:17:15","slug":"uborka-tangra-f1-profy-gold-florian-bg","status":"publish","type":"product","link":"https:\/\/chilimag.hu\/webshop\/termek\/uborka-tangra-f1-profy-gold-florian-bg\/","title":{"rendered":"Uborka Tangra F1 Profy Gold Florian Bg"},"content":{"rendered":"","protected":false},"excerpt":{"rendered":"<p><img decoding=\"async\" class=\"img-inline\" src=\"https:\/\/brcci.eu\/cache\/thumbnails\/12ecd0e6e419f1b9b1484ef02ad361979dd8e054\/1a6c5e1406ad462ca86d17b2800862d7f837862c-829875ad0a268b741b7edd818ffce098.png\" alt=\"FLORIAN OOD\" \/><\/p>\n<p>Tangra F1 Uborka magvak<\/p>\n<p>&nbsp;<\/p>\n<p>Korai partenokarpikus uborka hibrid, t\u00e9len, tavasszal \u00e9s ny\u00e1ron \u00fcvegh\u00e1zban termeszthet\u0151. A n\u00f6v\u00e9nyek gyors gy\u00fcm\u00f6lcsn\u00f6veked\u00e9st \u00e9s koncentr\u00e1lt term\u0151k\u00e9pess\u00e9get biztos\u00edtanak. A fajta k\u00f6zepesen er\u0151teljes, s\u00f6t\u00e9tz\u00f6ld levelekkel \u00e9s k\u00f6zepes intern\u00f3diumokkal. Gy\u00fcm\u00f6lcsei s\u00f6t\u00e9tz\u00f6ldek, enyh\u00e9n bord\u00e1zottak, r\u00f6vid nyak\u00faak, 27-32 cm hossz\u00faak, 300-320 g \u00e1tlagos t\u00f6meg\u0171ek A friss fogyaszt\u00e1sra sz\u00e1nt term\u00e9st kellemes \u00edz \u00e9s illat jellemzi, ill. finom konzisztencia .<\/p>\n<p>Vet\u00e9sid\u0151: kora \u2013 febru\u00e1r 10. \u2013 m\u00e1rcius 15., k\u00e9s\u0151 \u2013 m\u00e1jus 20. \u2013 j\u00falius 10.<\/p>\n<p>\u00dcltet\u00e9si id\u0151szak: \u00e1prilis 10. \u2013 m\u00e1jus 5.; j\u00falius 15- augusztus 10<\/p>\n<p>N\u00f6v\u00e9nysz\u00e1m hekt\u00e1ronk\u00e9nt (1000m2): 1600-1800<\/p>\n<p>Vet\u00e9sm\u00e9lys\u00e9g: 1,5-2 cm<\/p>\n<p>A csomag 10 szem magot tartalmaz<\/p>\n","protected":false},"featured_media":23637,"comment_status":"closed","ping_status":"closed","template":"","meta":[],"product_brand":[],"product_cat":[383],"product_tag":[],"class_list":{"0":"post-23636","1":"product","2":"type-product","3":"status-publish","4":"has-post-thumbnail","6":"product_cat-uborka-es-padlizsan-vetomagok","8":"first","9":"instock","10":"taxable","11":"shipping-taxable","12":"purchasable","13":"product-type-simple"},"_links":{"self":[{"href":"https:\/\/chilimag.hu\/webshop\/wp-json\/wp\/v2\/product\/23636","targetHints":{"allow":["GET"]}}],"collection":[{"href":"https:\/\/chilimag.hu\/webshop\/wp-json\/wp\/v2\/product"}],"about":[{"href":"https:\/\/chilimag.hu\/webshop\/wp-json\/wp\/v2\/types\/product"}],"replies":[{"embeddable":true,"href":"https:\/\/chilimag.hu\/webshop\/wp-json\/wp\/v2\/comments?post=23636"}],"wp:featuredmedia":[{"embeddable":true,"href":"https:\/\/chilimag.hu\/webshop\/wp-json\/wp\/v2\/media\/23637"}],"wp:attachment":[{"href":"https:\/\/chilimag.hu\/webshop\/wp-json\/wp\/v2\/media?parent=23636"}],"wp:term":[{"taxonomy":"product_brand","embeddable":true,"href":"https:\/\/chilimag.hu\/webshop\/wp-json\/wp\/v2\/product_brand?post=23636"},{"taxonomy":"product_cat","embeddable":true,"href":"https:\/\/chilimag.hu\/webshop\/wp-json\/wp\/v2\/product_cat?post=23636"},{"taxonomy":"product_tag","embeddable":true,"href":"https:\/\/chilimag.hu\/webshop\/wp-json\/wp\/v2\/product_tag?post=23636"}],"curies":[{"name":"wp","href":"https:\/\/api.w.org\/{rel}","templated":true}]}}