{"id":23628,"date":"2023-04-02T18:56:44","date_gmt":"2023-04-02T18:56:44","guid":{"rendered":"https:\/\/chilimag.hu\/webshop\/?post_type=product&#038;p=23628"},"modified":"2026-03-27T17:22:46","modified_gmt":"2026-03-27T17:22:46","slug":"gorogdinnye-pata-negra-f1-profy-1-florian-bg","status":"publish","type":"product","link":"https:\/\/chilimag.hu\/webshop\/termek\/gorogdinnye-pata-negra-f1-profy-1-florian-bg\/","title":{"rendered":"G\u00f6r\u00f6gdinnye Pata Negra F1 Profy Line  Florian Bg"},"content":{"rendered":"","protected":false},"excerpt":{"rendered":"<p><img decoding=\"async\" class=\"img-inline\" src=\"https:\/\/brcci.eu\/cache\/thumbnails\/12ecd0e6e419f1b9b1484ef02ad361979dd8e054\/1a6c5e1406ad462ca86d17b2800862d7f837862c-829875ad0a268b741b7edd818ffce098.png\" alt=\"FLORIAN OOD\" \/><\/p>\n<p>&nbsp;<\/p>\n<p>Piros dinnye PATA NEGRA F1 &#8211; Dinnyemag Pata Negra<\/p>\n<p>Kiszerel\u00e9s: 20 db mag<\/p>\n<p>Extra korai fajta, k\u00f6r\u00fclbel\u00fcl 75 nappal az \u00e1t\u00fcltet\u00e9s ut\u00e1n.<\/p>\n<p>Er\u0151teljes n\u00f6v\u00e9nyek, amelyek j\u00f3 v\u00e9delmet ny\u00fajtanak a nap ellen.<\/p>\n<p>A Pata Negra F1 egy hibrid, amelynek gy\u00fcm\u00f6lcse g\u00f6mb alak\u00fa, sima fel\u00fclet\u0171, nagyon s\u00f6t\u00e9tz\u00f6ld.<\/p>\n<p>A gy\u00fcm\u00f6lcs\u00f6k m\u00e9rete k\u00f6r\u00fclbel\u00fcl 28&#215;30 cm.<\/p>\n<p>\u00c1tlagos s\u00falya 6-8 kg. A p\u00e9p intenz\u00edv v\u00f6r\u00f6s, ropog\u00f3s \u00e9s nagyon \u00e9des, a magok kev\u00e9sek \u00e9s kicsik.<\/p>\n<p>Sz\u00e1ll\u00edt\u00e1s\u00e1ll\u00f3 hibrid kiv\u00e1l\u00f3 termel\u00e9si potenci\u00e1llal.<\/p>\n<p>Fusarium hervad\u00e1snak ellen\u00e1ll\u00f3; Fusarium oxysporum, I. faj. Korai alagutakban \u00e9s sz\u00e1nt\u00f3f\u00f6ldi termeszt\u00e9sre aj\u00e1nlott.<\/p>\n<p>Extra korai fajta, k\u00f6r\u00fclbel\u00fcl 75 nappal az \u00e1t\u00fcltet\u00e9s ut\u00e1n;<\/p>\n<p>\u00c1tlagos s\u00falya 6-8 kg.<\/p>\n<p>A csomag 20 szem magot tartalmaz<\/p>\n","protected":false},"featured_media":23629,"comment_status":"closed","ping_status":"closed","template":"","meta":[],"product_brand":[],"product_cat":[373],"product_tag":[],"class_list":{"0":"post-23628","1":"product","2":"type-product","3":"status-publish","4":"has-post-thumbnail","6":"product_cat-dinnye-es-tok-vetomagok-bolgar-florian-vetomagok","8":"first","9":"instock","10":"taxable","11":"shipping-taxable","12":"purchasable","13":"product-type-simple"},"_links":{"self":[{"href":"https:\/\/chilimag.hu\/webshop\/wp-json\/wp\/v2\/product\/23628","targetHints":{"allow":["GET"]}}],"collection":[{"href":"https:\/\/chilimag.hu\/webshop\/wp-json\/wp\/v2\/product"}],"about":[{"href":"https:\/\/chilimag.hu\/webshop\/wp-json\/wp\/v2\/types\/product"}],"replies":[{"embeddable":true,"href":"https:\/\/chilimag.hu\/webshop\/wp-json\/wp\/v2\/comments?post=23628"}],"wp:featuredmedia":[{"embeddable":true,"href":"https:\/\/chilimag.hu\/webshop\/wp-json\/wp\/v2\/media\/23629"}],"wp:attachment":[{"href":"https:\/\/chilimag.hu\/webshop\/wp-json\/wp\/v2\/media?parent=23628"}],"wp:term":[{"taxonomy":"product_brand","embeddable":true,"href":"https:\/\/chilimag.hu\/webshop\/wp-json\/wp\/v2\/product_brand?post=23628"},{"taxonomy":"product_cat","embeddable":true,"href":"https:\/\/chilimag.hu\/webshop\/wp-json\/wp\/v2\/product_cat?post=23628"},{"taxonomy":"product_tag","embeddable":true,"href":"https:\/\/chilimag.hu\/webshop\/wp-json\/wp\/v2\/product_tag?post=23628"}],"curies":[{"name":"wp","href":"https:\/\/api.w.org\/{rel}","templated":true}]}}