{"id":23604,"date":"2023-04-01T19:09:59","date_gmt":"2023-04-01T19:09:59","guid":{"rendered":"https:\/\/chilimag.hu\/webshop\/?post_type=product&#038;p=23604"},"modified":"2026-03-30T06:15:31","modified_gmt":"2026-03-30T06:15:31","slug":"paradicsom-cherry-sweet-million-f1-profy-1-florian-bg","status":"publish","type":"product","link":"https:\/\/chilimag.hu\/webshop\/termek\/paradicsom-cherry-sweet-million-f1-profy-1-florian-bg\/","title":{"rendered":"Paradicsom Cherry Sweet Million F1 Profy Line Florian Bg"},"content":{"rendered":"","protected":false},"excerpt":{"rendered":"<p><img decoding=\"async\" class=\"img-inline\" src=\"https:\/\/brcci.eu\/cache\/thumbnails\/12ecd0e6e419f1b9b1484ef02ad361979dd8e054\/1a6c5e1406ad462ca86d17b2800862d7f837862c-829875ad0a268b741b7edd818ffce098.png\" alt=\"FLORIAN OOD\" \/><\/p>\n<p>Nagyon j\u00f3l ismert hibrid &#8211; cseresznye szabv\u00e1ny, alkalmas korai termeszt\u00e9sre \u00fcvegh\u00e1zban \u00e9s szabadf\u00f6ld\u00f6n. Nagyon term\u0151 fajta &#8211; kett\u0151s \u00e9s h\u00e1rmas k\u00f6tegeket alkot, mindegyikben 20-30 gy\u00fcm\u00f6lccsel, kiv\u00e1l\u00f3 megk\u00f6t\u0151 k\u00e9pess\u00e9ggel 15-20 grammos, rendk\u00edv\u00fcl \u00e9des gy\u00fcm\u00f6lcs\u00f6kkel. Sz\u00e1ll\u00edt\u00e1snak \u00e9s t\u00e1rol\u00e1snak ellen\u00e1ll\u00f3. Doh\u00e1nymozaikkal szemben ellen\u00e1ll\u00f3.<\/p>\n<p>Vet\u00e9si id\u0151szak &#8211; janu\u00e1r 25 &#8211; m\u00e1rcius 10<\/p>\n<p>A csomag 20 szem magot tartalmaz<\/p>\n","protected":false},"featured_media":23605,"comment_status":"closed","ping_status":"closed","template":"","meta":[],"product_brand":[],"product_cat":[381],"product_tag":[],"class_list":{"0":"post-23604","1":"product","2":"type-product","3":"status-publish","4":"has-post-thumbnail","6":"product_cat-paradicsom-vetomagok-bolgar-florian-vetomagok","8":"first","9":"instock","10":"taxable","11":"shipping-taxable","12":"purchasable","13":"product-type-simple"},"_links":{"self":[{"href":"https:\/\/chilimag.hu\/webshop\/wp-json\/wp\/v2\/product\/23604","targetHints":{"allow":["GET"]}}],"collection":[{"href":"https:\/\/chilimag.hu\/webshop\/wp-json\/wp\/v2\/product"}],"about":[{"href":"https:\/\/chilimag.hu\/webshop\/wp-json\/wp\/v2\/types\/product"}],"replies":[{"embeddable":true,"href":"https:\/\/chilimag.hu\/webshop\/wp-json\/wp\/v2\/comments?post=23604"}],"wp:featuredmedia":[{"embeddable":true,"href":"https:\/\/chilimag.hu\/webshop\/wp-json\/wp\/v2\/media\/23605"}],"wp:attachment":[{"href":"https:\/\/chilimag.hu\/webshop\/wp-json\/wp\/v2\/media?parent=23604"}],"wp:term":[{"taxonomy":"product_brand","embeddable":true,"href":"https:\/\/chilimag.hu\/webshop\/wp-json\/wp\/v2\/product_brand?post=23604"},{"taxonomy":"product_cat","embeddable":true,"href":"https:\/\/chilimag.hu\/webshop\/wp-json\/wp\/v2\/product_cat?post=23604"},{"taxonomy":"product_tag","embeddable":true,"href":"https:\/\/chilimag.hu\/webshop\/wp-json\/wp\/v2\/product_tag?post=23604"}],"curies":[{"name":"wp","href":"https:\/\/api.w.org\/{rel}","templated":true}]}}