{"id":23601,"date":"2023-04-01T19:06:13","date_gmt":"2023-04-01T19:06:13","guid":{"rendered":"https:\/\/chilimag.hu\/webshop\/?post_type=product&#038;p=23601"},"modified":"2026-02-12T00:04:40","modified_gmt":"2026-02-12T00:04:40","slug":"paradicsom-florida-f1-profy-1-florian-bg","status":"publish","type":"product","link":"https:\/\/chilimag.hu\/webshop\/termek\/paradicsom-florida-f1-profy-1-florian-bg\/","title":{"rendered":"Paradicsom Florida F1 Profy 1 Florian Bg"},"content":{"rendered":"","protected":false},"excerpt":{"rendered":"<p><img decoding=\"async\" class=\"img-inline\" src=\"https:\/\/brcci.eu\/cache\/thumbnails\/12ecd0e6e419f1b9b1484ef02ad361979dd8e054\/1a6c5e1406ad462ca86d17b2800862d7f837862c-829875ad0a268b741b7edd818ffce098.png\" alt=\"FLORIAN OOD\" \/><\/p>\n<p>Le\u00edr\u00e1s<\/p>\n<p>Meghat\u00e1rozott k\u00f6z\u00e9pkorai hibrid (r\u00f6vid sz\u00e1rral), friss fogyaszt\u00e1sra sz\u00e1nt. Alkalmas alagutakban \u00e9s szabadban is termeszteni. Gy\u00fcm\u00f6lcsei nagyok, \u00e1tlagosan 230-250 gramm t\u00f6meg\u0171ek, j\u00f3 alak\u00faak, kerekek, simaak, nagyon j\u00f3 \u00edz\u0171ek. A Florida egy m\u0171anyag hibrid, amely z\u00f6lden szedve belt\u00e9rben is be\u00e9rik, ellen\u00e1ll az altern\u00e1ri\u00e1nak, a verticiliumnak, a fuz\u00e1riumnak \u00e9s a lev\u00e9lpen\u00e9sznek.<\/p>\n<p>Vet\u00e9si id\u0151szak: janu\u00e1r 15-febru\u00e1r 25.<\/p>\n<p>\u00c1t\u00fcltet\u00e9s: m\u00e1rcius 25-\u00e1prilis 20., 80\/120-40\/50 cm t\u00e1vols\u00e1gra<\/p>\n<p>Vet\u0151mag mennyis\u00e9ge zs\u00e1konk\u00e9nt: 20 mag<\/p>\n<p>M\u0171szaki adatok:<\/p>\n<p>M\u00e9lys\u00e9ge 1-1,5 cm<br \/>\nVet\u00e9s janu\u00e1r 15-t\u0151l febru\u00e1r 25-ig<br \/>\nA magvakb\u00f3l, pal\u00e1nt\u00e1kb\u00f3l t\u00f6rt\u00e9n\u0151 el\u0151\u00e1ll\u00edt\u00e1s fajt\u00e1i<br \/>\n\u00c1ltal\u00e1noss\u00e1gok:<\/p>\n<p>20 db magot tartalmaz zs\u00e1konk\u00e9nt<br \/>\n\u00dcltet\u00e9s m\u00e1rcius 25-\u00e1prilis 20<br \/>\nSz\u00fcret \u00e1prilis-m\u00e1jus<br \/>\nVeget\u00e1ci\u00f3 85 nap<\/p>\n<p>A csomag 20 szem magot tartalmaz<\/p>\n","protected":false},"featured_media":23602,"comment_status":"closed","ping_status":"closed","template":"","meta":[],"product_brand":[],"product_cat":[381],"product_tag":[],"class_list":{"0":"post-23601","1":"product","2":"type-product","3":"status-publish","4":"has-post-thumbnail","6":"product_cat-paradicsom-vetomagok-bolgar-florian-vetomagok","8":"first","9":"instock","10":"taxable","11":"shipping-taxable","12":"purchasable","13":"product-type-simple"},"_links":{"self":[{"href":"https:\/\/chilimag.hu\/webshop\/wp-json\/wp\/v2\/product\/23601","targetHints":{"allow":["GET"]}}],"collection":[{"href":"https:\/\/chilimag.hu\/webshop\/wp-json\/wp\/v2\/product"}],"about":[{"href":"https:\/\/chilimag.hu\/webshop\/wp-json\/wp\/v2\/types\/product"}],"replies":[{"embeddable":true,"href":"https:\/\/chilimag.hu\/webshop\/wp-json\/wp\/v2\/comments?post=23601"}],"wp:featuredmedia":[{"embeddable":true,"href":"https:\/\/chilimag.hu\/webshop\/wp-json\/wp\/v2\/media\/23602"}],"wp:attachment":[{"href":"https:\/\/chilimag.hu\/webshop\/wp-json\/wp\/v2\/media?parent=23601"}],"wp:term":[{"taxonomy":"product_brand","embeddable":true,"href":"https:\/\/chilimag.hu\/webshop\/wp-json\/wp\/v2\/product_brand?post=23601"},{"taxonomy":"product_cat","embeddable":true,"href":"https:\/\/chilimag.hu\/webshop\/wp-json\/wp\/v2\/product_cat?post=23601"},{"taxonomy":"product_tag","embeddable":true,"href":"https:\/\/chilimag.hu\/webshop\/wp-json\/wp\/v2\/product_tag?post=23601"}],"curies":[{"name":"wp","href":"https:\/\/api.w.org\/{rel}","templated":true}]}}