{"id":23595,"date":"2023-04-01T18:54:38","date_gmt":"2023-04-01T18:54:38","guid":{"rendered":"https:\/\/chilimag.hu\/webshop\/?post_type=product&#038;p=23595"},"modified":"2025-10-26T17:00:23","modified_gmt":"2025-10-26T17:00:23","slug":"paradicsom-amati-f1-profy-1-florian-bg","status":"publish","type":"product","link":"https:\/\/chilimag.hu\/webshop\/termek\/paradicsom-amati-f1-profy-1-florian-bg\/","title":{"rendered":"Paradicsom Amati F1 Profy Line Florian Bg"},"content":{"rendered":"","protected":false},"excerpt":{"rendered":"<p><img decoding=\"async\" class=\"img-inline\" src=\"https:\/\/brcci.eu\/cache\/thumbnails\/12ecd0e6e419f1b9b1484ef02ad361979dd8e054\/1a6c5e1406ad462ca86d17b2800862d7f837862c-829875ad0a268b741b7edd818ffce098.png\" alt=\"FLORIAN OOD\" \/><\/p>\n<p>Amati F1 piros magok hat\u00e1rozatlan n\u00f6veked\u00e9s\u0171, korai, Seminis<\/p>\n<p>Kiszerel\u00e9s: 15 db mag<\/p>\n<p>Korai hat\u00e1rozatlan hibrid (magas sz\u00e1rral) \u00fcvegh\u00e1zi \u00e9s szabadf\u00f6ldi termeszt\u00e9sre alkalmas. Gy\u00fcm\u00f6lcsei k\u00f6zepes m\u00e9ret\u0171ek, 180-220 gramm t\u00f6meg\u0171ek, kerekek, pirosak, kellemes \u00edz\u0171ek. A n\u00f6v\u00e9ny ny\u00edlt \u00e9l\u0151hellyel rendelkezik, hossz\u00fa betakar\u00edt\u00e1si lehet\u0151s\u00e9ggel. Ellen\u00e1ll a doh\u00e1nymozaikv\u00edrusnak, a ferticiliumnak, a fuz\u00e1riumnak \u00e9s a lev\u00e9lpen\u00e9sznek.<\/p>\n<p>Vet\u00e9si id\u0151szak: janu\u00e1r 15-febru\u00e1r 25.<\/p>\n<p>Vet\u00e9sid\u0151: m\u00e1rcius 25-\u00e1prilis 20., 80\/120-40\/50 cm t\u00e1vols\u00e1gra.<\/p>\n<p>M\u0171szaki adatok:<\/p>\n<p>M\u00e9lys\u00e9ge 1-1,5 cm<br \/>\nVet\u00e9s janu\u00e1r 15-t\u0151l febru\u00e1r 25-ig<br \/>\nA magvakb\u00f3l, pal\u00e1nt\u00e1kb\u00f3l t\u00f6rt\u00e9n\u0151 el\u0151\u00e1ll\u00edt\u00e1s fajt\u00e1i<br \/>\n\u00c1ltal\u00e1noss\u00e1gok:<\/p>\n<p>15 db magot tartalmaz zs\u00e1konk\u00e9nt<br \/>\n\u00dcltet\u00e9s m\u00e1rcius 25-\u00e1prilis 20<br \/>\nSz\u00fcret m\u00e1jus-j\u00fanius<br \/>\nVeget\u00e1ci\u00f3 110 nap<\/p>\n<p>A csomag 15 szem magot tartalmaz<\/p>\n","protected":false},"featured_media":23596,"comment_status":"closed","ping_status":"closed","template":"","meta":[],"product_brand":[],"product_cat":[381],"product_tag":[],"class_list":{"0":"post-23595","1":"product","2":"type-product","3":"status-publish","4":"has-post-thumbnail","6":"product_cat-paradicsom-vetomagok-bolgar-florian-vetomagok","8":"first","9":"instock","10":"taxable","11":"shipping-taxable","12":"purchasable","13":"product-type-simple"},"_links":{"self":[{"href":"https:\/\/chilimag.hu\/webshop\/wp-json\/wp\/v2\/product\/23595","targetHints":{"allow":["GET"]}}],"collection":[{"href":"https:\/\/chilimag.hu\/webshop\/wp-json\/wp\/v2\/product"}],"about":[{"href":"https:\/\/chilimag.hu\/webshop\/wp-json\/wp\/v2\/types\/product"}],"replies":[{"embeddable":true,"href":"https:\/\/chilimag.hu\/webshop\/wp-json\/wp\/v2\/comments?post=23595"}],"wp:featuredmedia":[{"embeddable":true,"href":"https:\/\/chilimag.hu\/webshop\/wp-json\/wp\/v2\/media\/23596"}],"wp:attachment":[{"href":"https:\/\/chilimag.hu\/webshop\/wp-json\/wp\/v2\/media?parent=23595"}],"wp:term":[{"taxonomy":"product_brand","embeddable":true,"href":"https:\/\/chilimag.hu\/webshop\/wp-json\/wp\/v2\/product_brand?post=23595"},{"taxonomy":"product_cat","embeddable":true,"href":"https:\/\/chilimag.hu\/webshop\/wp-json\/wp\/v2\/product_cat?post=23595"},{"taxonomy":"product_tag","embeddable":true,"href":"https:\/\/chilimag.hu\/webshop\/wp-json\/wp\/v2\/product_tag?post=23595"}],"curies":[{"name":"wp","href":"https:\/\/api.w.org\/{rel}","templated":true}]}}