{"id":23593,"date":"2023-04-01T18:48:43","date_gmt":"2023-04-01T18:48:43","guid":{"rendered":"https:\/\/chilimag.hu\/webshop\/?post_type=product&#038;p=23593"},"modified":"2026-02-11T12:30:18","modified_gmt":"2026-02-11T12:30:18","slug":"paradicsom-aphen-f1-profy-1-florian-bg","status":"publish","type":"product","link":"https:\/\/chilimag.hu\/webshop\/termek\/paradicsom-aphen-f1-profy-1-florian-bg\/","title":{"rendered":"Paradicsom Aphen F1 Profy Line  Florian Bg"},"content":{"rendered":"","protected":false},"excerpt":{"rendered":"<p><img decoding=\"async\" class=\"img-inline\" src=\"https:\/\/brcci.eu\/cache\/thumbnails\/12ecd0e6e419f1b9b1484ef02ad361979dd8e054\/1a6c5e1406ad462ca86d17b2800862d7f837862c-829875ad0a268b741b7edd818ffce098.png\" alt=\"FLORIAN OOD\" \/><\/p>\n<p>Aphen F1 paradicsom &#8211; 10 r\u00f3zsasz\u00edn paradicsommag Extra korai hat\u00e1rozatlan hibrid<br \/>\nAz Aphen F1 egy r\u00f3zsasz\u00edn paradicsom hibrid, hat\u00e1rozatlan, veget\u00e1ci\u00f3s peri\u00f3dusa 70 nap.<\/p>\n<p>Az Aphen F1 hibridet v\u00e9dett ter\u00fcleteken, de szabadf\u00f6ld\u00f6n is termesztik.<\/p>\n<p>A hibrid n\u00f6v\u00e9ny er\u0151teljes, \u00e9s 6-8 term\u0151f\u00e1zis\u00fa.<\/p>\n<p>Kiszerel\u00e9s: 10 db mag<\/p>\n<p>A paradicsom jellemz\u0151i Aphen F1<br \/>\nVeget\u00e1ci\u00f3s id\u0151szak: 70 nap;<br \/>\nT\u00edpus: meghat\u00e1rozatlan;<br \/>\n\u00c9retts\u00e9g: korai;<br \/>\nGy\u00fcm\u00f6lcs t\u00f6mege: 250-300 gr;<br \/>\nNem. gy\u00fcm\u00f6lcs\u00f6k\/f\u00fcrt\u00f6k: 4-5;<br \/>\nGy\u00fcm\u00f6lcs sz\u00edne: r\u00f3zsasz\u00edn;<br \/>\nCsomagol\u00e1s m\u00f3dja: 10 h\u00e9t\/bor\u00edt\u00e9k.<br \/>\nA hibrid term\u00e9se kerek, enyh\u00e9n lap\u00edtott, t\u00f6mege 250-300 gr.<br \/>\nGy\u00e1rt\u00f3i z\u00e1rad\u00e9k<br \/>\nEl\u00e9rhet\u0151s\u00e9g El\u00e9rhet\u0151<br \/>\nCsomagol\u00e1si m\u00f3d bor\u00edt\u00e9k 250 cm<br \/>\n\u00datic\u00e9l Kult\u00fara vid\u00e9ken \u00e9s v\u00e9dett ter\u00fcleteken<br \/>\nKorais\u00e1g Korai<br \/>\n\u00c1tlags\u00faly 250-300 gr<br \/>\nParadicsom t\u00edpus H\u00fasos gy\u00fcm\u00f6lcs (marhah\u00fas)<br \/>\nGy\u00fcm\u00f6lcs sz\u00edne R\u00f3zsasz\u00edn<br \/>\nSz\u00e1rmaz\u00e1si hely Hollandia, Olaszorsz\u00e1g, Franciaorsz\u00e1g<\/p>\n<p>A csomag 10 szem magot tartalmaz<\/p>\n","protected":false},"featured_media":23594,"comment_status":"closed","ping_status":"closed","template":"","meta":[],"product_brand":[],"product_cat":[381],"product_tag":[],"class_list":{"0":"post-23593","1":"product","2":"type-product","3":"status-publish","4":"has-post-thumbnail","6":"product_cat-paradicsom-vetomagok-bolgar-florian-vetomagok","8":"first","9":"instock","10":"taxable","11":"shipping-taxable","12":"purchasable","13":"product-type-simple"},"_links":{"self":[{"href":"https:\/\/chilimag.hu\/webshop\/wp-json\/wp\/v2\/product\/23593","targetHints":{"allow":["GET"]}}],"collection":[{"href":"https:\/\/chilimag.hu\/webshop\/wp-json\/wp\/v2\/product"}],"about":[{"href":"https:\/\/chilimag.hu\/webshop\/wp-json\/wp\/v2\/types\/product"}],"replies":[{"embeddable":true,"href":"https:\/\/chilimag.hu\/webshop\/wp-json\/wp\/v2\/comments?post=23593"}],"wp:featuredmedia":[{"embeddable":true,"href":"https:\/\/chilimag.hu\/webshop\/wp-json\/wp\/v2\/media\/23594"}],"wp:attachment":[{"href":"https:\/\/chilimag.hu\/webshop\/wp-json\/wp\/v2\/media?parent=23593"}],"wp:term":[{"taxonomy":"product_brand","embeddable":true,"href":"https:\/\/chilimag.hu\/webshop\/wp-json\/wp\/v2\/product_brand?post=23593"},{"taxonomy":"product_cat","embeddable":true,"href":"https:\/\/chilimag.hu\/webshop\/wp-json\/wp\/v2\/product_cat?post=23593"},{"taxonomy":"product_tag","embeddable":true,"href":"https:\/\/chilimag.hu\/webshop\/wp-json\/wp\/v2\/product_tag?post=23593"}],"curies":[{"name":"wp","href":"https:\/\/api.w.org\/{rel}","templated":true}]}}