{"id":23590,"date":"2023-04-01T18:43:13","date_gmt":"2023-04-01T18:43:13","guid":{"rendered":"https:\/\/chilimag.hu\/webshop\/?post_type=product&#038;p=23590"},"modified":"2025-08-13T11:31:22","modified_gmt":"2025-08-13T11:31:22","slug":"paradicsom-kiveli-f1-1-florian-bg","status":"publish","type":"product","link":"https:\/\/chilimag.hu\/webshop\/termek\/paradicsom-kiveli-f1-1-florian-bg\/","title":{"rendered":"Paradicsom Kiveli F1 Profy line Florian Bg"},"content":{"rendered":"","protected":false},"excerpt":{"rendered":"<p><img decoding=\"async\" class=\"img-inline\" src=\"https:\/\/brcci.eu\/cache\/thumbnails\/12ecd0e6e419f1b9b1484ef02ad361979dd8e054\/1a6c5e1406ad462ca86d17b2800862d7f837862c-829875ad0a268b741b7edd818ffce098.png\" alt=\"FLORIAN OOD\" \/><\/p>\n<p>Kiveli F1 &#8211; hat\u00e1rozatlan paradicsommag, 180-230gr, ellen\u00e1ll a fon\u00e1lf\u00e9rgeknek, betegs\u00e9geknek. A n\u00f6v\u00e9nyek er\u0151teljesek, \u00e9s a csom\u00f3pontok k\u00f6z\u00f6tt kis t\u00e1vols\u00e1g van. Betegs\u00e9gekkel szemben ellen\u00e1ll\u00f3 hibrid, bele\u00e9rtve a fon\u00e1lf\u00e9rgeket is. Gy\u00fcm\u00f6lcsei 180-230 g-osak, nagyon j\u00f3 szil\u00e1rds\u00e1got mutatnak, \u00e9retten \u00e9l\u00e9nkv\u00f6r\u00f6s a sz\u00edn\u00fck. A Kiveli F1 magas term\u0151k\u00e9pess\u00e9g\u0171, fokozottan toler\u00e1lja az alacsony h\u0151m\u00e9rs\u00e9kleti viszonyokat, \u00e9s j\u00f3l alkalmazkodik az \u0151szi-t\u00e9li vet\u00e9shez. Els\u0151sorban v\u00e9dett ter\u00fcleteken (napelemes h\u00e1zak \u00e9s \u00fcvegh\u00e1zak), de nagy term\u0151k\u00e9pess\u00e9ggel sz\u00e1nt\u00f3f\u00f6ldi, araki termeszt\u00e9sre is aj\u00e1nlott.<\/p>\n<p>A csomag 10 szem magot tartalmaz.<\/p>\n","protected":false},"featured_media":23591,"comment_status":"closed","ping_status":"closed","template":"","meta":[],"product_brand":[],"product_cat":[381],"product_tag":[],"class_list":{"0":"post-23590","1":"product","2":"type-product","3":"status-publish","4":"has-post-thumbnail","6":"product_cat-paradicsom-vetomagok-bolgar-florian-vetomagok","8":"first","9":"outofstock","10":"taxable","11":"shipping-taxable","12":"purchasable","13":"product-type-simple"},"_links":{"self":[{"href":"https:\/\/chilimag.hu\/webshop\/wp-json\/wp\/v2\/product\/23590","targetHints":{"allow":["GET"]}}],"collection":[{"href":"https:\/\/chilimag.hu\/webshop\/wp-json\/wp\/v2\/product"}],"about":[{"href":"https:\/\/chilimag.hu\/webshop\/wp-json\/wp\/v2\/types\/product"}],"replies":[{"embeddable":true,"href":"https:\/\/chilimag.hu\/webshop\/wp-json\/wp\/v2\/comments?post=23590"}],"wp:featuredmedia":[{"embeddable":true,"href":"https:\/\/chilimag.hu\/webshop\/wp-json\/wp\/v2\/media\/23591"}],"wp:attachment":[{"href":"https:\/\/chilimag.hu\/webshop\/wp-json\/wp\/v2\/media?parent=23590"}],"wp:term":[{"taxonomy":"product_brand","embeddable":true,"href":"https:\/\/chilimag.hu\/webshop\/wp-json\/wp\/v2\/product_brand?post=23590"},{"taxonomy":"product_cat","embeddable":true,"href":"https:\/\/chilimag.hu\/webshop\/wp-json\/wp\/v2\/product_cat?post=23590"},{"taxonomy":"product_tag","embeddable":true,"href":"https:\/\/chilimag.hu\/webshop\/wp-json\/wp\/v2\/product_tag?post=23590"}],"curies":[{"name":"wp","href":"https:\/\/api.w.org\/{rel}","templated":true}]}}