{"id":23579,"date":"2023-04-01T18:07:43","date_gmt":"2023-04-01T18:07:43","guid":{"rendered":"https:\/\/chilimag.hu\/webshop\/?post_type=product&#038;p=23579"},"modified":"2026-03-31T22:31:41","modified_gmt":"2026-03-31T22:31:41","slug":"paradicsom-nikolina-f1-2-florian-bg","status":"publish","type":"product","link":"https:\/\/chilimag.hu\/webshop\/termek\/paradicsom-nikolina-f1-2-florian-bg\/","title":{"rendered":"Paradicsom Nikolina F1  Profy Line 2 Florian Bg"},"content":{"rendered":"","protected":false},"excerpt":{"rendered":"<p><img decoding=\"async\" class=\"img-inline\" src=\"https:\/\/brcci.eu\/cache\/thumbnails\/12ecd0e6e419f1b9b1484ef02ad361979dd8e054\/1a6c5e1406ad462ca86d17b2800862d7f837862c-829875ad0a268b741b7edd818ffce098.png\" alt=\"FLORIAN OOD\" \/><\/p>\n<p>Le\u00edr\u00e1s<\/p>\n<p>Determin\u00e1lt hibrid \u00a0term\u0151, k\u00f6zepesen korai bolg\u00e1r paradicsom, kiv\u00e1l\u00f3 \u00edzzel. Alkalmas k\u00f6z\u00e9pkorai \u00e9s k\u00e9s\u0151i szabadt\u00e9ri gy\u00e1rt\u00e1sra. Gy\u00fcm\u00f6lcsei laposak, kerekek-g\u00f6mb\u00f6ly\u0171ek, kem\u00e9nyek, nem repedeznek, intenz\u00edv v\u00f6r\u00f6s sz\u00edn\u0171ek, t\u00f6meg\u00fck 230-250 gramm. Ellen\u00e1ll a doh\u00e1nymozaiknak, a verticili\u00e1nnak \u00e9s a fuz\u00e1riumos hervad\u00e1snak, j\u00f3l t\u0171ri az altern\u00e1ri\u00e1t. Friss fogyaszt\u00e1sra \u00e9s feldolgoz\u00e1sra alkalmas, szed\u00e9s ut\u00e1n t\u00e1rol\u00e1snak ellen\u00e1ll.<\/p>\n<p>Vet\u00e9s: janu\u00e1r 15-febru\u00e1r 25.<\/p>\n<p>\u00c1t\u00fcltet\u00e9s: m\u00e1rcius 25-\u00e1prilis 20. 80\/40 cm t\u00e1vols\u00e1gra.<\/p>\n<p>Vet\u00e9sm\u00e9lys\u00e9g 1-1,5<\/p>\n<p>M\u0171szaki adatok:<\/p>\n<p>M\u00e9lys\u00e9ge 1-1,5 cm<br \/>\nM\u00e1rcius 15-\u00e1prilis 15-ig, \u00e1prilis 15-m\u00e1jus 20-ig vetve<br \/>\nVet\u00e9smennyis\u00e9g 25-30 gramm\/hekt\u00e1r<br \/>\nA magvakb\u00f3l, pal\u00e1nt\u00e1kb\u00f3l t\u00f6rt\u00e9n\u0151 el\u0151\u00e1ll\u00edt\u00e1s fajt\u00e1i<br \/>\n\u00c1ltal\u00e1noss\u00e1gok:\u00dcltet\u00e9s \u00e1prilis 25-m\u00e1jus 20<br \/>\nSz\u00fcret j\u00fanius-j\u00falius<br \/>\nVeget\u00e1ci\u00f3ja 95-100 nap<\/p>\n<p>A csomag 0,2 gramm magot tartalmaz<\/p>\n","protected":false},"featured_media":23580,"comment_status":"closed","ping_status":"closed","template":"","meta":[],"product_brand":[],"product_cat":[381],"product_tag":[],"class_list":{"0":"post-23579","1":"product","2":"type-product","3":"status-publish","4":"has-post-thumbnail","6":"product_cat-paradicsom-vetomagok-bolgar-florian-vetomagok","8":"first","9":"instock","10":"taxable","11":"shipping-taxable","12":"purchasable","13":"product-type-simple"},"_links":{"self":[{"href":"https:\/\/chilimag.hu\/webshop\/wp-json\/wp\/v2\/product\/23579","targetHints":{"allow":["GET"]}}],"collection":[{"href":"https:\/\/chilimag.hu\/webshop\/wp-json\/wp\/v2\/product"}],"about":[{"href":"https:\/\/chilimag.hu\/webshop\/wp-json\/wp\/v2\/types\/product"}],"replies":[{"embeddable":true,"href":"https:\/\/chilimag.hu\/webshop\/wp-json\/wp\/v2\/comments?post=23579"}],"wp:featuredmedia":[{"embeddable":true,"href":"https:\/\/chilimag.hu\/webshop\/wp-json\/wp\/v2\/media\/23580"}],"wp:attachment":[{"href":"https:\/\/chilimag.hu\/webshop\/wp-json\/wp\/v2\/media?parent=23579"}],"wp:term":[{"taxonomy":"product_brand","embeddable":true,"href":"https:\/\/chilimag.hu\/webshop\/wp-json\/wp\/v2\/product_brand?post=23579"},{"taxonomy":"product_cat","embeddable":true,"href":"https:\/\/chilimag.hu\/webshop\/wp-json\/wp\/v2\/product_cat?post=23579"},{"taxonomy":"product_tag","embeddable":true,"href":"https:\/\/chilimag.hu\/webshop\/wp-json\/wp\/v2\/product_tag?post=23579"}],"curies":[{"name":"wp","href":"https:\/\/api.w.org\/{rel}","templated":true}]}}