{"id":23577,"date":"2023-04-01T17:58:10","date_gmt":"2023-04-01T17:58:10","guid":{"rendered":"https:\/\/chilimag.hu\/webshop\/?post_type=product&#038;p=23577"},"modified":"2026-02-12T00:04:40","modified_gmt":"2026-02-12T00:04:40","slug":"paradicsom-haskovski-profy-2-florian-bg","status":"publish","type":"product","link":"https:\/\/chilimag.hu\/webshop\/termek\/paradicsom-haskovski-profy-2-florian-bg\/","title":{"rendered":"Paradicsom Haskovski Profy 2 Florian Bg"},"content":{"rendered":"","protected":false},"excerpt":{"rendered":"<p><img decoding=\"async\" class=\"img-inline\" src=\"https:\/\/brcci.eu\/cache\/thumbnails\/12ecd0e6e419f1b9b1484ef02ad361979dd8e054\/1a6c5e1406ad462ca86d17b2800862d7f837862c-829875ad0a268b741b7edd818ffce098.png\" alt=\"FLORIAN OOD\" \/><\/p>\n<p>Paradicsomfajta &#8211; Haskovo Pink (Pink Local Haskovo) (Autochthon Haskovski Pinks)<\/p>\n<p>Magok sz\u00e1ma zs\u00e1konk\u00e9nt: 60 mag (0,2 gr)<\/p>\n<p>Paradicsom &#8211; r\u00f3zsasz\u00edn \u0151shonos fajta Haskovo Bulg\u00e1ria r\u00e9gi\u00f3b\u00f3l. A piacon j\u00f3l ismert, \u0151shonos fajta, mely f\u00e9lkorai termeszt\u00e9s k\u00f6r\u00fclm\u00e9nyei k\u00f6z\u00f6tt termeszthet\u0151 sz\u00e1nt\u00f3f\u00f6ldre f\u00fcgg\u0151leges tart\u00f3szerkezeten (arrack). Gy\u00fcm\u00f6lcsei nagyok, gyakran el\u00e9rik a 400-450 g-ot is, \u00edz\u00fck kiv\u00e1l\u00f3 \u00e9s nagyon j\u00f3l ismert. Sz\u00edn\u00fck r\u00f3zsasz\u00edn. A fajta friss fogyaszt\u00e1sra k\u00e9sz\u00fclt. C\u00e9lszer\u0171 pal\u00e1nt\u00e1n kereszt\u00fcl nevelni, a vet\u00e9si mennyis\u00e9g 20-30 gramm vet\u0151mag hekt\u00e1ronk\u00e9nt. Javasolt termeszt\u00e9si t\u00e1vols\u00e1gok: 40&#215;80 cm.<\/p>\n<p>A csomag 0,2 grammot tartalmaz<\/p>\n","protected":false},"featured_media":23619,"comment_status":"closed","ping_status":"closed","template":"","meta":[],"product_brand":[],"product_cat":[381],"product_tag":[],"class_list":{"0":"post-23577","1":"product","2":"type-product","3":"status-publish","4":"has-post-thumbnail","6":"product_cat-paradicsom-vetomagok-bolgar-florian-vetomagok","8":"first","9":"instock","10":"taxable","11":"shipping-taxable","12":"purchasable","13":"product-type-simple"},"_links":{"self":[{"href":"https:\/\/chilimag.hu\/webshop\/wp-json\/wp\/v2\/product\/23577","targetHints":{"allow":["GET"]}}],"collection":[{"href":"https:\/\/chilimag.hu\/webshop\/wp-json\/wp\/v2\/product"}],"about":[{"href":"https:\/\/chilimag.hu\/webshop\/wp-json\/wp\/v2\/types\/product"}],"replies":[{"embeddable":true,"href":"https:\/\/chilimag.hu\/webshop\/wp-json\/wp\/v2\/comments?post=23577"}],"wp:featuredmedia":[{"embeddable":true,"href":"https:\/\/chilimag.hu\/webshop\/wp-json\/wp\/v2\/media\/23619"}],"wp:attachment":[{"href":"https:\/\/chilimag.hu\/webshop\/wp-json\/wp\/v2\/media?parent=23577"}],"wp:term":[{"taxonomy":"product_brand","embeddable":true,"href":"https:\/\/chilimag.hu\/webshop\/wp-json\/wp\/v2\/product_brand?post=23577"},{"taxonomy":"product_cat","embeddable":true,"href":"https:\/\/chilimag.hu\/webshop\/wp-json\/wp\/v2\/product_cat?post=23577"},{"taxonomy":"product_tag","embeddable":true,"href":"https:\/\/chilimag.hu\/webshop\/wp-json\/wp\/v2\/product_tag?post=23577"}],"curies":[{"name":"wp","href":"https:\/\/api.w.org\/{rel}","templated":true}]}}