{"id":23564,"date":"2023-04-01T05:31:09","date_gmt":"2023-04-01T05:31:09","guid":{"rendered":"https:\/\/chilimag.hu\/webshop\/?post_type=product&#038;p=23564"},"modified":"2026-04-04T17:05:54","modified_gmt":"2026-04-04T17:05:54","slug":"paradicsom-rio-grande-florian-bg","status":"publish","type":"product","link":"https:\/\/chilimag.hu\/webshop\/termek\/paradicsom-rio-grande-florian-bg\/","title":{"rendered":"Paradicsom Rio Grande Florian Bg"},"content":{"rendered":"","protected":false},"excerpt":{"rendered":"<p><img decoding=\"async\" class=\"img-inline\" src=\"https:\/\/brcci.eu\/cache\/thumbnails\/12ecd0e6e419f1b9b1484ef02ad361979dd8e054\/1a6c5e1406ad462ca86d17b2800862d7f837862c-829875ad0a268b741b7edd818ffce098.png\" alt=\"FLORIAN OOD\" \/><\/p>\n<p>Paradicsommag Rio Grande Hat\u00e1rozott n\u00f6veked\u00e9s\u0171, f\u00e9lkorai fajta<\/p>\n<p>A Rio Grande paradicsom hat\u00e1rozott n\u00f6veked\u00e9s\u0171, j\u00f3 egyens\u00falyban van a n\u00f6veked\u00e9s \u00e9s a term\u00e9s k\u00f6z\u00f6tt.<br \/>\nGy\u00fcm\u00f6lcsei piralak\u00faak, egyenletes sz\u00edn\u0171ek, kem\u00e9nyek, t\u00f6meg\u00fck 100-110 g.<br \/>\nA n\u00f6v\u00e9nyek rendezett n\u00f6veked\u00e9se lehet\u0151v\u00e9 teszi a n\u00f6v\u00e9nyek egyszer\u0171 karbantart\u00e1s\u00e1t.<br \/>\nA n\u00f6v\u00e9nyek j\u00f3l t\u0171rik a termin\u00e1lis stresszt. Friss fogyaszt\u00e1sra vagy iparos\u00edt\u00e1sra aj\u00e1nljuk.<br \/>\n1 grammos \u2013 300 magos csomag<\/p>\n<p>A csomag 1 grammot tartalmaz<\/p>\n","protected":false},"featured_media":23565,"comment_status":"closed","ping_status":"closed","template":"","meta":[],"product_brand":[],"product_cat":[381],"product_tag":[],"class_list":{"0":"post-23564","1":"product","2":"type-product","3":"status-publish","4":"has-post-thumbnail","6":"product_cat-paradicsom-vetomagok-bolgar-florian-vetomagok","8":"first","9":"instock","10":"taxable","11":"shipping-taxable","12":"purchasable","13":"product-type-simple"},"_links":{"self":[{"href":"https:\/\/chilimag.hu\/webshop\/wp-json\/wp\/v2\/product\/23564","targetHints":{"allow":["GET"]}}],"collection":[{"href":"https:\/\/chilimag.hu\/webshop\/wp-json\/wp\/v2\/product"}],"about":[{"href":"https:\/\/chilimag.hu\/webshop\/wp-json\/wp\/v2\/types\/product"}],"replies":[{"embeddable":true,"href":"https:\/\/chilimag.hu\/webshop\/wp-json\/wp\/v2\/comments?post=23564"}],"wp:featuredmedia":[{"embeddable":true,"href":"https:\/\/chilimag.hu\/webshop\/wp-json\/wp\/v2\/media\/23565"}],"wp:attachment":[{"href":"https:\/\/chilimag.hu\/webshop\/wp-json\/wp\/v2\/media?parent=23564"}],"wp:term":[{"taxonomy":"product_brand","embeddable":true,"href":"https:\/\/chilimag.hu\/webshop\/wp-json\/wp\/v2\/product_brand?post=23564"},{"taxonomy":"product_cat","embeddable":true,"href":"https:\/\/chilimag.hu\/webshop\/wp-json\/wp\/v2\/product_cat?post=23564"},{"taxonomy":"product_tag","embeddable":true,"href":"https:\/\/chilimag.hu\/webshop\/wp-json\/wp\/v2\/product_tag?post=23564"}],"curies":[{"name":"wp","href":"https:\/\/api.w.org\/{rel}","templated":true}]}}