{"id":23558,"date":"2023-04-01T05:12:59","date_gmt":"2023-04-01T05:12:59","guid":{"rendered":"https:\/\/chilimag.hu\/webshop\/?post_type=product&#038;p=23558"},"modified":"2026-01-05T21:10:04","modified_gmt":"2026-01-05T21:10:04","slug":"paradicsom-milyana-florian-bg","status":"publish","type":"product","link":"https:\/\/chilimag.hu\/webshop\/termek\/paradicsom-milyana-florian-bg\/","title":{"rendered":"Paradicsom Milyana Florian Bg"},"content":{"rendered":"","protected":false},"excerpt":{"rendered":"<p><img decoding=\"async\" class=\"img-inline\" src=\"https:\/\/brcci.eu\/cache\/thumbnails\/12ecd0e6e419f1b9b1484ef02ad361979dd8e054\/1a6c5e1406ad462ca86d17b2800862d7f837862c-829875ad0a268b741b7edd818ffce098.png\" alt=\"FLORIAN OOD\" \/><\/p>\n<p>A sz\u00e1nt\u00f3f\u00f6ldi termeszt\u00e9sre sz\u00e1nt paradicsom \u00e1ltal meghat\u00e1rozott fajta.Gy\u00fcm\u00f6lcsei nagyok, 150-200 grammosak, kerekek, simaak, kis bord\u00e1kkal, t\u00f6bbkamr\u00e1sak, egyenletesek \u00e9s nagyon er\u0151sek, intenz\u00edv v\u00f6r\u00f6s sz\u00edn\u0171ek, kiv\u00e1l\u00f3 \u00edz\u0171ek. Nagyon term\u0151 fajta, fogyaszt\u00e1sra alkalmas frissen \u00e9s feldolgozva.Hossz\u00fa eltarthat\u00f3s\u00e1ggal \u00e9s nagy sz\u00e1ll\u00edthat\u00f3s\u00e1ggal rendelkezik. Fusarian \u00e9s verticilian hervad\u00e1snak ellen\u00e1ll\u00f3.<\/p>\n<p>Veget\u00e1ci\u00f3s id\u0151szak 112 nap.<\/p>\n<p>Vet\u00e9s ideje:<\/p>\n<p>korai gy\u00e1rt\u00e1sra janu\u00e1r 20-febru\u00e1r 25<br \/>\nf\u00e9lkorai gy\u00e1rt\u00e1sra m\u00e1rcius 1-30<br \/>\nk\u00e9s\u0151i gy\u00e1rt\u00e1sra \u00e1prilis 25-m\u00e1jus 10.<br \/>\nVet\u00e9sm\u00e9lys\u00e9g 1-3 cm.<br \/>\nA vet\u0151mag mennyis\u00e9ge egy hekt\u00e1ron 25-30 gramm.<br \/>\n\u00c1ttekint\u00e9s<\/p>\n<p>Darab\/doboz<br \/>\n250-350 magot tartalmaz grammonk\u00e9nt<br \/>\nS\u00falya 5 gramm<br \/>\n\u00dcltet\u00e9s m\u00e1rcius-j\u00fanius<br \/>\nSz\u00fcret j\u00fanius-szeptember<br \/>\nT\u00edpus N\u00f6v\u00e9nyzet 112 nap<\/p>\n<p>A csomag 1 grammot tartalmaz<\/p>\n","protected":false},"featured_media":23731,"comment_status":"closed","ping_status":"closed","template":"","meta":[],"product_brand":[],"product_cat":[381],"product_tag":[],"class_list":{"0":"post-23558","1":"product","2":"type-product","3":"status-publish","4":"has-post-thumbnail","6":"product_cat-paradicsom-vetomagok-bolgar-florian-vetomagok","8":"first","9":"instock","10":"taxable","11":"shipping-taxable","12":"purchasable","13":"product-type-simple"},"_links":{"self":[{"href":"https:\/\/chilimag.hu\/webshop\/wp-json\/wp\/v2\/product\/23558","targetHints":{"allow":["GET"]}}],"collection":[{"href":"https:\/\/chilimag.hu\/webshop\/wp-json\/wp\/v2\/product"}],"about":[{"href":"https:\/\/chilimag.hu\/webshop\/wp-json\/wp\/v2\/types\/product"}],"replies":[{"embeddable":true,"href":"https:\/\/chilimag.hu\/webshop\/wp-json\/wp\/v2\/comments?post=23558"}],"wp:featuredmedia":[{"embeddable":true,"href":"https:\/\/chilimag.hu\/webshop\/wp-json\/wp\/v2\/media\/23731"}],"wp:attachment":[{"href":"https:\/\/chilimag.hu\/webshop\/wp-json\/wp\/v2\/media?parent=23558"}],"wp:term":[{"taxonomy":"product_brand","embeddable":true,"href":"https:\/\/chilimag.hu\/webshop\/wp-json\/wp\/v2\/product_brand?post=23558"},{"taxonomy":"product_cat","embeddable":true,"href":"https:\/\/chilimag.hu\/webshop\/wp-json\/wp\/v2\/product_cat?post=23558"},{"taxonomy":"product_tag","embeddable":true,"href":"https:\/\/chilimag.hu\/webshop\/wp-json\/wp\/v2\/product_tag?post=23558"}],"curies":[{"name":"wp","href":"https:\/\/api.w.org\/{rel}","templated":true}]}}