{"id":23547,"date":"2023-04-01T04:30:45","date_gmt":"2023-04-01T04:30:45","guid":{"rendered":"https:\/\/chilimag.hu\/webshop\/?post_type=product&#038;p=23547"},"modified":"2025-08-13T08:00:30","modified_gmt":"2025-08-13T08:00:30","slug":"paradicsom-aztek-florian-bg","status":"publish","type":"product","link":"https:\/\/chilimag.hu\/webshop\/termek\/paradicsom-aztek-florian-bg\/","title":{"rendered":"Paradicsom Aztek Florian Bg"},"content":{"rendered":"","protected":false},"excerpt":{"rendered":"<p><img decoding=\"async\" class=\"img-inline\" src=\"https:\/\/brcci.eu\/cache\/thumbnails\/12ecd0e6e419f1b9b1484ef02ad361979dd8e054\/1a6c5e1406ad462ca86d17b2800862d7f837862c-829875ad0a268b741b7edd818ffce098.png\" alt=\"FLORIAN OOD\" \/><\/p>\n<p>Aztek Balkon paradicsom, kis, s\u00e1rga term\u00e9s\u0171 paradicsom magvak, cser\u00e9pbe \u00fcltet\u00e9sre kiv\u00e1l\u00f3an alkalmas, Fl\u00f3ri\u00e1n<\/p>\n<p>A Rosiie Aztek Balkony egy hat\u00e1rozott, a kistermel\u0151k sz\u00e1m\u00e1ra hasznos fajt\u00e1t k\u00e9pvisel.<\/p>\n<p>A n\u00f6v\u00e9ny nagyon kicsire n\u0151, \u00e9s kiv\u00e1l\u00f3an alkalmas erk\u00e9lyek vagy teraszok cser\u00e9pben val\u00f3 termeszt\u00e9s\u00e9re.<\/p>\n<p>Gy\u00fcm\u00f6lcse s\u00e1rga, nagyon kicsi, kerek, 15-20 g t\u00f6meg\u0171.<\/p>\n<p>A n\u00f6v\u00e9nynek dekorat\u00edv szerepe is van.<\/p>\n<p>A csomag 0,2 grammot tartalmaz<\/p>\n","protected":false},"featured_media":23548,"comment_status":"closed","ping_status":"closed","template":"","meta":[],"product_brand":[],"product_cat":[381],"product_tag":[],"class_list":{"0":"post-23547","1":"product","2":"type-product","3":"status-publish","4":"has-post-thumbnail","6":"product_cat-paradicsom-vetomagok-bolgar-florian-vetomagok","8":"first","9":"outofstock","10":"taxable","11":"shipping-taxable","12":"purchasable","13":"product-type-simple"},"_links":{"self":[{"href":"https:\/\/chilimag.hu\/webshop\/wp-json\/wp\/v2\/product\/23547","targetHints":{"allow":["GET"]}}],"collection":[{"href":"https:\/\/chilimag.hu\/webshop\/wp-json\/wp\/v2\/product"}],"about":[{"href":"https:\/\/chilimag.hu\/webshop\/wp-json\/wp\/v2\/types\/product"}],"replies":[{"embeddable":true,"href":"https:\/\/chilimag.hu\/webshop\/wp-json\/wp\/v2\/comments?post=23547"}],"wp:featuredmedia":[{"embeddable":true,"href":"https:\/\/chilimag.hu\/webshop\/wp-json\/wp\/v2\/media\/23548"}],"wp:attachment":[{"href":"https:\/\/chilimag.hu\/webshop\/wp-json\/wp\/v2\/media?parent=23547"}],"wp:term":[{"taxonomy":"product_brand","embeddable":true,"href":"https:\/\/chilimag.hu\/webshop\/wp-json\/wp\/v2\/product_brand?post=23547"},{"taxonomy":"product_cat","embeddable":true,"href":"https:\/\/chilimag.hu\/webshop\/wp-json\/wp\/v2\/product_cat?post=23547"},{"taxonomy":"product_tag","embeddable":true,"href":"https:\/\/chilimag.hu\/webshop\/wp-json\/wp\/v2\/product_tag?post=23547"}],"curies":[{"name":"wp","href":"https:\/\/api.w.org\/{rel}","templated":true}]}}