{"id":23537,"date":"2023-03-31T19:08:30","date_gmt":"2023-03-31T19:08:30","guid":{"rendered":"https:\/\/chilimag.hu\/webshop\/?post_type=product&#038;p=23537"},"modified":"2026-02-24T19:04:43","modified_gmt":"2026-02-24T19:04:43","slug":"paradicsom-pear-sheaped-florian-bg","status":"publish","type":"product","link":"https:\/\/chilimag.hu\/webshop\/termek\/paradicsom-pear-sheaped-florian-bg\/","title":{"rendered":"Paradicsom Yellow Pearsheaped Florian Bg"},"content":{"rendered":"","protected":false},"excerpt":{"rendered":"<p><img decoding=\"async\" class=\"img-inline\" src=\"https:\/\/brcci.eu\/cache\/thumbnails\/12ecd0e6e419f1b9b1484ef02ad361979dd8e054\/1a6c5e1406ad462ca86d17b2800862d7f837862c-829875ad0a268b741b7edd818ffce098.png\" alt=\"FLORIAN OOD\" \/><\/p>\n<p>K\u00f6rte alak\u00fa s\u00e1rga kokt\u00e9lparadicsom, Florian Bulg\u00e1ria<\/p>\n<p>Hat\u00e1rozatlan korai kokt\u00e9lparadicsom fajta. Gy\u00fcm\u00f6lcsei kicsik, 10-20 g-osak, s\u00e1rg\u00e1k, k\u00f6rte alak\u00faak, l\u00e9d\u00fasak, \u00e9desek.Friss fogyaszt\u00e1sra nagyon alkalmasak, eg\u00e9szben is tart\u00f3s\u00edthat\u00f3k.Vonz\u00f3 form\u00e1juk \u00e9s sz\u00edn\u00fck ide\u00e1liss\u00e1 teszi k\u00fcl\u00f6nf\u00e9le \u00e9telek d\u00edsz\u00edt\u00e9s\u00e9re. Veget\u00e1ci\u00f3s id\u0151szak 75-80 nap. Vet\u00e9sid\u0151: &#8211; korai termeszt\u00e9sn\u00e9l janu\u00e1r 20-febru\u00e1r 25. &#8211; f\u00e9lkorai termeszt\u00e9sn\u00e9l m\u00e1rcius 1-30 &#8211; k\u00e9s\u0151i termeszt\u00e9sn\u00e9l \u00e1prilis 25-m\u00e1jus 10. Vet\u00e9sm\u00e9lys\u00e9g 1-3 cm. Magok mennyis\u00e9ge zs\u00e1konk\u00e9nt: 0,5 gramm (125-175 db). A vet\u0151mag mennyis\u00e9ge egy hekt\u00e1ron 25-30 gramm.<\/p>\n<p>A csomag 0,2 gramm magot tartalmaz<\/p>\n","protected":false},"featured_media":23538,"comment_status":"closed","ping_status":"closed","template":"","meta":[],"product_brand":[],"product_cat":[381],"product_tag":[],"class_list":{"0":"post-23537","1":"product","2":"type-product","3":"status-publish","4":"has-post-thumbnail","6":"product_cat-paradicsom-vetomagok-bolgar-florian-vetomagok","8":"first","9":"instock","10":"taxable","11":"shipping-taxable","12":"purchasable","13":"product-type-simple"},"_links":{"self":[{"href":"https:\/\/chilimag.hu\/webshop\/wp-json\/wp\/v2\/product\/23537","targetHints":{"allow":["GET"]}}],"collection":[{"href":"https:\/\/chilimag.hu\/webshop\/wp-json\/wp\/v2\/product"}],"about":[{"href":"https:\/\/chilimag.hu\/webshop\/wp-json\/wp\/v2\/types\/product"}],"replies":[{"embeddable":true,"href":"https:\/\/chilimag.hu\/webshop\/wp-json\/wp\/v2\/comments?post=23537"}],"wp:featuredmedia":[{"embeddable":true,"href":"https:\/\/chilimag.hu\/webshop\/wp-json\/wp\/v2\/media\/23538"}],"wp:attachment":[{"href":"https:\/\/chilimag.hu\/webshop\/wp-json\/wp\/v2\/media?parent=23537"}],"wp:term":[{"taxonomy":"product_brand","embeddable":true,"href":"https:\/\/chilimag.hu\/webshop\/wp-json\/wp\/v2\/product_brand?post=23537"},{"taxonomy":"product_cat","embeddable":true,"href":"https:\/\/chilimag.hu\/webshop\/wp-json\/wp\/v2\/product_cat?post=23537"},{"taxonomy":"product_tag","embeddable":true,"href":"https:\/\/chilimag.hu\/webshop\/wp-json\/wp\/v2\/product_tag?post=23537"}],"curies":[{"name":"wp","href":"https:\/\/api.w.org\/{rel}","templated":true}]}}