{"id":23531,"date":"2023-03-31T18:55:50","date_gmt":"2023-03-31T18:55:50","guid":{"rendered":"https:\/\/chilimag.hu\/webshop\/?post_type=product&#038;p=23531"},"modified":"2026-03-31T22:31:41","modified_gmt":"2026-03-31T22:31:41","slug":"paradicsom-cherry-yellow-florian-bg","status":"publish","type":"product","link":"https:\/\/chilimag.hu\/webshop\/termek\/paradicsom-cherry-yellow-florian-bg\/","title":{"rendered":"Paradicsom Yellow Cherry Florian Bg"},"content":{"rendered":"","protected":false},"excerpt":{"rendered":"<p><img decoding=\"async\" class=\"img-inline\" src=\"https:\/\/brcci.eu\/cache\/thumbnails\/12ecd0e6e419f1b9b1484ef02ad361979dd8e054\/1a6c5e1406ad462ca86d17b2800862d7f837862c-829875ad0a268b741b7edd818ffce098.png\" alt=\"FLORIAN OOD\" \/><\/p>\n<p>Rendk\u00edv\u00fcl term\u0151 korai hat\u00e1rozatlan kokt\u00e9lparadicsom fajta.A n\u00f6v\u00e9nyek energikusak, 1,50-1,80 m magasak, 3-4 \u00e1g\u00faak, egyenk\u00e9nt ak\u00e1r 70-80 paradicsomot is teremnek.Az \u00e1gak hetekig el\u00e1llnak an\u00e9lk\u00fcl, hogy a term\u00e9s mag\u00e1t\u00f3l lehullana. Gy\u00fcm\u00f6lcsei kicsik, 14-18 g-os, \u00e9l\u00e9nks\u00e1rga kerekek, nagyon \u00e9desek, sal\u00e1t\u00e1khoz, k\u00f6retekhez, egy\u00e9b \u00e9telekhez ide\u00e1lis.Veget\u00e1ci\u00f3s peri\u00f3dus 68-80 nap.<\/p>\n<p>Vet\u00e9s ideje:<\/p>\n<p>korai gy\u00e1rt\u00e1sra janu\u00e1r 20-febru\u00e1r 25<br \/>\nf\u00e9lkorai gy\u00e1rt\u00e1sra m\u00e1rcius 1-30<br \/>\nk\u00e9s\u0151i gy\u00e1rt\u00e1sra \u00e1prilis 25-m\u00e1jus 10.<br \/>\nVet\u00e9sm\u00e9lys\u00e9g 1-3 cm.<br \/>\nA vet\u0151mag mennyis\u00e9ge egy hekt\u00e1ron 25-30 gramm.<br \/>\nM\u0171szaki adatok:<\/p>\n<p>M\u00e9lys\u00e9ge 1-3 cm<br \/>\nVet\u00e9s: janu\u00e1r 20-febru\u00e1r 25., m\u00e1rcius 1-30, \u00e1prilis 25-m\u00e1jus 10.<br \/>\nA magvakb\u00f3l, pal\u00e1nt\u00e1kb\u00f3l t\u00f6rt\u00e9n\u0151 el\u0151\u00e1ll\u00edt\u00e1s fajt\u00e1i<br \/>\n\u00c1ltal\u00e1noss\u00e1gok:<\/p>\n<p>250-350 magot tartalmaz grammonk\u00e9nt<br \/>\nS\u00falya 0,5 gramm<br \/>\n\u00dcltet\u00e9s m\u00e1rcius-j\u00fanius<br \/>\nSz\u00fcret j\u00fanius-szeptember<br \/>\nVeget\u00e1ci\u00f3ja 120-125 nap<\/p>\n<p>A csomag 0.3 grammot tartalmaz<\/p>\n","protected":false},"featured_media":23532,"comment_status":"closed","ping_status":"closed","template":"","meta":[],"product_brand":[],"product_cat":[381],"product_tag":[],"class_list":{"0":"post-23531","1":"product","2":"type-product","3":"status-publish","4":"has-post-thumbnail","6":"product_cat-paradicsom-vetomagok-bolgar-florian-vetomagok","8":"first","9":"instock","10":"taxable","11":"shipping-taxable","12":"purchasable","13":"product-type-simple"},"_links":{"self":[{"href":"https:\/\/chilimag.hu\/webshop\/wp-json\/wp\/v2\/product\/23531","targetHints":{"allow":["GET"]}}],"collection":[{"href":"https:\/\/chilimag.hu\/webshop\/wp-json\/wp\/v2\/product"}],"about":[{"href":"https:\/\/chilimag.hu\/webshop\/wp-json\/wp\/v2\/types\/product"}],"replies":[{"embeddable":true,"href":"https:\/\/chilimag.hu\/webshop\/wp-json\/wp\/v2\/comments?post=23531"}],"wp:featuredmedia":[{"embeddable":true,"href":"https:\/\/chilimag.hu\/webshop\/wp-json\/wp\/v2\/media\/23532"}],"wp:attachment":[{"href":"https:\/\/chilimag.hu\/webshop\/wp-json\/wp\/v2\/media?parent=23531"}],"wp:term":[{"taxonomy":"product_brand","embeddable":true,"href":"https:\/\/chilimag.hu\/webshop\/wp-json\/wp\/v2\/product_brand?post=23531"},{"taxonomy":"product_cat","embeddable":true,"href":"https:\/\/chilimag.hu\/webshop\/wp-json\/wp\/v2\/product_cat?post=23531"},{"taxonomy":"product_tag","embeddable":true,"href":"https:\/\/chilimag.hu\/webshop\/wp-json\/wp\/v2\/product_tag?post=23531"}],"curies":[{"name":"wp","href":"https:\/\/api.w.org\/{rel}","templated":true}]}}