{"id":23519,"date":"2023-03-31T18:11:23","date_gmt":"2023-03-31T18:11:23","guid":{"rendered":"https:\/\/chilimag.hu\/webshop\/?post_type=product&#038;p=23519"},"modified":"2026-03-16T16:16:01","modified_gmt":"2026-03-16T16:16:01","slug":"paradicsom-cherven-gigant-florian-bg","status":"publish","type":"product","link":"https:\/\/chilimag.hu\/webshop\/termek\/paradicsom-cherven-gigant-florian-bg\/","title":{"rendered":"Paradicsom Red Giant  Florian Bg"},"content":{"rendered":"","protected":false},"excerpt":{"rendered":"<p><img decoding=\"async\" class=\"img-inline\" src=\"https:\/\/brcci.eu\/cache\/thumbnails\/12ecd0e6e419f1b9b1484ef02ad361979dd8e054\/1a6c5e1406ad462ca86d17b2800862d7f837862c-829875ad0a268b741b7edd818ffce098.png\" alt=\"FLORIAN OOD\" \/><\/p>\n<p>\u00d3ri\u00e1sv\u00f6r\u00f6s \u00f3ri\u00e1s paradicsom klasszikus bolg\u00e1r fajta, h\u00fasos \u00e9s l\u00e9d\u00fas.<\/p>\n<p>Az \u00f3ri\u00e1s v\u00f6r\u00f6s paradicsom fajta leny\u0171g\u00f6zi majd a m\u00e9ret\u00e9vel &#8211; \u00e1tlagosan k\u00f6r\u00fclbel\u00fcl 800 grammot \u00e9r el.<\/p>\n<p>Forma kerek, mark\u00e1ns bord\u00e1val a markolat k\u00f6r\u00fcl \u00e9s \u00e9tv\u00e1gygerjeszt\u0151 piros sz\u00ednnel. Az \u00edze &#8211; felejthetetlen. H\u00fasos, l\u00e9d\u00fas \u00e9s elk\u00e9peszt\u0151en illatos.<\/p>\n<p>Magas \u00edzvil\u00e1ga miatt frissen fogyaszthat\u00f3.<\/p>\n<p>A fajta hat\u00e1rozatlan, szabadf\u00f6ldi termeszt\u00e9sre alkalmas. Er\u0151s n\u00f6v\u00e9nyeket k\u00e9pez, j\u00f3 lombozattal, amely megv\u00e9di a gy\u00fcm\u00f6lcs\u00f6t a napt\u00f3l.<\/p>\n<p>A csomag 0,2 grammot tartalmaz<\/p>\n","protected":false},"featured_media":25155,"comment_status":"closed","ping_status":"closed","template":"","meta":[],"product_brand":[],"product_cat":[381],"product_tag":[],"class_list":{"0":"post-23519","1":"product","2":"type-product","3":"status-publish","4":"has-post-thumbnail","6":"product_cat-paradicsom-vetomagok-bolgar-florian-vetomagok","8":"first","9":"instock","10":"taxable","11":"shipping-taxable","12":"purchasable","13":"product-type-simple"},"_links":{"self":[{"href":"https:\/\/chilimag.hu\/webshop\/wp-json\/wp\/v2\/product\/23519","targetHints":{"allow":["GET"]}}],"collection":[{"href":"https:\/\/chilimag.hu\/webshop\/wp-json\/wp\/v2\/product"}],"about":[{"href":"https:\/\/chilimag.hu\/webshop\/wp-json\/wp\/v2\/types\/product"}],"replies":[{"embeddable":true,"href":"https:\/\/chilimag.hu\/webshop\/wp-json\/wp\/v2\/comments?post=23519"}],"wp:featuredmedia":[{"embeddable":true,"href":"https:\/\/chilimag.hu\/webshop\/wp-json\/wp\/v2\/media\/25155"}],"wp:attachment":[{"href":"https:\/\/chilimag.hu\/webshop\/wp-json\/wp\/v2\/media?parent=23519"}],"wp:term":[{"taxonomy":"product_brand","embeddable":true,"href":"https:\/\/chilimag.hu\/webshop\/wp-json\/wp\/v2\/product_brand?post=23519"},{"taxonomy":"product_cat","embeddable":true,"href":"https:\/\/chilimag.hu\/webshop\/wp-json\/wp\/v2\/product_cat?post=23519"},{"taxonomy":"product_tag","embeddable":true,"href":"https:\/\/chilimag.hu\/webshop\/wp-json\/wp\/v2\/product_tag?post=23519"}],"curies":[{"name":"wp","href":"https:\/\/api.w.org\/{rel}","templated":true}]}}