{"id":23516,"date":"2023-03-31T18:06:37","date_gmt":"2023-03-31T18:06:37","guid":{"rendered":"https:\/\/chilimag.hu\/webshop\/?post_type=product&#038;p=23516"},"modified":"2026-03-20T10:07:39","modified_gmt":"2026-03-20T10:07:39","slug":"paradicsom-pink-giant-florian-bg","status":"publish","type":"product","link":"https:\/\/chilimag.hu\/webshop\/termek\/paradicsom-pink-giant-florian-bg\/","title":{"rendered":"Paradicsom Pink Giant Florian Bg"},"content":{"rendered":"","protected":false},"excerpt":{"rendered":"<p><img decoding=\"async\" class=\"img-inline\" src=\"https:\/\/brcci.eu\/cache\/thumbnails\/12ecd0e6e419f1b9b1484ef02ad361979dd8e054\/1a6c5e1406ad462ca86d17b2800862d7f837862c-829875ad0a268b741b7edd818ffce098.png\" alt=\"FLORIAN OOD\" \/><\/p>\n<p>R\u00f3zsasz\u00edn \u00f3ri\u00e1sparadicsom R\u00f3zsasz\u00edn \u00f3ri\u00e1s paradicsom magvak hat\u00e1rozatlan fajta F\u00e9lkorai marhah\u00fas t\u00edpus, Florian Bulgaira<\/p>\n<p>F\u00e9lkorai hat\u00e1rozatlan fajta, szabadf\u00f6ldi termeszt\u00e9sre alkalmas. A fajt\u00e1t rendk\u00edv\u00fcl nagy \u00e9s kerek, 0.500-1.500 kg \u00e1tlagos t\u00f6meg\u0171, r\u00f3zsasz\u00edn sz\u00edn\u0171 term\u00e9sei jellemzik. A mag l\u00e9d\u00fas, t\u00f6m\u00f6r \u00e9s kiv\u00e1l\u00f3 \u00edz\u0171. Friss fogyaszt\u00e1sra \u00e9s feldolgoz\u00e1sra alkalmas. Veget\u00e1ci\u00f3s id\u0151szak 95-100 nap.<\/p>\n<p>Vet\u00e9sid\u0151: &#8211; korai termeszt\u00e9sn\u00e9l janu\u00e1r 20-febru\u00e1r 25. &#8211; f\u00e9lkorai termeszt\u00e9sn\u00e9l m\u00e1rcius 1-30 &#8211; k\u00e9s\u0151i termeszt\u00e9sn\u00e9l \u00e1prilis 25-m\u00e1jus 10. Vet\u00e9sm\u00e9lys\u00e9g 1-3 cm.<\/p>\n<p>M\u0171szaki adatok:<\/p>\n<p>M\u00e9lys\u00e9ge 1-3 cm<br \/>\nVet\u00e9s: janu\u00e1r 20-febru\u00e1r 25., m\u00e1rcius 1-30, \u00e1prilis 25-m\u00e1jus 10.<br \/>\nVet\u00e9smennyis\u00e9g 25-30 gramm\/hekt\u00e1r<br \/>\nA magvakb\u00f3l, pal\u00e1nt\u00e1kb\u00f3l t\u00f6rt\u00e9n\u0151 el\u0151\u00e1ll\u00edt\u00e1s fajt\u00e1i<br \/>\n\u00c1ltal\u00e1noss\u00e1gok:<\/p>\n<p>250-350 magot tartalmaz grammonk\u00e9nt<br \/>\n\u00dcltet\u00e9s m\u00e1rcius-j\u00fanius<br \/>\nSz\u00fcret j\u00fanius-szeptember<br \/>\nVeget\u00e1ci\u00f3ja 95-100 nap<\/p>\n<p>A csomag 0,2 grammot tartalmaz<\/p>\n","protected":false},"featured_media":25092,"comment_status":"closed","ping_status":"closed","template":"","meta":[],"product_brand":[],"product_cat":[381],"product_tag":[],"class_list":{"0":"post-23516","1":"product","2":"type-product","3":"status-publish","4":"has-post-thumbnail","6":"product_cat-paradicsom-vetomagok-bolgar-florian-vetomagok","8":"first","9":"instock","10":"taxable","11":"shipping-taxable","12":"purchasable","13":"product-type-simple"},"_links":{"self":[{"href":"https:\/\/chilimag.hu\/webshop\/wp-json\/wp\/v2\/product\/23516","targetHints":{"allow":["GET"]}}],"collection":[{"href":"https:\/\/chilimag.hu\/webshop\/wp-json\/wp\/v2\/product"}],"about":[{"href":"https:\/\/chilimag.hu\/webshop\/wp-json\/wp\/v2\/types\/product"}],"replies":[{"embeddable":true,"href":"https:\/\/chilimag.hu\/webshop\/wp-json\/wp\/v2\/comments?post=23516"}],"wp:featuredmedia":[{"embeddable":true,"href":"https:\/\/chilimag.hu\/webshop\/wp-json\/wp\/v2\/media\/25092"}],"wp:attachment":[{"href":"https:\/\/chilimag.hu\/webshop\/wp-json\/wp\/v2\/media?parent=23516"}],"wp:term":[{"taxonomy":"product_brand","embeddable":true,"href":"https:\/\/chilimag.hu\/webshop\/wp-json\/wp\/v2\/product_brand?post=23516"},{"taxonomy":"product_cat","embeddable":true,"href":"https:\/\/chilimag.hu\/webshop\/wp-json\/wp\/v2\/product_cat?post=23516"},{"taxonomy":"product_tag","embeddable":true,"href":"https:\/\/chilimag.hu\/webshop\/wp-json\/wp\/v2\/product_tag?post=23516"}],"curies":[{"name":"wp","href":"https:\/\/api.w.org\/{rel}","templated":true}]}}