{"id":23511,"date":"2023-03-31T17:57:34","date_gmt":"2023-03-31T17:57:34","guid":{"rendered":"https:\/\/chilimag.hu\/webshop\/?post_type=product&#038;p=23511"},"modified":"2026-03-09T19:14:08","modified_gmt":"2026-03-09T19:14:08","slug":"paradicsom-zloty-ozarowski-florian-bg","status":"publish","type":"product","link":"https:\/\/chilimag.hu\/webshop\/termek\/paradicsom-zloty-ozarowski-florian-bg\/","title":{"rendered":"Paradicsom Zloty Ozarowski  Florian Bg"},"content":{"rendered":"","protected":false},"excerpt":{"rendered":"<p><img decoding=\"async\" class=\"img-inline\" src=\"https:\/\/brcci.eu\/cache\/thumbnails\/12ecd0e6e419f1b9b1484ef02ad361979dd8e054\/1a6c5e1406ad462ca86d17b2800862d7f837862c-829875ad0a268b741b7edd818ffce098.png\" alt=\"FLORIAN OOD\" \/><\/p>\n<p>Zloty Ozarowski paradicsom, narancss\u00e1rga paradicsom, f\u00e9lkorai fajta, hat\u00e1rozatlan n\u00f6veked\u00e9s\u0171, Agrosem<\/p>\n<p>A Zloty Ozarowski paradicsom f\u00e9lkorai fajta, hat\u00e1rozatlan n\u00f6veked\u00e9s\u0171.<\/p>\n<p>Gy\u00fcm\u00f6lcsei kerek ov\u00e1lisak, narancss\u00e1rga sz\u00edn\u0171ek, 100-120 g t\u00f6meg\u0171ek.<\/p>\n<p>A p\u00e9p egyenletes, l\u00e9d\u00fas, nagyon \u00edzletes.<\/p>\n<p>Sz\u00e1nt\u00f3f\u00f6ld\u00f6n vagy v\u00e9dett ter\u00fcleteken termesztik.<\/p>\n<p>Termel\u0151 fajta.<\/p>\n<p>V\u00e9dett helyre vetve: febru\u00e1r-m\u00e1rcius.<\/p>\n<p>Pal\u00e1nta \u00fcltet\u00e9s: \u00e1prilis-m\u00e1jus.<\/p>\n<p>N\u00f6v\u00e9nyek k\u00f6z\u00f6tti t\u00e1vols\u00e1g: 80&#215;30 cm.<\/p>\n<p>Betakar\u00edt\u00e1s: augusztus-okt\u00f3ber.<\/p>\n<p>A csomag 0,3 grammot tartalmaz<\/p>\n","protected":false},"featured_media":23512,"comment_status":"closed","ping_status":"closed","template":"","meta":[],"product_brand":[],"product_cat":[381],"product_tag":[],"class_list":{"0":"post-23511","1":"product","2":"type-product","3":"status-publish","4":"has-post-thumbnail","6":"product_cat-paradicsom-vetomagok-bolgar-florian-vetomagok","8":"first","9":"instock","10":"taxable","11":"shipping-taxable","12":"purchasable","13":"product-type-simple"},"_links":{"self":[{"href":"https:\/\/chilimag.hu\/webshop\/wp-json\/wp\/v2\/product\/23511","targetHints":{"allow":["GET"]}}],"collection":[{"href":"https:\/\/chilimag.hu\/webshop\/wp-json\/wp\/v2\/product"}],"about":[{"href":"https:\/\/chilimag.hu\/webshop\/wp-json\/wp\/v2\/types\/product"}],"replies":[{"embeddable":true,"href":"https:\/\/chilimag.hu\/webshop\/wp-json\/wp\/v2\/comments?post=23511"}],"wp:featuredmedia":[{"embeddable":true,"href":"https:\/\/chilimag.hu\/webshop\/wp-json\/wp\/v2\/media\/23512"}],"wp:attachment":[{"href":"https:\/\/chilimag.hu\/webshop\/wp-json\/wp\/v2\/media?parent=23511"}],"wp:term":[{"taxonomy":"product_brand","embeddable":true,"href":"https:\/\/chilimag.hu\/webshop\/wp-json\/wp\/v2\/product_brand?post=23511"},{"taxonomy":"product_cat","embeddable":true,"href":"https:\/\/chilimag.hu\/webshop\/wp-json\/wp\/v2\/product_cat?post=23511"},{"taxonomy":"product_tag","embeddable":true,"href":"https:\/\/chilimag.hu\/webshop\/wp-json\/wp\/v2\/product_tag?post=23511"}],"curies":[{"name":"wp","href":"https:\/\/api.w.org\/{rel}","templated":true}]}}