{"id":23487,"date":"2023-03-31T16:38:56","date_gmt":"2023-03-31T16:38:56","guid":{"rendered":"https:\/\/chilimag.hu\/webshop\/?post_type=product&#038;p=23487"},"modified":"2026-02-20T13:32:00","modified_gmt":"2026-02-20T13:32:00","slug":"paradicsom-oxheart-pink-florian-bg","status":"publish","type":"product","link":"https:\/\/chilimag.hu\/webshop\/termek\/paradicsom-oxheart-pink-florian-bg\/","title":{"rendered":"Paradicsom Oxheart Pink Florian Bg"},"content":{"rendered":"","protected":false},"excerpt":{"rendered":"<p><img decoding=\"async\" class=\"img-inline\" src=\"https:\/\/brcci.eu\/cache\/thumbnails\/12ecd0e6e419f1b9b1484ef02ad361979dd8e054\/1a6c5e1406ad462ca86d17b2800862d7f837862c-829875ad0a268b741b7edd818ffce098.png\" alt=\"FLORIAN OOD\" \/><\/p>\n<p>BIVALYSZ\u00cdV &#8211; \u00d3RI\u00c1S &#8211; Hat\u00e1rozatlan fajta, nagyon term\u0151, nagyon nagy term\u00e9sek \u00e9s kiv\u00e1l\u00f3 \u00edz jellemzi.<\/p>\n<p>&nbsp;<\/p>\n<p>A gy\u00fcm\u00f6lcs\u00f6k \u00e1tlagos t\u00f6mege 0,400-1 kg, sz\u00edv alak\u00fa, halv\u00e1ny r\u00f3zsasz\u00edn sz\u00edn\u0171.<br \/>\nA mag nagyon l\u00e9d\u00fas \u00e9s \u00edzletes.<br \/>\nA fajt\u00e1t hossz\u00fa eltarthat\u00f3s\u00e1ga jellemzi, friss fogyaszt\u00e1sra \u00e9s feldolgoz\u00e1sra alkalmas.<br \/>\nA veget\u00e1ci\u00f3s id\u0151szak 120 nap.<\/p>\n<p>A csomag 0,3 gr magot tartalmaz<\/p>\n","protected":false},"featured_media":25154,"comment_status":"closed","ping_status":"closed","template":"","meta":[],"product_brand":[],"product_cat":[381],"product_tag":[],"class_list":{"0":"post-23487","1":"product","2":"type-product","3":"status-publish","4":"has-post-thumbnail","6":"product_cat-paradicsom-vetomagok-bolgar-florian-vetomagok","8":"first","9":"instock","10":"taxable","11":"shipping-taxable","12":"purchasable","13":"product-type-simple"},"_links":{"self":[{"href":"https:\/\/chilimag.hu\/webshop\/wp-json\/wp\/v2\/product\/23487","targetHints":{"allow":["GET"]}}],"collection":[{"href":"https:\/\/chilimag.hu\/webshop\/wp-json\/wp\/v2\/product"}],"about":[{"href":"https:\/\/chilimag.hu\/webshop\/wp-json\/wp\/v2\/types\/product"}],"replies":[{"embeddable":true,"href":"https:\/\/chilimag.hu\/webshop\/wp-json\/wp\/v2\/comments?post=23487"}],"wp:featuredmedia":[{"embeddable":true,"href":"https:\/\/chilimag.hu\/webshop\/wp-json\/wp\/v2\/media\/25154"}],"wp:attachment":[{"href":"https:\/\/chilimag.hu\/webshop\/wp-json\/wp\/v2\/media?parent=23487"}],"wp:term":[{"taxonomy":"product_brand","embeddable":true,"href":"https:\/\/chilimag.hu\/webshop\/wp-json\/wp\/v2\/product_brand?post=23487"},{"taxonomy":"product_cat","embeddable":true,"href":"https:\/\/chilimag.hu\/webshop\/wp-json\/wp\/v2\/product_cat?post=23487"},{"taxonomy":"product_tag","embeddable":true,"href":"https:\/\/chilimag.hu\/webshop\/wp-json\/wp\/v2\/product_tag?post=23487"}],"curies":[{"name":"wp","href":"https:\/\/api.w.org\/{rel}","templated":true}]}}