{"id":23483,"date":"2023-03-31T16:31:17","date_gmt":"2023-03-31T16:31:17","guid":{"rendered":"https:\/\/chilimag.hu\/webshop\/?post_type=product&#038;p=23483"},"modified":"2026-02-12T00:04:40","modified_gmt":"2026-02-12T00:04:40","slug":"paradicsom-oxheart-red-florian-bg","status":"publish","type":"product","link":"https:\/\/chilimag.hu\/webshop\/termek\/paradicsom-oxheart-red-florian-bg\/","title":{"rendered":"Paradicsom Oxheart Red Florian Bg"},"content":{"rendered":"","protected":false},"excerpt":{"rendered":"<p><img decoding=\"async\" class=\"img-inline\" src=\"https:\/\/brcci.eu\/cache\/thumbnails\/12ecd0e6e419f1b9b1484ef02ad361979dd8e054\/1a6c5e1406ad462ca86d17b2800862d7f837862c-829875ad0a268b741b7edd818ffce098.png\" alt=\"FLORIAN OOD\" \/><\/p>\n<p>Piros bivalysz\u00edv \u00a0piros bolg\u00e1r v\u00f6r\u00f6s bivalysz\u00edv \u00f3ri\u00e1s paradicsom<\/p>\n<p>Egy m\u00e1sik id\u0151 \u00edze, hagyom\u00e1nyos \u00e9s autentikus!<\/p>\n<p>Hagyom\u00e1nyos paradicsom Bulg\u00e1ri\u00e1b\u00f3l. Kiv\u00e1l\u00f3 \u00edzmin\u0151s\u00e9gek. Fogyaszt\u00e1s &#8211; friss.<\/p>\n<p>M\u0171szaki adatok:<\/p>\n<p>\u00c1tlagos gy\u00fcm\u00f6lcst\u00f6meg: 600 gr &#8211; 1 kg (Nagy paradicsom &#8211; Red Giant)<\/p>\n<p>M\u00e9lys\u00e9ge 1-3 cm<br \/>\nVet\u00e9s janu\u00e1r 20-t\u00f3l<br \/>\nVet\u00e9smennyis\u00e9g 25-30 gramm\/hekt\u00e1r<br \/>\nA magvakb\u00f3l, pal\u00e1nt\u00e1kb\u00f3l t\u00f6rt\u00e9n\u0151 el\u0151\u00e1ll\u00edt\u00e1s fajt\u00e1i<br \/>\nSz\u00edn: intenz\u00edv v\u00f6r\u00f6s<br \/>\n\u00c1ltal\u00e1noss\u00e1gok:<\/p>\n<p>250-350 magot tartalmaz grammonk\u00e9nt<br \/>\nS\u00falya 0,3 gramm<br \/>\n\u00dcltet\u00e9s janu\u00e1r-m\u00e1jus<br \/>\nSz\u00fcret j\u00fanius-szeptember<\/p>\n<p>A csomag 0,3 gr magot tartalmaz<\/p>\n","protected":false},"featured_media":23484,"comment_status":"closed","ping_status":"closed","template":"","meta":[],"product_brand":[],"product_cat":[381],"product_tag":[],"class_list":{"0":"post-23483","1":"product","2":"type-product","3":"status-publish","4":"has-post-thumbnail","6":"product_cat-paradicsom-vetomagok-bolgar-florian-vetomagok","8":"first","9":"instock","10":"taxable","11":"shipping-taxable","12":"purchasable","13":"product-type-simple"},"_links":{"self":[{"href":"https:\/\/chilimag.hu\/webshop\/wp-json\/wp\/v2\/product\/23483","targetHints":{"allow":["GET"]}}],"collection":[{"href":"https:\/\/chilimag.hu\/webshop\/wp-json\/wp\/v2\/product"}],"about":[{"href":"https:\/\/chilimag.hu\/webshop\/wp-json\/wp\/v2\/types\/product"}],"replies":[{"embeddable":true,"href":"https:\/\/chilimag.hu\/webshop\/wp-json\/wp\/v2\/comments?post=23483"}],"wp:featuredmedia":[{"embeddable":true,"href":"https:\/\/chilimag.hu\/webshop\/wp-json\/wp\/v2\/media\/23484"}],"wp:attachment":[{"href":"https:\/\/chilimag.hu\/webshop\/wp-json\/wp\/v2\/media?parent=23483"}],"wp:term":[{"taxonomy":"product_brand","embeddable":true,"href":"https:\/\/chilimag.hu\/webshop\/wp-json\/wp\/v2\/product_brand?post=23483"},{"taxonomy":"product_cat","embeddable":true,"href":"https:\/\/chilimag.hu\/webshop\/wp-json\/wp\/v2\/product_cat?post=23483"},{"taxonomy":"product_tag","embeddable":true,"href":"https:\/\/chilimag.hu\/webshop\/wp-json\/wp\/v2\/product_tag?post=23483"}],"curies":[{"name":"wp","href":"https:\/\/api.w.org\/{rel}","templated":true}]}}