{"id":23478,"date":"2023-03-31T16:24:02","date_gmt":"2023-03-31T16:24:02","guid":{"rendered":"https:\/\/chilimag.hu\/webshop\/?post_type=product&#038;p=23478"},"modified":"2026-02-25T10:09:38","modified_gmt":"2026-02-25T10:09:38","slug":"paradicsom-saint-pierre-florian-bg","status":"publish","type":"product","link":"https:\/\/chilimag.hu\/webshop\/termek\/paradicsom-saint-pierre-florian-bg\/","title":{"rendered":"Paradicsom Saint Pierre Florian Bg"},"content":{"rendered":"","protected":false},"excerpt":{"rendered":"<p><img decoding=\"async\" class=\"img-inline\" src=\"https:\/\/brcci.eu\/cache\/thumbnails\/12ecd0e6e419f1b9b1484ef02ad361979dd8e054\/1a6c5e1406ad462ca86d17b2800862d7f837862c-829875ad0a268b741b7edd818ffce098.png\" alt=\"FLORIAN OOD\" \/><\/p>\n<p>Hagyom\u00e1nyos francia fajta \u00fcvegh\u00e1zi \u00e9s sz\u00e1nt\u00f3f\u00f6ldi termeszt\u00e9sre, kora tavaszt\u00f3l ny\u00e1r v\u00e9g\u00e9ig. Term\u00e9se j\u00f3l form\u00e1lt, kem\u00e9ny, \u00e1tlagos t\u00f6mege 180-200 gramm. Enyh\u00e9n h\u0171v\u00f6s \u00e9ghajlati viszonyokat, sz\u00e1razs\u00e1got, fagyos \u00e9ghajlati viszonyokat b\u00edrja Veget\u00e1ci\u00f3s peri\u00f3dus 75-90 nap.<\/p>\n<p>A zs\u00e1kban l\u00e9v\u0151 magok sz\u00e1ma: 0,5 gr &#8211; 150 mag<\/p>\n<p>Vet\u00e9s ideje:<\/p>\n<p>korai gy\u00e1rt\u00e1sra janu\u00e1r 20-febru\u00e1r 25<br \/>\nf\u00e9lkorai gy\u00e1rt\u00e1sra m\u00e1rcius 1-30<br \/>\nk\u00e9s\u0151i gy\u00e1rt\u00e1sra \u00e1prilis 25-m\u00e1jus 10.<br \/>\nVet\u00e9sm\u00e9lys\u00e9g 1-3 cm.<br \/>\nMagok mennyis\u00e9ge zs\u00e1konk\u00e9nt: 1 gramm (250-350 db).<br \/>\nA vet\u0151mag mennyis\u00e9ge egy hekt\u00e1ron 25-30 gramm.<br \/>\nM\u0171szaki adatok:<\/p>\n<p>M\u00e9lys\u00e9ge 1-3 cm<br \/>\nVet\u00e9s: janu\u00e1r 20-febru\u00e1r 25., m\u00e1rcius 1-30, \u00e1prilis 25-m\u00e1jus 10.<br \/>\nVet\u00e9smennyis\u00e9g 25-30 gramm\/hekt\u00e1r<br \/>\nA magvakb\u00f3l, pal\u00e1nt\u00e1kb\u00f3l t\u00f6rt\u00e9n\u0151 el\u0151\u00e1ll\u00edt\u00e1s fajt\u00e1i<br \/>\n\u00c1ltal\u00e1noss\u00e1gok:<\/p>\n<p>250-350 magot tartalmaz 1 grammonk\u00e9nt<br \/>\nS\u00falya 0,5 gramm<br \/>\n\u00dcltet\u00e9s m\u00e1rcius-j\u00fanius<br \/>\nSz\u00fcret j\u00fanius-szeptember<br \/>\nVeget\u00e1ci\u00f3ja 75-90 nap<\/p>\n<p>A csomag 0,5 gramm magot tartalmaz.<\/p>\n","protected":false},"featured_media":23479,"comment_status":"closed","ping_status":"closed","template":"","meta":[],"product_brand":[],"product_cat":[381],"product_tag":[],"class_list":{"0":"post-23478","1":"product","2":"type-product","3":"status-publish","4":"has-post-thumbnail","6":"product_cat-paradicsom-vetomagok-bolgar-florian-vetomagok","8":"first","9":"instock","10":"taxable","11":"shipping-taxable","12":"purchasable","13":"product-type-simple"},"_links":{"self":[{"href":"https:\/\/chilimag.hu\/webshop\/wp-json\/wp\/v2\/product\/23478","targetHints":{"allow":["GET"]}}],"collection":[{"href":"https:\/\/chilimag.hu\/webshop\/wp-json\/wp\/v2\/product"}],"about":[{"href":"https:\/\/chilimag.hu\/webshop\/wp-json\/wp\/v2\/types\/product"}],"replies":[{"embeddable":true,"href":"https:\/\/chilimag.hu\/webshop\/wp-json\/wp\/v2\/comments?post=23478"}],"wp:featuredmedia":[{"embeddable":true,"href":"https:\/\/chilimag.hu\/webshop\/wp-json\/wp\/v2\/media\/23479"}],"wp:attachment":[{"href":"https:\/\/chilimag.hu\/webshop\/wp-json\/wp\/v2\/media?parent=23478"}],"wp:term":[{"taxonomy":"product_brand","embeddable":true,"href":"https:\/\/chilimag.hu\/webshop\/wp-json\/wp\/v2\/product_brand?post=23478"},{"taxonomy":"product_cat","embeddable":true,"href":"https:\/\/chilimag.hu\/webshop\/wp-json\/wp\/v2\/product_cat?post=23478"},{"taxonomy":"product_tag","embeddable":true,"href":"https:\/\/chilimag.hu\/webshop\/wp-json\/wp\/v2\/product_tag?post=23478"}],"curies":[{"name":"wp","href":"https:\/\/api.w.org\/{rel}","templated":true}]}}