{"id":23467,"date":"2023-03-30T18:21:49","date_gmt":"2023-03-30T18:21:49","guid":{"rendered":"https:\/\/chilimag.hu\/webshop\/?post_type=product&#038;p=23467"},"modified":"2026-01-17T13:15:43","modified_gmt":"2026-01-17T13:15:43","slug":"paradicsom-ideal-florian-bg","status":"publish","type":"product","link":"https:\/\/chilimag.hu\/webshop\/termek\/paradicsom-ideal-florian-bg\/","title":{"rendered":"Paradicsom Ideal Florian Bg"},"content":{"rendered":"","protected":false},"excerpt":{"rendered":"<p><img decoding=\"async\" class=\"img-inline\" src=\"https:\/\/brcci.eu\/cache\/thumbnails\/12ecd0e6e419f1b9b1484ef02ad361979dd8e054\/1a6c5e1406ad462ca86d17b2800862d7f837862c-829875ad0a268b741b7edd818ffce098.png\" alt=\"FLORIAN OOD\" \/><\/p>\n<p>Nagyon n\u00e9pszer\u0171 indetermin\u00e1lt bolg\u00e1r f\u00e9lkorai paradicsomfajta, szabadf\u00f6ldi termeszt\u00e9sre \u00e9s fogyaszt\u00e1sra alkalmas, \u00e1ltal\u00e1ban nyersen. A gy\u00fcm\u00f6lcs\u00f6k \u00e1tlagos m\u00e9rete 180-250 gramm, nagyon l\u00e1gy \u00e1llag\u00faak \u00e9s kiv\u00e1l\u00f3 \u00edz\u0171ek. A veget\u00e1ci\u00f3s id\u0151szak 110-120 nap.<\/p>\n<p>Magok sz\u00e1ma csomagonk\u00e9nt: 150 mag (0,5 gr)<\/p>\n<p>\u00dcltet\u00e9s &#8211; 70-80 cm a sorok k\u00f6z\u00f6tt \u00e9s 30-40 cm a n\u00f6v\u00e9nyek k\u00f6z\u00f6tt.<\/p>\n<p>Vet\u00e9s ideje:<\/p>\n<p>korai gy\u00e1rt\u00e1sra janu\u00e1r 20-febru\u00e1r 25<br \/>\nf\u00e9lkorai gy\u00e1rt\u00e1sra m\u00e1rcius 1-30<br \/>\nk\u00e9s\u0151i gy\u00e1rt\u00e1sra \u00e1prilis 25-m\u00e1jus 10.<br \/>\nVet\u00e9sm\u00e9lys\u00e9g 1-3 cm.<br \/>\nMagok mennyis\u00e9ge zs\u00e1konk\u00e9nt: 1 gramm (250-350 db).<br \/>\nM\u0171szaki adatok:<\/p>\n<p>M\u00e9lys\u00e9ge 1-3 cm<br \/>\nVet\u00e9s: janu\u00e1r 20-febru\u00e1r 25., m\u00e1rcius 1-30, \u00e1prilis 25-m\u00e1jus 10.<br \/>\nVet\u00e9smennyis\u00e9g 25-30 gramm\/hekt\u00e1r<br \/>\nA magvakb\u00f3l, pal\u00e1nt\u00e1kb\u00f3l t\u00f6rt\u00e9n\u0151 el\u0151\u00e1ll\u00edt\u00e1s fajt\u00e1i<br \/>\n\u00c1ltal\u00e1noss\u00e1gok:<\/p>\n<p>250-350 magot tartalmaz grammonk\u00e9nt<br \/>\nS\u00falya 1 gramm<br \/>\n\u00dcltet\u00e9s m\u00e1rcius-j\u00fanius<br \/>\nSz\u00fcret j\u00fanius-szeptember<br \/>\nVeget\u00e1ci\u00f3ja 110-120 nap<br \/>\nTov\u00e1bbi inform\u00e1ci\u00f3 err\u0151l a forr\u00e1ssz\u00f6vegr\u0151lTov\u00e1bbi ford\u00edt\u00e1si inform\u00e1ci\u00f3hoz forr\u00e1ssz\u00f6veg sz\u00fcks\u00e9ges<\/p>\n<p>A csomag 0,5 gramm magot tartalmaz<\/p>\n","protected":false},"featured_media":23730,"comment_status":"closed","ping_status":"closed","template":"","meta":[],"product_brand":[],"product_cat":[381],"product_tag":[],"class_list":{"0":"post-23467","1":"product","2":"type-product","3":"status-publish","4":"has-post-thumbnail","6":"product_cat-paradicsom-vetomagok-bolgar-florian-vetomagok","8":"first","9":"instock","10":"taxable","11":"shipping-taxable","12":"purchasable","13":"product-type-simple"},"_links":{"self":[{"href":"https:\/\/chilimag.hu\/webshop\/wp-json\/wp\/v2\/product\/23467","targetHints":{"allow":["GET"]}}],"collection":[{"href":"https:\/\/chilimag.hu\/webshop\/wp-json\/wp\/v2\/product"}],"about":[{"href":"https:\/\/chilimag.hu\/webshop\/wp-json\/wp\/v2\/types\/product"}],"replies":[{"embeddable":true,"href":"https:\/\/chilimag.hu\/webshop\/wp-json\/wp\/v2\/comments?post=23467"}],"wp:featuredmedia":[{"embeddable":true,"href":"https:\/\/chilimag.hu\/webshop\/wp-json\/wp\/v2\/media\/23730"}],"wp:attachment":[{"href":"https:\/\/chilimag.hu\/webshop\/wp-json\/wp\/v2\/media?parent=23467"}],"wp:term":[{"taxonomy":"product_brand","embeddable":true,"href":"https:\/\/chilimag.hu\/webshop\/wp-json\/wp\/v2\/product_brand?post=23467"},{"taxonomy":"product_cat","embeddable":true,"href":"https:\/\/chilimag.hu\/webshop\/wp-json\/wp\/v2\/product_cat?post=23467"},{"taxonomy":"product_tag","embeddable":true,"href":"https:\/\/chilimag.hu\/webshop\/wp-json\/wp\/v2\/product_tag?post=23467"}],"curies":[{"name":"wp","href":"https:\/\/api.w.org\/{rel}","templated":true}]}}