{"id":23417,"date":"2023-03-29T19:14:01","date_gmt":"2023-03-29T19:14:01","guid":{"rendered":"https:\/\/chilimag.hu\/webshop\/?post_type=product&#038;p=23417"},"modified":"2026-02-15T11:21:01","modified_gmt":"2026-02-15T11:21:01","slug":"paradicsom-medelina-profi-florian-bg","status":"publish","type":"product","link":"https:\/\/chilimag.hu\/webshop\/termek\/paradicsom-medelina-profi-florian-bg\/","title":{"rendered":"Paradicsom Medelina Profi Florian Bg"},"content":{"rendered":"","protected":false},"excerpt":{"rendered":"<p><img decoding=\"async\" class=\"img-inline\" src=\"https:\/\/brcci.eu\/cache\/thumbnails\/12ecd0e6e419f1b9b1484ef02ad361979dd8e054\/1a6c5e1406ad462ca86d17b2800862d7f837862c-829875ad0a268b741b7edd818ffce098.png\" alt=\"FLORIAN OOD\" \/><\/p>\n<p>A Medelina egy \u00faj bolg\u00e1r fajta, hat\u00e1rozatlan n\u00f6veked\u00e9s\u0171, magas sz\u00e1r\u00fa, nagy term\u0151k\u00e9pess\u00e9g\u0171, f\u00e9lkorai termeszt\u00e9sre alkalmas. A n\u00f6v\u00e9nyek k\u00f6zepesen er\u0151sen fejlettek. Term\u00e9se \u00e9retten piros, barna \u00e9s nagyon nagy, \u00f3ri\u00e1s t\u00edpus\u00fa, \u00e1tlagos t\u00f6mege 300-500 gr, s\u0151t t\u00f6bb, enyh\u00e9n elliptikus kerek, a farok k\u00f6r\u00fcl nagyon kicsi g\u00f6d\u00f6rrel, hosszanti bord\u00e1kkal, k\u00f6zepes er\u0151ss\u00e9g\u0171, v\u00e9kony a h\u00fasos r\u00e9sz\u00e9n cellul\u00f3zmentes b\u0151r, k\u00fcl\u00f6nleges \u00edzmin\u0151s\u00e9ggel, az \u00e1llaga kellemes, \u00e9des, mint a m\u00e9z. A fajta v\u00e9dett helyen \u00e9s szabadban is termeszthet\u0151. N\u00f6veked\u00e9s a tart\u00f3szerkezeten. Friss fogyaszt\u00e1sra alkalmas.<\/p>\n<p>Vet\u00e9si id\u0151szak &#8211; \u00fcvegh\u00e1zakn\u00e1l &#8211; janu\u00e1r\/febru\u00e1r, sz\u00e1nt\u00f3f\u00f6ldekn\u00e9l &#8211; febru\u00e1r\/m\u00e1rcius<br \/>\n\u00dcltet\u00e9si id\u0151szak &#8211; m\u00e1rcius\/\u00e1prilis, szabadban &#8211; \u00e1prilis 15 &#8211; m\u00e1jus 15<br \/>\n\u00dcltet\u00e9si s\u00e9ma &#8211; egy sorban 80\/40 cm, k\u00e9t sorban 80\/55\/40 cm<br \/>\nVet\u0151mennyis\u00e9g &#8211; 20-25 gr\/10 \u00e1r<br \/>\nMagok sz\u00e1ma 1 grammonk\u00e9nt: 350-400 mag<\/p>\n<p>A csomag 0.3 grammot tartalmaz.<\/p>\n","protected":false},"featured_media":23418,"comment_status":"closed","ping_status":"closed","template":"","meta":[],"product_brand":[],"product_cat":[381],"product_tag":[],"class_list":{"0":"post-23417","1":"product","2":"type-product","3":"status-publish","4":"has-post-thumbnail","6":"product_cat-paradicsom-vetomagok-bolgar-florian-vetomagok","8":"first","9":"instock","10":"taxable","11":"shipping-taxable","12":"purchasable","13":"product-type-simple"},"_links":{"self":[{"href":"https:\/\/chilimag.hu\/webshop\/wp-json\/wp\/v2\/product\/23417","targetHints":{"allow":["GET"]}}],"collection":[{"href":"https:\/\/chilimag.hu\/webshop\/wp-json\/wp\/v2\/product"}],"about":[{"href":"https:\/\/chilimag.hu\/webshop\/wp-json\/wp\/v2\/types\/product"}],"replies":[{"embeddable":true,"href":"https:\/\/chilimag.hu\/webshop\/wp-json\/wp\/v2\/comments?post=23417"}],"wp:featuredmedia":[{"embeddable":true,"href":"https:\/\/chilimag.hu\/webshop\/wp-json\/wp\/v2\/media\/23418"}],"wp:attachment":[{"href":"https:\/\/chilimag.hu\/webshop\/wp-json\/wp\/v2\/media?parent=23417"}],"wp:term":[{"taxonomy":"product_brand","embeddable":true,"href":"https:\/\/chilimag.hu\/webshop\/wp-json\/wp\/v2\/product_brand?post=23417"},{"taxonomy":"product_cat","embeddable":true,"href":"https:\/\/chilimag.hu\/webshop\/wp-json\/wp\/v2\/product_cat?post=23417"},{"taxonomy":"product_tag","embeddable":true,"href":"https:\/\/chilimag.hu\/webshop\/wp-json\/wp\/v2\/product_tag?post=23417"}],"curies":[{"name":"wp","href":"https:\/\/api.w.org\/{rel}","templated":true}]}}