{"id":23414,"date":"2023-03-29T19:08:03","date_gmt":"2023-03-29T19:08:03","guid":{"rendered":"https:\/\/chilimag.hu\/webshop\/?post_type=product&#038;p=23414"},"modified":"2026-03-12T16:03:56","modified_gmt":"2026-03-12T16:03:56","slug":"paradicsom-babino-chudo-profi-florian-bg","status":"publish","type":"product","link":"https:\/\/chilimag.hu\/webshop\/termek\/paradicsom-babino-chudo-profi-florian-bg\/","title":{"rendered":"Paradicsom Babino chudo Profi Line Gold Florian Bg"},"content":{"rendered":"","protected":false},"excerpt":{"rendered":"<p><img decoding=\"async\" class=\"img-inline\" src=\"https:\/\/brcci.eu\/cache\/thumbnails\/12ecd0e6e419f1b9b1484ef02ad361979dd8e054\/1a6c5e1406ad462ca86d17b2800862d7f837862c-829875ad0a268b741b7edd818ffce098.png\" alt=\"FLORIAN OOD\" \/><\/p>\n<p>A nagymama csod\u00e1ja<\/p>\n<p>Bolg\u00e1r \u00d3ri\u00e1s t\u00edpus\u00fa \u00faj bolg\u00e1r, indetermin\u00e1lt, k\u00f6z\u00e9pkora \u00e9r\u00e9s\u0171 paradicsomfajta, Florian szelekci\u00f3. A n\u00f6v\u00e9nyek er\u0151teljesek, vastag sz\u00e1rral, k\u00f6zepesen hossz\u00fa intern\u00f3diumokkal. Gy\u00fcm\u00f6lcsei pirosak, lapos kerekek, z\u00f6ld gy\u0171r\u0171vel, k\u00f6zepesen bord\u00e1zottak, nagyon nagy \u00d3ri\u00e1s t\u00edpus\u00faak, el\u00e9rik a 800 g-1,5 kg-ot, k\u00f6zepesen kem\u00e9nyek, h\u00fasosak, arom\u00e1sak \u00e9s rendk\u00edv\u00fcl \u00edzletesek. K\u00f6z\u00e9pkorai termeszt\u00e9sre alkalmas els\u0151sorban ny\u00edlt ter\u00fcleteken \u00e9s polietil\u00e9n \u00fcvegh\u00e1zakban, nagyobb n\u00f6v\u00e9ny- \u00e9s sort\u00e1vols\u00e1gokkal, mert nagyon er\u0151sek. A n\u00f6v\u00e9nyek termeszt\u00e9se &#8211; egysz\u00e1r\u00fa tart\u00f3szerkezeten. Friss fogyaszt\u00e1sra sz\u00e1nt.<br \/>\nVet\u00e9sid\u0151: \u00fcvegh\u00e1zakba &#8211; janu\u00e1r-febru\u00e1r, szabadf\u00f6ldre &#8211; febru\u00e1r-m\u00e1rcius<br \/>\n\u00dcltet\u00e9si id\u0151szak: \u00fcvegh\u00e1zakhoz &#8211; m\u00e1rcius-\u00e1prilis, szabadban &#8211; \u00e1prilis 15-m\u00e1jus 15.<br \/>\n\u00dcltet\u00e9si s\u00e9ma: egysoros 80\/40 cm, k\u00e9tsoros 80\/55\/40 cm.<br \/>\nVet\u00e9smennyis\u00e9g: 20-25 g\/ha<\/p>\n<p>A csomag 0,3 gramm-ot tartalmaz.<\/p>\n","protected":false},"featured_media":23425,"comment_status":"closed","ping_status":"closed","template":"","meta":[],"product_brand":[],"product_cat":[381],"product_tag":[],"class_list":{"0":"post-23414","1":"product","2":"type-product","3":"status-publish","4":"has-post-thumbnail","6":"product_cat-paradicsom-vetomagok-bolgar-florian-vetomagok","8":"first","9":"instock","10":"taxable","11":"shipping-taxable","12":"purchasable","13":"product-type-simple"},"_links":{"self":[{"href":"https:\/\/chilimag.hu\/webshop\/wp-json\/wp\/v2\/product\/23414","targetHints":{"allow":["GET"]}}],"collection":[{"href":"https:\/\/chilimag.hu\/webshop\/wp-json\/wp\/v2\/product"}],"about":[{"href":"https:\/\/chilimag.hu\/webshop\/wp-json\/wp\/v2\/types\/product"}],"replies":[{"embeddable":true,"href":"https:\/\/chilimag.hu\/webshop\/wp-json\/wp\/v2\/comments?post=23414"}],"wp:featuredmedia":[{"embeddable":true,"href":"https:\/\/chilimag.hu\/webshop\/wp-json\/wp\/v2\/media\/23425"}],"wp:attachment":[{"href":"https:\/\/chilimag.hu\/webshop\/wp-json\/wp\/v2\/media?parent=23414"}],"wp:term":[{"taxonomy":"product_brand","embeddable":true,"href":"https:\/\/chilimag.hu\/webshop\/wp-json\/wp\/v2\/product_brand?post=23414"},{"taxonomy":"product_cat","embeddable":true,"href":"https:\/\/chilimag.hu\/webshop\/wp-json\/wp\/v2\/product_cat?post=23414"},{"taxonomy":"product_tag","embeddable":true,"href":"https:\/\/chilimag.hu\/webshop\/wp-json\/wp\/v2\/product_tag?post=23414"}],"curies":[{"name":"wp","href":"https:\/\/api.w.org\/{rel}","templated":true}]}}