{"id":23411,"date":"2023-03-29T19:00:28","date_gmt":"2023-03-29T19:00:28","guid":{"rendered":"https:\/\/chilimag.hu\/webshop\/?post_type=product&#038;p=23411"},"modified":"2026-02-01T12:05:56","modified_gmt":"2026-02-01T12:05:56","slug":"paradicsom-stara-mechta-f1-profi-florian-bg","status":"publish","type":"product","link":"https:\/\/chilimag.hu\/webshop\/termek\/paradicsom-stara-mechta-f1-profi-florian-bg\/","title":{"rendered":"Paradicsom Stara Mechta F1 Profy Line Gold Florian Bg"},"content":{"rendered":"","protected":false},"excerpt":{"rendered":"<p><img decoding=\"async\" class=\"img-inline\" src=\"https:\/\/brcci.eu\/cache\/thumbnails\/12ecd0e6e419f1b9b1484ef02ad361979dd8e054\/1a6c5e1406ad462ca86d17b2800862d7f837862c-829875ad0a268b741b7edd818ffce098.png\" alt=\"FLORIAN OOD\" \/><\/p>\n<p>Le\u00edr\u00e1s<\/p>\n<p>A Stara Mechta egy \u00faj paradicsomhibrid, amely polietil\u00e9n \u00fcvegh\u00e1zakban \u00e9s szabadf\u00f6ld\u00f6n t\u00f6rt\u00e9n\u0151 f\u00e9lkorai termeszt\u00e9sre alkalmas. A n\u00f6v\u00e9nyek hat\u00e1rozatlanok, nagyon j\u00f3l fejlett gy\u00f6k\u00e9rzettel \u00e9s er\u0151s sz\u00e1rral, vastagok \u00e9s sok level\u0171ek, amelyek k\u00f6zepes hossz\u00fas\u00e1g\u00faak vagy hossz\u00faak, k\u00f6z\u00e9pz\u00f6ld sz\u00edn\u0171ek, ami n\u00f6veli a fajta magas \u00e9s alacsony h\u0151m\u00e9rs\u00e9kletekkel szembeni ellen\u00e1ll\u00f3 k\u00e9pess\u00e9g\u00e9t.<\/p>\n<p>A csomagban l\u00e9v\u0151 magok sz\u00e1ma &#8211; 50 mag<\/p>\n<p>Gy\u00fcm\u00f6lcsei nagyok \u00e9s nagyon nagyok, 250-300 gramm t\u00f6meg\u0171ek, egyenesek \u00e9s kerekek, sim\u00e1k vagy a farok k\u00f6r\u00fcl kis bord\u00e1kkal, k\u00f6zepes kem\u00e9nys\u00e9g\u0171ek, nem repedeznek, egys\u00e9ges v\u00f6r\u00f6s sz\u00edn\u0171ek, h\u00fasosak \u00e9s finom tartalommal rendelkeznek. \u00e9s kiv\u00e1l\u00f3 \u00edz, amely a r\u00e9gi paradicsomfajt\u00e1kra eml\u00e9keztet, \u00e9s ihlette a fajta nev\u00e9t.<\/p>\n<p>A vir\u00e1gok sz\u00e1m\u00e1nak 4-5-re val\u00f3 cs\u00f6kkent\u00e9se a bimb\u00f3z\u00e1s kezdet\u00e9n seg\u00edt kiegyenl\u00edteni a vir\u00e1gz\u00e1son bel\u00fcli term\u00e9seket, mik\u00f6zben megtartja m\u00e9ret\u00fcket a kiv\u00e1l\u00f3 vir\u00e1gz\u00e1shoz, s\u00falyuk pedig el\u00e9ri a 350 grammot \u00e9s m\u00e9g t\u00f6bbet is. A n\u00f6v\u00e9nyek \u00e9s gy\u00fcm\u00f6lcs\u00f6k tulajdons\u00e1gai hat\u00e1rozz\u00e1k meg, hogy a fajta alkalmas kistermel\u0151k \u00e9s amat\u0151r kert\u00e9szek sz\u00e1m\u00e1ra.<\/p>\n<p>A termel\u00e9s rendeltet\u00e9si helye &#8211; kereskedelmi forgalomba hozatal \u00fatj\u00e1n friss fogyaszt\u00e1sra.<br \/>\nTermeszt\u00e9s &#8211; egy sorban, tart\u00f3szerkezeten sz\u00e1rral, 6 vir\u00e1gz\u00e1s ut\u00e1n 80\/40 cm-es mint\u00e1n.<br \/>\nA betakar\u00edt\u00e1s 12-14 tonna\/1000 m\u00e9ter.<br \/>\nA fajta ellen\u00e1ll a doh\u00e1nymozaiknak, a verticilian \u00e9s a fuz\u00e1riumos hervad\u00e1snak. Vet\u0151mennyis\u00e9g &#8211; 25 gramm\/1000 m\u00e9ter.<br \/>\nVet\u00e9si id\u0151szak &#8211; \u00fcvegh\u00e1zakn\u00e1l: janu\u00e1r-febru\u00e1r, szabadban &#8211; febru\u00e1r-m\u00e1rcius.<br \/>\n\u00dcltet\u00e9si id\u0151szak &#8211; \u00fcvegh\u00e1zakn\u00e1l: m\u00e1rcius-\u00e1prilis, szabadban &#8211; \u00e1prilis 15-m\u00e1jus 15.<br \/>\nVet\u0151mag mennyis\u00e9ge zs\u00e1konk\u00e9nt: 100 mag.<\/p>\n<p>M\u0171szaki adatok:<\/p>\n<p>M\u00e9lys\u00e9ge 1-1,5 cm<br \/>\nVet\u00e9s janu\u00e1r-febru\u00e1r, febru\u00e1r-m\u00e1rcius<br \/>\nVet\u0151mennyis\u00e9g 20-25 gramm\/1000 m\u00e9ter<br \/>\nA magvakb\u00f3l, pal\u00e1nt\u00e1kb\u00f3l t\u00f6rt\u00e9n\u0151 el\u0151\u00e1ll\u00edt\u00e1s fajt\u00e1i<br \/>\n\u00c1ltal\u00e1noss\u00e1gok:<\/p>\n<p>50 db magot tartalmaz<br \/>\nS\u00falya 0,2 gramm<br \/>\n\u00dcltet\u00e9s m\u00e1rcius-\u00e1prilis (\u00fcvegh\u00e1zak) \u00e1prilis 15-m\u00e1jus 15. (szabadban)<\/p>\n<p>A csomag 50 szem magot tartalmaz<\/p>\n","protected":false},"featured_media":23412,"comment_status":"closed","ping_status":"closed","template":"","meta":[],"product_brand":[],"product_cat":[381],"product_tag":[],"class_list":{"0":"post-23411","1":"product","2":"type-product","3":"status-publish","4":"has-post-thumbnail","6":"product_cat-paradicsom-vetomagok-bolgar-florian-vetomagok","8":"first","9":"instock","10":"taxable","11":"shipping-taxable","12":"purchasable","13":"product-type-simple"},"_links":{"self":[{"href":"https:\/\/chilimag.hu\/webshop\/wp-json\/wp\/v2\/product\/23411","targetHints":{"allow":["GET"]}}],"collection":[{"href":"https:\/\/chilimag.hu\/webshop\/wp-json\/wp\/v2\/product"}],"about":[{"href":"https:\/\/chilimag.hu\/webshop\/wp-json\/wp\/v2\/types\/product"}],"replies":[{"embeddable":true,"href":"https:\/\/chilimag.hu\/webshop\/wp-json\/wp\/v2\/comments?post=23411"}],"wp:featuredmedia":[{"embeddable":true,"href":"https:\/\/chilimag.hu\/webshop\/wp-json\/wp\/v2\/media\/23412"}],"wp:attachment":[{"href":"https:\/\/chilimag.hu\/webshop\/wp-json\/wp\/v2\/media?parent=23411"}],"wp:term":[{"taxonomy":"product_brand","embeddable":true,"href":"https:\/\/chilimag.hu\/webshop\/wp-json\/wp\/v2\/product_brand?post=23411"},{"taxonomy":"product_cat","embeddable":true,"href":"https:\/\/chilimag.hu\/webshop\/wp-json\/wp\/v2\/product_cat?post=23411"},{"taxonomy":"product_tag","embeddable":true,"href":"https:\/\/chilimag.hu\/webshop\/wp-json\/wp\/v2\/product_tag?post=23411"}],"curies":[{"name":"wp","href":"https:\/\/api.w.org\/{rel}","templated":true}]}}