{"id":23407,"date":"2023-03-29T18:54:30","date_gmt":"2023-03-29T18:54:30","guid":{"rendered":"https:\/\/chilimag.hu\/webshop\/?post_type=product&#038;p=23407"},"modified":"2026-02-04T12:27:44","modified_gmt":"2026-02-04T12:27:44","slug":"paradicsom-siyana-f1-profi-florian-bg","status":"publish","type":"product","link":"https:\/\/chilimag.hu\/webshop\/termek\/paradicsom-siyana-f1-profi-florian-bg\/","title":{"rendered":"Paradicsom Siyana F1 Profy Line Gold  Florian Bg"},"content":{"rendered":"","protected":false},"excerpt":{"rendered":"<p><img decoding=\"async\" class=\"img-inline\" src=\"https:\/\/brcci.eu\/cache\/thumbnails\/12ecd0e6e419f1b9b1484ef02ad361979dd8e054\/1a6c5e1406ad462ca86d17b2800862d7f837862c-829875ad0a268b741b7edd818ffce098.png\" alt=\"FLORIAN OOD\" \/><\/p>\n<p>Egy \u00faj bolg\u00e1r hibrid, hat\u00e1rozatlan \u00e9s korai, amelyet nagy term\u0151k\u00e9pess\u00e9g, nagy term\u00e9s \u00e9s kiv\u00e1l\u00f3 \u00edzmin\u0151s\u00e9g jellemez. A n\u00f6v\u00e9nyek k\u00f6zepesen \u00e9leter\u0151sek, k\u00f6z\u00e9phossz\u00fa intern\u00f3diumokkal. Gy\u00fcm\u00f6lcsei g\u00f6mb\u00f6ly\u0171ek, n\u00e9ha lapos-kerekek, mottal, a sz\u00e1r k\u00f6r\u00fcl z\u00f6ld gy\u0171r\u0171 n\u00e9lk\u00fcl, nagyok vagy nagyon nagyok, \u00e1tlagosan 250-350 grammos vagy m\u00e9g enn\u00e9l is nagyobb t\u00f6meg\u0171ek, ezzel teljess\u00e9 v\u00e1lik a Florian m\u00e1rk\u00e1j\u00fa z\u00f6lds\u00e9gmagok sora. A Syiana F1 bolg\u00e1r hibrid v\u00f6r\u00f6s sz\u00edn\u0171, egyenletes \u00e9s intenz\u00edv, k\u00f6zepesen kem\u00e9ny, s\u0171r\u0171 \u00e9s sima, a sz\u00e1r k\u00f6r\u00fcl enyh\u00e9n bord\u00e1zott. A gy\u00fcm\u00f6lcs\u00f6k h\u00fasosak, szuper \u00edzletesek \u00e9s \u00e9desek, kev\u00e9s cellul\u00f3zzal. Friss fogyaszt\u00e1sra sz\u00e1nj\u00e1k. A Syiana F1 bolg\u00e1r hibrid korai \u00e9s f\u00e9lkorai termeszt\u00e9sre alkalmas szabadf\u00f6ld\u00f6n \u00e9s polietil\u00e9n \u00fcvegh\u00e1zakban. A n\u00f6veked\u00e9s egyetlen sz\u00e1ron van, 4-5 vir\u00e1gzattal.<\/p>\n<p>Vet\u00e9si id\u0151szak \u2013 \u00fcvegh\u00e1zakhoz (janu\u00e1r-febru\u00e1r); szabadban (febru\u00e1r-m\u00e1rcius)<\/p>\n<p>\u00dcltet\u00e9si id\u0151szak &#8211; \u00fcvegh\u00e1zakhoz (m\u00e1rcius-\u00e1prilis); szabadban (\u00e1prilis-m\u00e1jus)<\/p>\n<p>\u00dcltet\u00e9si s\u00e9ma &#8211; sorban 80&#215;40 cm; k\u00e9t sorban 80x55x40 cm<\/p>\n<p>Vet\u0151mennyis\u00e9g \u2013 20-25 gramm\/1000 m\u00e9ter<\/p>\n<p>A csomag 50 szem magot tartalmaz<\/p>\n","protected":false},"featured_media":23408,"comment_status":"closed","ping_status":"closed","template":"","meta":[],"product_brand":[],"product_cat":[381],"product_tag":[],"class_list":{"0":"post-23407","1":"product","2":"type-product","3":"status-publish","4":"has-post-thumbnail","6":"product_cat-paradicsom-vetomagok-bolgar-florian-vetomagok","8":"first","9":"instock","10":"taxable","11":"shipping-taxable","12":"purchasable","13":"product-type-simple"},"_links":{"self":[{"href":"https:\/\/chilimag.hu\/webshop\/wp-json\/wp\/v2\/product\/23407","targetHints":{"allow":["GET"]}}],"collection":[{"href":"https:\/\/chilimag.hu\/webshop\/wp-json\/wp\/v2\/product"}],"about":[{"href":"https:\/\/chilimag.hu\/webshop\/wp-json\/wp\/v2\/types\/product"}],"replies":[{"embeddable":true,"href":"https:\/\/chilimag.hu\/webshop\/wp-json\/wp\/v2\/comments?post=23407"}],"wp:featuredmedia":[{"embeddable":true,"href":"https:\/\/chilimag.hu\/webshop\/wp-json\/wp\/v2\/media\/23408"}],"wp:attachment":[{"href":"https:\/\/chilimag.hu\/webshop\/wp-json\/wp\/v2\/media?parent=23407"}],"wp:term":[{"taxonomy":"product_brand","embeddable":true,"href":"https:\/\/chilimag.hu\/webshop\/wp-json\/wp\/v2\/product_brand?post=23407"},{"taxonomy":"product_cat","embeddable":true,"href":"https:\/\/chilimag.hu\/webshop\/wp-json\/wp\/v2\/product_cat?post=23407"},{"taxonomy":"product_tag","embeddable":true,"href":"https:\/\/chilimag.hu\/webshop\/wp-json\/wp\/v2\/product_tag?post=23407"}],"curies":[{"name":"wp","href":"https:\/\/api.w.org\/{rel}","templated":true}]}}