{"id":23404,"date":"2023-03-29T18:51:16","date_gmt":"2023-03-29T18:51:16","guid":{"rendered":"https:\/\/chilimag.hu\/webshop\/?post_type=product&#038;p=23404"},"modified":"2026-02-21T19:48:11","modified_gmt":"2026-02-21T19:48:11","slug":"paradicsom-bulgarski-trapezen-f1-profi-florian-bg","status":"publish","type":"product","link":"https:\/\/chilimag.hu\/webshop\/termek\/paradicsom-bulgarski-trapezen-f1-profi-florian-bg\/","title":{"rendered":"Paradicsom Bulgarski trapezen F1 Profi Florian Bg"},"content":{"rendered":"","protected":false},"excerpt":{"rendered":"<p><img decoding=\"async\" class=\"img-inline\" src=\"https:\/\/brcci.eu\/cache\/thumbnails\/12ecd0e6e419f1b9b1484ef02ad361979dd8e054\/1a6c5e1406ad462ca86d17b2800862d7f837862c-829875ad0a268b741b7edd818ffce098.png\" alt=\"FLORIAN OOD\" \/><\/p>\n<p>A Bulgarski Trapezen egy \u00faj hibrid paradicsomfajta, amely korai \u00e9s f\u00e9lkorai termeszt\u00e9sre alkalmas polietil\u00e9n \u00fcvegh\u00e1zakban \u00e9s szabadf\u00f6ld\u00f6n. A n\u00f6v\u00e9nyek hat\u00e1rozatlanok, er\u0151s gy\u00f6k\u00e9rzettel, vastag sz\u00e1rral \u00e9s sok levelekkel, intenz\u00edv z\u00f6ld-s\u00f6t\u00e9tz\u00f6ld lev\u00e9lsz\u00ednnel, ami n\u00f6veli a magas \u00e9s alacsony h\u0151m\u00e9rs\u00e9kletekkel szembeni ellen\u00e1ll\u00f3 k\u00e9pess\u00e9g\u00fcket.<\/p>\n<p>Vir\u00e1gz\u00e1sa egyszer\u0171 vagy k\u00f6zepes, a nagy \u00e9s nagyon nagy, 250-300 gramm t\u00f6meg\u0171, a vir\u00e1gon bel\u00fcl egyenl\u0151 magass\u00e1g\u00fa \u00e9s a fels\u0151 vir\u00e1gz\u00e1shoz m\u00e9ret\u00fcket megtart\u00f3 gy\u00fcm\u00f6lcs\u00f6k kerek-egyenesek vagy kerekek, sim\u00e1k vagy kis bord\u00e1kkal k\u00f6rbe-k\u00f6rbe, nagyon kem\u00e9ny, nem repedezett, egys\u00e9ges, intenz\u00edv v\u00f6r\u00f6s sz\u00edn\u0171ek, nagyon kellemes \u00edz\u0171ek, a h\u00fasos r\u00e9sz cellul\u00f3zt nem tartalmaz.<\/p>\n<p>A fajta alkalmas mind a hivat\u00e1sos, mind az amat\u0151r kert\u00e9szek sikeres termeszt\u00e9s\u00e9re. A termel\u00e9st friss fogyaszt\u00e1sra sz\u00e1nj\u00e1k a hazai piacon t\u00f6rt\u00e9n\u0151 kereskedelmi forgalomba hozatal r\u00e9v\u00e9n vagy exportra. Termeszt\u00e9s &#8211; sorban, tart\u00f3szerkezeten sz\u00e1rral, 6 vir\u00e1gz\u00e1s ut\u00e1n.<\/p>\n<p>Betakar\u00edt\u00e1s &#8211; 10-12 tonna &#8211; 1000 m\u00e9ter. A fajta ellen\u00e1ll a doh\u00e1nymozaiknak, a verticili\u00e1n \u00e9s a fuz\u00e1ri hervad\u00e1snak, nagyon j\u00f3l toler\u00e1ns a fekete foltokkal, szept\u00f3ri\u00e1val \u00e9s antracn\u00f3zissal szemben.<\/p>\n<p>Vet\u0151mennyis\u00e9g &#8211; 25 gramm\/1000 m\u00e9ter.<br \/>\nVet\u00e9si id\u0151szak &#8211; \u00fcvegh\u00e1zakn\u00e1l: janu\u00e1r-febru\u00e1r, szabadban &#8211; febru\u00e1r-m\u00e1rcius.<br \/>\n\u00dcltet\u00e9si id\u0151szak &#8211; \u00fcvegh\u00e1zakn\u00e1l: m\u00e1rcius-\u00e1prilis, szabadban &#8211; \u00e1prilis 15-m\u00e1jus 15.<br \/>\nMagok mennyis\u00e9ge zs\u00e1konk\u00e9nt: 50 db.<br \/>\n\u00dcltet\u00e9si s\u00e9ma egy sorban 80\/40, k\u00e9t sorban 80\/55\/40.<br \/>\nM\u0171szaki adatok:<\/p>\n<p>M\u00e9lys\u00e9ge 1-1,5 cm<br \/>\nA magvakb\u00f3l, pal\u00e1nt\u00e1kb\u00f3l t\u00f6rt\u00e9n\u0151 el\u0151\u00e1ll\u00edt\u00e1s fajt\u00e1i<\/p>\n<p>A csomag 50 szem magot tartalmaz<\/p>\n","protected":false},"featured_media":23405,"comment_status":"closed","ping_status":"closed","template":"","meta":[],"product_brand":[],"product_cat":[381],"product_tag":[],"class_list":{"0":"post-23404","1":"product","2":"type-product","3":"status-publish","4":"has-post-thumbnail","6":"product_cat-paradicsom-vetomagok-bolgar-florian-vetomagok","8":"first","9":"instock","10":"taxable","11":"shipping-taxable","12":"purchasable","13":"product-type-simple"},"_links":{"self":[{"href":"https:\/\/chilimag.hu\/webshop\/wp-json\/wp\/v2\/product\/23404","targetHints":{"allow":["GET"]}}],"collection":[{"href":"https:\/\/chilimag.hu\/webshop\/wp-json\/wp\/v2\/product"}],"about":[{"href":"https:\/\/chilimag.hu\/webshop\/wp-json\/wp\/v2\/types\/product"}],"replies":[{"embeddable":true,"href":"https:\/\/chilimag.hu\/webshop\/wp-json\/wp\/v2\/comments?post=23404"}],"wp:featuredmedia":[{"embeddable":true,"href":"https:\/\/chilimag.hu\/webshop\/wp-json\/wp\/v2\/media\/23405"}],"wp:attachment":[{"href":"https:\/\/chilimag.hu\/webshop\/wp-json\/wp\/v2\/media?parent=23404"}],"wp:term":[{"taxonomy":"product_brand","embeddable":true,"href":"https:\/\/chilimag.hu\/webshop\/wp-json\/wp\/v2\/product_brand?post=23404"},{"taxonomy":"product_cat","embeddable":true,"href":"https:\/\/chilimag.hu\/webshop\/wp-json\/wp\/v2\/product_cat?post=23404"},{"taxonomy":"product_tag","embeddable":true,"href":"https:\/\/chilimag.hu\/webshop\/wp-json\/wp\/v2\/product_tag?post=23404"}],"curies":[{"name":"wp","href":"https:\/\/api.w.org\/{rel}","templated":true}]}}