{"id":23399,"date":"2023-03-29T18:41:19","date_gmt":"2023-03-29T18:41:19","guid":{"rendered":"https:\/\/chilimag.hu\/webshop\/?post_type=product&#038;p=23399"},"modified":"2026-01-07T18:51:14","modified_gmt":"2026-01-07T18:51:14","slug":"paradicsom-final-profi-florian-bg","status":"publish","type":"product","link":"https:\/\/chilimag.hu\/webshop\/termek\/paradicsom-final-profi-florian-bg\/","title":{"rendered":"Paradicsom Final  F1 Profy Line Gold Florian Bg"},"content":{"rendered":"","protected":false},"excerpt":{"rendered":"<p><img decoding=\"async\" class=\"img-inline\" src=\"https:\/\/brcci.eu\/cache\/thumbnails\/12ecd0e6e419f1b9b1484ef02ad361979dd8e054\/1a6c5e1406ad462ca86d17b2800862d7f837862c-829875ad0a268b741b7edd818ffce098.png\" alt=\"FLORIAN OOD\" \/><\/p>\n<p>A Final F1 egy \u00faj bolg\u00e1r paradicsomhibrid, amely kedvez\u0151en \u00f6tv\u00f6zi az \u00e9rt\u00e9kes biol\u00f3giai \u00e9s gazdas\u00e1gi jellemz\u0151ket &#8211; nagyon korai \u00e9r\u00e9st \u00e9s magas term\u0151k\u00e9pess\u00e9get, egyenletes \u00e9r\u00e9st, m\u00e9retet, kem\u00e9nys\u00e9get \u00e9s a gy\u00fcm\u00f6lcs\u00f6k megfelel\u0151 sz\u00e1ll\u00edthat\u00f3s\u00e1g\u00e1t, melyeket kellemes \u00edzmin\u0151s\u00e9g jellemez, cellul\u00f3z n\u00e9lk\u00fcl.<\/p>\n<p>A n\u00f6v\u00e9nyek f\u00e9lhat\u00e1rozottak, r\u00f6vid csom\u00f3kkal, j\u00f3l fejlett sz\u00e1r\u00faak, amelyek \u00e1ltal\u00e1ban a negyedik-\u00f6t\u00f6dik vir\u00e1gz\u00e1s ut\u00e1n kezdenek \u00f6n\u00e1ll\u00f3an bejutni a talajba.<\/p>\n<p>Ez az \u00e9l\u0151helyt\u00edpus, valamint a r\u00f6vid veget\u00e1ci\u00f3s id\u0151szak olcs\u00f3bb\u00e1 teszi a n\u00f6v\u00e9nyek kezel\u00e9s\u00e9t, megk\u00f6nny\u00edti \u00e9s olcs\u00f3bb\u00e1 teszi a n\u00f6v\u00e9nyv\u00e9delmi tev\u00e9kenys\u00e9geket.<\/p>\n<p>A le\u00edrt tulajdons\u00e1gok sokas\u00e1ga miatt az \u00faj FINAL F1 fajta nagy termeszt\u00e9si kih\u00edv\u00e1s lesz a profik \u00e9s az amat\u0151r\u00f6k sz\u00e1m\u00e1ra. Nagy term\u00e9sek, \u00e1tlagos s\u00falya 220-240 gramm. Vir\u00e1gz\u00e1si szinten egyforma \u00e9s a kiv\u00e1l\u00f3 vir\u00e1gz\u00e1s m\u00e9ret\u00e9t megtartva kerek-egyenes vagy kerek, sim\u00e1k vagy a farok k\u00f6r\u00fcl kis bord\u00e1kkal, nagyon er\u0151sek, nem repednek, egys\u00e9ges v\u00f6r\u00f6s sz\u00edn\u0171ek.<\/p>\n<p>A termel\u00e9s rendeltet\u00e9si helye &#8211; friss fogyaszt\u00e1sra belf\u00f6ldi \u00e9rt\u00e9kes\u00edt\u00e9ssel vagy exportra. Termeszt\u00e9s &#8211; nagyon korai, korai \u00e9s k\u00e9s\u0151i termeszt\u00e9shez polietil\u00e9n \u00fcvegh\u00e1zakban \u00e9s szabadf\u00f6ld\u00f6n, alacsony tart\u00f3szerkezeten l\u00e9v\u0151 sz\u00e1rral. A fajta ellen\u00e1ll az alacsony h\u0151m\u00e9rs\u00e9kletnek, a doh\u00e1nymozaiknak, a verticilian \u00e9s a fusarian hervad\u00e1snak, \u00e9s nagyon j\u00f3l t\u0171ri a fekete foltokat, a szeptori\u00e1t \u00e9s az antracn\u00f3zist.<\/p>\n<p>A Final F1 paradicsomot nagyon j\u00f3 korais\u00e1g jellemzi (hasonl\u00f3an a Prekos F1 hibridhez, m\u00e9g enn\u00e9l is kor\u00e1bbi). A Final F1 r\u00e1ad\u00e1sul a Prekos F1-hez k\u00e9pest sokkal egys\u00e9gesebb m\u00e9ret\u0171 paradicsomot, koncentr\u00e1ltabb k\u00f6t\u00e9st \u00e9s t\u00f6bb gy\u00fcm\u00f6lcs\u00f6t hoz a vir\u00e1gzaton.<\/p>\n<p>A fajta termel\u0151je (bulg\u00e1ri termel\u0151) szerint a Final F1 paradicsom 4-5 emeleten k\u00e9pes megk\u00f6tni a paradicsomot, a n\u00f6v\u00e9ny ut\u00e1na le\u00e1ll\u00edtja n\u00f6veked\u00e9s\u00e9t. Az utols\u00f3 F1 paradicsom a vir\u00e1gzaton egys\u00e9ges, \u00e9s az \u00e9r\u00e9s koncentr\u00e1lt.<\/p>\n<p>Ide\u00e1lis v\u00e1laszt\u00e1s azoknak, akik nagyon korai paradicsomtermeszt\u00e9sre v\u00e1gynak.<\/p>\n<p>Vet\u00e9si ar\u00e1ny &#8211; 20-25 gramm &#8211; 1000 m\u00e9ter.<br \/>\nBetakar\u00edt\u00e1s &#8211; 9-10 tonna\/1000 m\u00e9ter.<\/p>\n<p>A csomag 50 szem magot tartalmaz<\/p>\n","protected":false},"featured_media":23400,"comment_status":"closed","ping_status":"closed","template":"","meta":[],"product_brand":[],"product_cat":[381],"product_tag":[],"class_list":{"0":"post-23399","1":"product","2":"type-product","3":"status-publish","4":"has-post-thumbnail","6":"product_cat-paradicsom-vetomagok-bolgar-florian-vetomagok","8":"first","9":"instock","10":"taxable","11":"shipping-taxable","12":"purchasable","13":"product-type-simple"},"_links":{"self":[{"href":"https:\/\/chilimag.hu\/webshop\/wp-json\/wp\/v2\/product\/23399","targetHints":{"allow":["GET"]}}],"collection":[{"href":"https:\/\/chilimag.hu\/webshop\/wp-json\/wp\/v2\/product"}],"about":[{"href":"https:\/\/chilimag.hu\/webshop\/wp-json\/wp\/v2\/types\/product"}],"replies":[{"embeddable":true,"href":"https:\/\/chilimag.hu\/webshop\/wp-json\/wp\/v2\/comments?post=23399"}],"wp:featuredmedia":[{"embeddable":true,"href":"https:\/\/chilimag.hu\/webshop\/wp-json\/wp\/v2\/media\/23400"}],"wp:attachment":[{"href":"https:\/\/chilimag.hu\/webshop\/wp-json\/wp\/v2\/media?parent=23399"}],"wp:term":[{"taxonomy":"product_brand","embeddable":true,"href":"https:\/\/chilimag.hu\/webshop\/wp-json\/wp\/v2\/product_brand?post=23399"},{"taxonomy":"product_cat","embeddable":true,"href":"https:\/\/chilimag.hu\/webshop\/wp-json\/wp\/v2\/product_cat?post=23399"},{"taxonomy":"product_tag","embeddable":true,"href":"https:\/\/chilimag.hu\/webshop\/wp-json\/wp\/v2\/product_tag?post=23399"}],"curies":[{"name":"wp","href":"https:\/\/api.w.org\/{rel}","templated":true}]}}