{"id":23394,"date":"2023-03-29T18:19:36","date_gmt":"2023-03-29T18:19:36","guid":{"rendered":"https:\/\/chilimag.hu\/webshop\/?post_type=product&#038;p=23394"},"modified":"2026-02-20T01:15:03","modified_gmt":"2026-02-20T01:15:03","slug":"arvacska-sorbet-xp-h-yellow-jump-up-z-s-sl","status":"publish","type":"product","link":"https:\/\/chilimag.hu\/webshop\/termek\/arvacska-sorbet-xp-h-yellow-jump-up-z-s-sl\/","title":{"rendered":"\u00c1rv\u00e1cska Sorbet XP Hibrid Yellow Jump UP Z.S SL"},"content":{"rendered":"","protected":false},"excerpt":{"rendered":"<p><img decoding=\"async\" class=\"active-logo\" src=\"https:\/\/b2b.seklos.lt\/themes\/warehouse\/img\/logo_en.png\" alt=\"Agrofirma S\u0117klos, UAB\" width=\"280\" height=\"95\" \/><\/p>\n<p>Ezek k\u00e9t\u00e9ves vir\u00e1gok. Amikor n\u00e9h\u00e1ny vir\u00e1g elhervad, az \u00fajak vir\u00e1gozni kezdenek. A vir\u00e1gok f\u00e9nyesek \u00e9s kicsik, \u00e9s minden n\u00f6v\u00e9ny 30-40 vir\u00e1got tartalmaz. Ezeket a n\u00f6v\u00e9nyeket \u00e1ltal\u00e1ban cser\u00e9pben, hossz\u00fa \u00fcltet\u0151ben \u00e9s vir\u00e1g\u00e1gy\u00e1sban termesztik. Ez a fajta nem annyira \u00e9rz\u00e9keny a meleg id\u0151j\u00e1r\u00e1sra, de elengedhetetlen, hogy a cs\u00edr\u00e1z\u00f3 talajt nedvesen tartsuk. A n\u00f6v\u00e9ny eg\u00e9sz ny\u00e1ron vir\u00e1gzik a fagyokig. K\u00fcl\u00f6nf\u00e9le talajt\u00edpusokat toler\u00e1l. Ezeket a vir\u00e1gokat \u0151sszel vagy kora tavasszal kell \u00fcltetni.<\/p>\n<p>Hermetikus csomagol\u00e1s Igen<br \/>\nMagok sz\u00e1ma a csomagban, db. 20<br \/>\nVet\u00e9sid\u0151 \u00fcvegh\u00e1zban II -III, 0,5-1 cm<br \/>\nT\u00e1vols\u00e1gok, cm IV, 20x20cm<br \/>\nVir\u00e1gz\u00e1si id\u0151szak IV-VIII, 10-15 cm<br \/>\nM\u00e1rka \u017dalia stotel\u0117<\/p>\n","protected":false},"featured_media":30414,"comment_status":"closed","ping_status":"closed","template":"","meta":[],"product_brand":[],"product_cat":[363],"product_tag":[],"class_list":{"0":"post-23394","1":"product","2":"type-product","3":"status-publish","4":"has-post-thumbnail","6":"product_cat-virag-vetomagok-zalia-stotele","8":"first","9":"instock","10":"taxable","11":"shipping-taxable","12":"purchasable","13":"product-type-simple"},"_links":{"self":[{"href":"https:\/\/chilimag.hu\/webshop\/wp-json\/wp\/v2\/product\/23394","targetHints":{"allow":["GET"]}}],"collection":[{"href":"https:\/\/chilimag.hu\/webshop\/wp-json\/wp\/v2\/product"}],"about":[{"href":"https:\/\/chilimag.hu\/webshop\/wp-json\/wp\/v2\/types\/product"}],"replies":[{"embeddable":true,"href":"https:\/\/chilimag.hu\/webshop\/wp-json\/wp\/v2\/comments?post=23394"}],"wp:featuredmedia":[{"embeddable":true,"href":"https:\/\/chilimag.hu\/webshop\/wp-json\/wp\/v2\/media\/30414"}],"wp:attachment":[{"href":"https:\/\/chilimag.hu\/webshop\/wp-json\/wp\/v2\/media?parent=23394"}],"wp:term":[{"taxonomy":"product_brand","embeddable":true,"href":"https:\/\/chilimag.hu\/webshop\/wp-json\/wp\/v2\/product_brand?post=23394"},{"taxonomy":"product_cat","embeddable":true,"href":"https:\/\/chilimag.hu\/webshop\/wp-json\/wp\/v2\/product_cat?post=23394"},{"taxonomy":"product_tag","embeddable":true,"href":"https:\/\/chilimag.hu\/webshop\/wp-json\/wp\/v2\/product_tag?post=23394"}],"curies":[{"name":"wp","href":"https:\/\/api.w.org\/{rel}","templated":true}]}}