{"id":23364,"date":"2023-03-28T13:47:37","date_gmt":"2023-03-28T13:47:37","guid":{"rendered":"https:\/\/chilimag.hu\/webshop\/?post_type=product&#038;p=23364"},"modified":"2026-01-17T20:40:23","modified_gmt":"2026-01-17T20:40:23","slug":"sutotok-laura-eln-sl","status":"publish","type":"product","link":"https:\/\/chilimag.hu\/webshop\/termek\/sutotok-laura-eln-sl\/","title":{"rendered":"S\u00fct\u00f6t\u00f6k Laura ELN SL"},"content":{"rendered":"","protected":false},"excerpt":{"rendered":"<p><img decoding=\"async\" class=\"active-logo\" src=\"https:\/\/b2b.seklos.lt\/themes\/warehouse\/img\/logo_en.png\" alt=\"Agrofirma S\u0117klos, UAB\" width=\"280\" height=\"95\" \/><\/p>\n<p>1 m2-es kertben, szabadon \u00e1ll\u00f3 cser\u00e9pben termeszt\u00e9sre alkalmas korai \u00e9r\u00e9s\u0171 fajta. Apr\u00f3 term\u00e9sek, 1,0-1,5 kg t\u00f6meg\u0171ek, a gy\u00fcm\u00f6lcs belseje \u00e9l\u00e9nk narancss\u00e1rga sz\u00edn\u0171, m\u00e9g frissen fogyaszthat\u00f3. Az \u00e9rett gy\u00fcm\u00f6lcs\u00f6k alkalmasak hossz\u00fa t\u00e1v\u00fa t\u00e1rol\u00e1sra h\u0171v\u00f6s helyis\u00e9gekben an\u00e9lk\u00fcl, hogy elvesz\u00edten\u00e9k a t\u00e1pl\u00e1lkoz\u00e1si tulajdons\u00e1gaikat. Ezek a z\u00f6lds\u00e9gek kiv\u00e1l\u00f3 karotin- \u00e9s vitaminforr\u00e1sok. A s\u00fct\u0151t\u00f6k alacsony kal\u00f3riatartalm\u00fa z\u00f6lds\u00e9g, ez\u00e9rt fogyni v\u00e1gy\u00f3k sz\u00e1m\u00e1ra is megfelel\u0151. Gyorsan n\u00f6v\u0151, a fagyvesz\u00e9ly elm\u00falt\u00e1val vethet\u0151 \u00e9s \u00fcltethet\u0151. Teny\u00e9szid\u0151szakban kieg\u00e9sz\u00edt\u0151 m\u0171tr\u00e1gy\u00e1z\u00e1s javasolt.<br \/>\nM \u00e1rcsoport<br \/>\nEgy csomagban l\u00e9v\u0151 mennyis\u00e9g 1 g<br \/>\n\u00dcltet\u00e9si t\u00e1vols\u00e1gok VI, 70&#215;100 cm<br \/>\nSz\u00fcret VII-IX<br \/>\nTerm\u0151f\u00f6ld<br \/>\nVet\u00e9sid\u0151 a talajban V-VI<br \/>\nVet\u00e9sid\u0151 \u00fcvegh\u00e1zban IV<br \/>\nGy\u00e1rt\u00f3: Lucia Elite<br \/>\nTesztmez\u0151k Tesztmez\u0151kben bejel\u00f6lve<br \/>\nS\u0117jos gylis, cm 2 cm<br \/>\nT\u00e1vols\u00e1gok, cm 70&#215;100 cm<\/p>\n","protected":false},"featured_media":23366,"comment_status":"closed","ping_status":"closed","template":"","meta":[],"product_brand":[],"product_cat":[368],"product_tag":[],"class_list":{"0":"post-23364","1":"product","2":"type-product","3":"status-publish","4":"has-post-thumbnail","6":"product_cat-zoldseg-vetomagok","8":"first","9":"instock","10":"taxable","11":"shipping-taxable","12":"purchasable","13":"product-type-simple"},"_links":{"self":[{"href":"https:\/\/chilimag.hu\/webshop\/wp-json\/wp\/v2\/product\/23364","targetHints":{"allow":["GET"]}}],"collection":[{"href":"https:\/\/chilimag.hu\/webshop\/wp-json\/wp\/v2\/product"}],"about":[{"href":"https:\/\/chilimag.hu\/webshop\/wp-json\/wp\/v2\/types\/product"}],"replies":[{"embeddable":true,"href":"https:\/\/chilimag.hu\/webshop\/wp-json\/wp\/v2\/comments?post=23364"}],"wp:featuredmedia":[{"embeddable":true,"href":"https:\/\/chilimag.hu\/webshop\/wp-json\/wp\/v2\/media\/23366"}],"wp:attachment":[{"href":"https:\/\/chilimag.hu\/webshop\/wp-json\/wp\/v2\/media?parent=23364"}],"wp:term":[{"taxonomy":"product_brand","embeddable":true,"href":"https:\/\/chilimag.hu\/webshop\/wp-json\/wp\/v2\/product_brand?post=23364"},{"taxonomy":"product_cat","embeddable":true,"href":"https:\/\/chilimag.hu\/webshop\/wp-json\/wp\/v2\/product_cat?post=23364"},{"taxonomy":"product_tag","embeddable":true,"href":"https:\/\/chilimag.hu\/webshop\/wp-json\/wp\/v2\/product_tag?post=23364"}],"curies":[{"name":"wp","href":"https:\/\/api.w.org\/{rel}","templated":true}]}}