{"id":23352,"date":"2023-03-27T19:15:33","date_gmt":"2023-03-27T19:15:33","guid":{"rendered":"https:\/\/chilimag.hu\/webshop\/?post_type=product&#038;p=23352"},"modified":"2025-09-25T06:48:15","modified_gmt":"2025-09-25T06:48:15","slug":"szagos-bukkony-lednek-promise-z-s-sl","status":"publish","type":"product","link":"https:\/\/chilimag.hu\/webshop\/termek\/szagos-bukkony-lednek-promise-z-s-sl\/","title":{"rendered":"Szagosb\u00fckk\u00f6ny Bors\u00f3vir\u00e1g Promise Z.S SL"},"content":{"rendered":"","protected":false},"excerpt":{"rendered":"<p><img decoding=\"async\" class=\"active-logo\" src=\"https:\/\/b2b.seklos.lt\/themes\/warehouse\/img\/logo_en.png\" alt=\"Agrofirma S\u0117klos, UAB\" width=\"280\" height=\"95\" \/><\/p>\n<p>Ezek egyny\u00e1ri k\u00fasz\u00f3vir\u00e1gok, amelyek 2\u20132,5 m\u00e9ter magasra n\u0151nek. Mivel ez a fajta az egyik legdekorat\u00edvabb, sz\u00e1mos d\u00edjat kapott. Vir\u00e1gai hull\u00e1mosak, nagyon sz\u00e9pek, kellemes illat\u00faak. Ez a n\u00f6v\u00e9ny napos, sz\u00e9l\u00e1ll\u00f3 helyen, humuszos talajon fejl\u0151dik. Javasoljuk, hogy a magokat kics\u00edr\u00e1ztassa, majd nedves talajba vetette. Ezeket 3-5 magb\u00f3l \u00e1ll\u00f3 csoportokban kell elvetni a t\u00e1maszt\u00e9kok k\u00f6zel\u00e9ben. Az \u00e9des bors\u00f3 seg\u00edts\u00e9g\u00e9vel illatos, vir\u00e1gz\u00f3 falat k\u00e9sz\u00edthet\u00fcnk a ny\u00e1rra. Ezek a vir\u00e1gok nagyszer\u0171en mutatnak csokrokban.<\/p>\n<p>Mennyis\u00e9g egy csomagban 2 g<br \/>\nMagok sz\u00e1ma grammonk\u00e9nt 10-11<br \/>\nVet\u00e9sid\u0151 a talajban IV\u2013V, 1 cm<br \/>\nGy\u00e1rt\u00f3 \u017dalia stotel\u0117<br \/>\nVir\u00e1gz\u00e1si id\u0151szak VI\u2013VIII, 200-250 cm<br \/>\nT\u00e1vols\u00e1gok, cm V, 20&#215;30 cm<\/p>\n","protected":false},"featured_media":23353,"comment_status":"closed","ping_status":"closed","template":"","meta":[],"product_brand":[],"product_cat":[363],"product_tag":[],"class_list":{"0":"post-23352","1":"product","2":"type-product","3":"status-publish","4":"has-post-thumbnail","6":"product_cat-virag-vetomagok-zalia-stotele","8":"first","9":"instock","10":"taxable","11":"shipping-taxable","12":"purchasable","13":"product-type-simple"},"_links":{"self":[{"href":"https:\/\/chilimag.hu\/webshop\/wp-json\/wp\/v2\/product\/23352","targetHints":{"allow":["GET"]}}],"collection":[{"href":"https:\/\/chilimag.hu\/webshop\/wp-json\/wp\/v2\/product"}],"about":[{"href":"https:\/\/chilimag.hu\/webshop\/wp-json\/wp\/v2\/types\/product"}],"replies":[{"embeddable":true,"href":"https:\/\/chilimag.hu\/webshop\/wp-json\/wp\/v2\/comments?post=23352"}],"wp:featuredmedia":[{"embeddable":true,"href":"https:\/\/chilimag.hu\/webshop\/wp-json\/wp\/v2\/media\/23353"}],"wp:attachment":[{"href":"https:\/\/chilimag.hu\/webshop\/wp-json\/wp\/v2\/media?parent=23352"}],"wp:term":[{"taxonomy":"product_brand","embeddable":true,"href":"https:\/\/chilimag.hu\/webshop\/wp-json\/wp\/v2\/product_brand?post=23352"},{"taxonomy":"product_cat","embeddable":true,"href":"https:\/\/chilimag.hu\/webshop\/wp-json\/wp\/v2\/product_cat?post=23352"},{"taxonomy":"product_tag","embeddable":true,"href":"https:\/\/chilimag.hu\/webshop\/wp-json\/wp\/v2\/product_tag?post=23352"}],"curies":[{"name":"wp","href":"https:\/\/api.w.org\/{rel}","templated":true}]}}