{"id":23348,"date":"2023-03-27T19:09:03","date_gmt":"2023-03-27T19:09:03","guid":{"rendered":"https:\/\/chilimag.hu\/webshop\/?post_type=product&#038;p=23348"},"modified":"2026-03-08T18:50:25","modified_gmt":"2026-03-08T18:50:25","slug":"dohanyvirag-starlight-dancer-z-s-sl","status":"publish","type":"product","link":"https:\/\/chilimag.hu\/webshop\/termek\/dohanyvirag-starlight-dancer-z-s-sl\/","title":{"rendered":"Doh\u00e1nyvir\u00e1g Starlight Dancer Z.S SL"},"content":{"rendered":"","protected":false},"excerpt":{"rendered":"<p><img decoding=\"async\" class=\"active-logo\" src=\"https:\/\/b2b.seklos.lt\/themes\/warehouse\/img\/logo_en.png\" alt=\"Agrofirma S\u0117klos, UAB\" width=\"280\" height=\"95\" \/><\/p>\n<p>60-80 cm magas egyny\u00e1ri vir\u00e1gok. Ez a fajta nagyon dekorat\u00edv. Csillag alak\u00fa, illatos vir\u00e1gait \u00e1ltal\u00e1ban csokrok k\u00e9sz\u00edt\u00e9s\u00e9re haszn\u00e1lj\u00e1k. A n\u00f6v\u00e9ny vil\u00e1gos, h\u0171v\u00f6s helyen fejl\u0151dik, r\u00e9szleges \u00e1rny\u00e9kban, m\u00e9rs\u00e9kelt p\u00e1ratartalommal, laza \u00e9s term\u00e9keny talajjal. Legjobb csoportokban \u00fcltetni a rekre\u00e1ci\u00f3s ter\u00fcletek k\u00f6zel\u00e9ben vagy a vir\u00e1g\u00e1gy\u00e1sok k\u00f6zep\u00e9n. Ezen k\u00edv\u00fcl j\u00f3l passzol m\u00e1s egyny\u00e1ri vir\u00e1gokhoz. Ezeket a vir\u00e1gokat a fagyvesz\u00e9ly elm\u00falt\u00e1val vir\u00e1g\u00e1gy\u00e1sokba kell \u00fcltetni.<\/p>\n<p>Vet\u00e9sid\u0151 a talajban VI, 0,5 cm<br \/>\nVet\u00e9sid\u0151 \u00fcvegh\u00e1zban III-IV, 0,5 cm<br \/>\nGy\u00e1rt\u00f3 \u017dalia stotel\u0117<br \/>\nVII\u2013X. vir\u00e1gz\u00e1si id\u0151szak, 0-80 cm<br \/>\nT\u00e1vols\u00e1gok, cm V\u2013VI, 40&#215;45 cm<br \/>\nMagok sz\u00e1ma a csomagban, db. 50<\/p>\n","protected":false},"featured_media":23349,"comment_status":"closed","ping_status":"closed","template":"","meta":[],"product_brand":[],"product_cat":[363],"product_tag":[],"class_list":{"0":"post-23348","1":"product","2":"type-product","3":"status-publish","4":"has-post-thumbnail","6":"product_cat-virag-vetomagok-zalia-stotele","8":"first","9":"instock","10":"taxable","11":"shipping-taxable","12":"purchasable","13":"product-type-simple"},"_links":{"self":[{"href":"https:\/\/chilimag.hu\/webshop\/wp-json\/wp\/v2\/product\/23348","targetHints":{"allow":["GET"]}}],"collection":[{"href":"https:\/\/chilimag.hu\/webshop\/wp-json\/wp\/v2\/product"}],"about":[{"href":"https:\/\/chilimag.hu\/webshop\/wp-json\/wp\/v2\/types\/product"}],"replies":[{"embeddable":true,"href":"https:\/\/chilimag.hu\/webshop\/wp-json\/wp\/v2\/comments?post=23348"}],"wp:featuredmedia":[{"embeddable":true,"href":"https:\/\/chilimag.hu\/webshop\/wp-json\/wp\/v2\/media\/23349"}],"wp:attachment":[{"href":"https:\/\/chilimag.hu\/webshop\/wp-json\/wp\/v2\/media?parent=23348"}],"wp:term":[{"taxonomy":"product_brand","embeddable":true,"href":"https:\/\/chilimag.hu\/webshop\/wp-json\/wp\/v2\/product_brand?post=23348"},{"taxonomy":"product_cat","embeddable":true,"href":"https:\/\/chilimag.hu\/webshop\/wp-json\/wp\/v2\/product_cat?post=23348"},{"taxonomy":"product_tag","embeddable":true,"href":"https:\/\/chilimag.hu\/webshop\/wp-json\/wp\/v2\/product_tag?post=23348"}],"curies":[{"name":"wp","href":"https:\/\/api.w.org\/{rel}","templated":true}]}}