{"id":23344,"date":"2023-03-27T19:03:03","date_gmt":"2023-03-27T19:03:03","guid":{"rendered":"https:\/\/chilimag.hu\/webshop\/?post_type=product&#038;p=23344"},"modified":"2026-03-09T15:43:52","modified_gmt":"2026-03-09T15:43:52","slug":"cooper-prince-z-s-sl","status":"publish","type":"product","link":"https:\/\/chilimag.hu\/webshop\/termek\/cooper-prince-z-s-sl\/","title":{"rendered":"Indiai k\u00f6les Copper Prince Z.S SL"},"content":{"rendered":"","protected":false},"excerpt":{"rendered":"<p><img decoding=\"async\" class=\"active-logo\" src=\"https:\/\/b2b.seklos.lt\/themes\/warehouse\/img\/logo_en.png\" alt=\"Agrofirma S\u0117klos, UAB\" width=\"280\" height=\"95\" \/><\/p>\n<p>Ezek egyny\u00e1ri, dekorat\u00edv vir\u00e1gok, amelyek minden vir\u00e1g\u00e1gy\u00e1st egyediv\u00e9 tesznek. Vir\u00e1g\u00e1gy\u00e1sokban \u00e9s magas \u00fcltetv\u00e9nyekben termesztik. Gyors n\u00f6veked\u00e9s\u00fck, egyedi vir\u00e1g- \u00e9s lombsz\u00edn\u00fck miatt is n\u00e9pszer\u0171ek. A d\u00edszk\u00f6lest \u00e1ltal\u00e1ban kiemel\u0151 n\u00f6v\u00e9nyk\u00e9nt termesztik, \u00e9s ide\u00e1lis ny\u00e1ri vir\u00e1gk\u00f6t\u00e9szethez. Javasoljuk, hogy vir\u00e1g\u00e1gy\u00e1sokba \u00fcltess\u00fcnk teljesen kialakult hajt\u00e1sokat. Ezek a vir\u00e1gok az els\u0151 hideg fagyok ut\u00e1n is meg\u0151rzik dekorat\u00edv megjelen\u00e9s\u00fcket. V\u00edz\u00e1tereszt\u0151 \u00e9s term\u00e9keny talajban fejl\u0151dnek. Termeszt\u00e9s k\u00f6zben javasoljuk ezeknek a vir\u00e1goknak extra tr\u00e1gy\u00e1z\u00e1s\u00e1t.<\/p>\n<p>Vet\u00e9sid\u0151 \u00fcvegh\u00e1zban III-IV, 1 cm<br \/>\nGy\u00e1rt\u00f3 \u017dalia stotel\u0117<br \/>\nVIII \u2013 IX. vir\u00e1gz\u00e1si id\u0151szak, 60-90 cm<br \/>\nT\u00e1vols\u00e1gok, cm V\u2013VI, 40&#215;40 cm<br \/>\nMagok sz\u00e1ma a csomagban, db. 10<\/p>\n","protected":false},"featured_media":23345,"comment_status":"closed","ping_status":"closed","template":"","meta":[],"product_brand":[],"product_cat":[363],"product_tag":[],"class_list":{"0":"post-23344","1":"product","2":"type-product","3":"status-publish","4":"has-post-thumbnail","6":"product_cat-virag-vetomagok-zalia-stotele","8":"first","9":"instock","10":"taxable","11":"shipping-taxable","12":"purchasable","13":"product-type-simple"},"_links":{"self":[{"href":"https:\/\/chilimag.hu\/webshop\/wp-json\/wp\/v2\/product\/23344","targetHints":{"allow":["GET"]}}],"collection":[{"href":"https:\/\/chilimag.hu\/webshop\/wp-json\/wp\/v2\/product"}],"about":[{"href":"https:\/\/chilimag.hu\/webshop\/wp-json\/wp\/v2\/types\/product"}],"replies":[{"embeddable":true,"href":"https:\/\/chilimag.hu\/webshop\/wp-json\/wp\/v2\/comments?post=23344"}],"wp:featuredmedia":[{"embeddable":true,"href":"https:\/\/chilimag.hu\/webshop\/wp-json\/wp\/v2\/media\/23345"}],"wp:attachment":[{"href":"https:\/\/chilimag.hu\/webshop\/wp-json\/wp\/v2\/media?parent=23344"}],"wp:term":[{"taxonomy":"product_brand","embeddable":true,"href":"https:\/\/chilimag.hu\/webshop\/wp-json\/wp\/v2\/product_brand?post=23344"},{"taxonomy":"product_cat","embeddable":true,"href":"https:\/\/chilimag.hu\/webshop\/wp-json\/wp\/v2\/product_cat?post=23344"},{"taxonomy":"product_tag","embeddable":true,"href":"https:\/\/chilimag.hu\/webshop\/wp-json\/wp\/v2\/product_tag?post=23344"}],"curies":[{"name":"wp","href":"https:\/\/api.w.org\/{rel}","templated":true}]}}