{"id":23339,"date":"2023-03-27T18:45:23","date_gmt":"2023-03-27T18:45:23","guid":{"rendered":"https:\/\/chilimag.hu\/webshop\/?post_type=product&#038;p=23339"},"modified":"2026-02-10T11:17:41","modified_gmt":"2026-02-10T11:17:41","slug":"sibella-carmine-z-s-sl","status":"publish","type":"product","link":"https:\/\/chilimag.hu\/webshop\/termek\/sibella-carmine-z-s-sl\/","title":{"rendered":"B\u00f3kol\u00f3 habszegf\u0171 Sibella Carmine Z.S SL"},"content":{"rendered":"","protected":false},"excerpt":{"rendered":"<p><img decoding=\"async\" class=\"active-logo\" src=\"https:\/\/b2b.seklos.lt\/themes\/warehouse\/img\/logo_en.png\" alt=\"Agrofirma S\u0117klos, UAB\" width=\"280\" height=\"95\" \/><\/p>\n<p>Ezek egyny\u00e1ri f\u00fcgg\u0151 vir\u00e1gok, amelyek el\u00e9rhetik a 25 cm-t. F\u00fcggesztett cser\u00e9pben vagy hossz\u00fa \u00fcltet\u0151ben nevelhet\u0151k. A n\u00f6v\u00e9ny b\u0151s\u00e9gesen \u00e9s hosszabb ideig vir\u00e1gzik. Vir\u00e1gai kicsik, f\u00e9nyesek, z\u00f6ldessz\u00fcrke lombozattal. A hajt\u00e1sokat \u00e1ltal\u00e1ban vir\u00e1g\u00e1gy\u00e1sokba \u00fcltetik. Ez a n\u00f6v\u00e9ny napos helyeken fejl\u0151dik, term\u00e9keny \u00e9s \u00e1tereszt\u0151 talajjal. Ha cser\u00e9pben termeszti, akkor foly\u00e9kony m\u0171tr\u00e1gy\u00e1val kell tr\u00e1gy\u00e1znia. A fagyvesz\u00e9ly elm\u00falt\u00e1val a n\u00f6v\u00e9nyeket ki kell vinni a szabadba.<\/p>\n<p>Vet\u00e9sid\u0151 \u00fcvegh\u00e1zban III\u2013IV, 0 cm<br \/>\nGy\u00e1rt\u00f3 \u017dalia stotel\u0117<br \/>\nVI\u2013IX. vir\u00e1gz\u00e1si id\u0151szak, 60 cm<br \/>\nT\u00e1vols\u00e1gok, cm V\u2013VI, 25 x 25cm<br \/>\nMagok sz\u00e1ma a csomagban, db. 20<\/p>\n","protected":false},"featured_media":23340,"comment_status":"closed","ping_status":"closed","template":"","meta":[],"product_brand":[],"product_cat":[363],"product_tag":[],"class_list":{"0":"post-23339","1":"product","2":"type-product","3":"status-publish","4":"has-post-thumbnail","6":"product_cat-virag-vetomagok-zalia-stotele","8":"first","9":"instock","10":"taxable","11":"shipping-taxable","12":"purchasable","13":"product-type-simple"},"_links":{"self":[{"href":"https:\/\/chilimag.hu\/webshop\/wp-json\/wp\/v2\/product\/23339","targetHints":{"allow":["GET"]}}],"collection":[{"href":"https:\/\/chilimag.hu\/webshop\/wp-json\/wp\/v2\/product"}],"about":[{"href":"https:\/\/chilimag.hu\/webshop\/wp-json\/wp\/v2\/types\/product"}],"replies":[{"embeddable":true,"href":"https:\/\/chilimag.hu\/webshop\/wp-json\/wp\/v2\/comments?post=23339"}],"wp:featuredmedia":[{"embeddable":true,"href":"https:\/\/chilimag.hu\/webshop\/wp-json\/wp\/v2\/media\/23340"}],"wp:attachment":[{"href":"https:\/\/chilimag.hu\/webshop\/wp-json\/wp\/v2\/media?parent=23339"}],"wp:term":[{"taxonomy":"product_brand","embeddable":true,"href":"https:\/\/chilimag.hu\/webshop\/wp-json\/wp\/v2\/product_brand?post=23339"},{"taxonomy":"product_cat","embeddable":true,"href":"https:\/\/chilimag.hu\/webshop\/wp-json\/wp\/v2\/product_cat?post=23339"},{"taxonomy":"product_tag","embeddable":true,"href":"https:\/\/chilimag.hu\/webshop\/wp-json\/wp\/v2\/product_tag?post=23339"}],"curies":[{"name":"wp","href":"https:\/\/api.w.org\/{rel}","templated":true}]}}