{"id":23336,"date":"2023-03-27T18:36:07","date_gmt":"2023-03-27T18:36:07","guid":{"rendered":"https:\/\/chilimag.hu\/webshop\/?post_type=product&#038;p=23336"},"modified":"2025-08-31T18:54:54","modified_gmt":"2025-08-31T18:54:54","slug":"vadviragmag-keverek-z-s-sl","status":"publish","type":"product","link":"https:\/\/chilimag.hu\/webshop\/termek\/vadviragmag-keverek-z-s-sl\/","title":{"rendered":"Vadvir\u00e1g magkever\u00e9k Z.S SL"},"content":{"rendered":"","protected":false},"excerpt":{"rendered":"<p><img decoding=\"async\" class=\"active-logo\" src=\"https:\/\/b2b.seklos.lt\/themes\/warehouse\/img\/logo_en.png\" alt=\"Agrofirma S\u0117klos, UAB\" width=\"280\" height=\"95\" \/><\/p>\n<p>Ez a vadvir\u00e1g magkever\u00e9k tet\u0151kre \u00e9s lejt\u0151kre k\u00e9sz\u00fclt, de alkalmas vir\u00e1g\u00e1gy\u00e1sokra \u00e9s r\u00e9tekre is. A kever\u00e9k 25 fajta egyny\u00e1ri \u00e9s \u00e9vel\u0151 vir\u00e1gmagb\u00f3l \u00e1ll. Mivel ezek a vir\u00e1gok nem egy id\u0151ben ny\u00edlnak, eg\u00e9sz szezonban \u00e9lvezheti \u0151ket. A magvakat kora tavasszal aj\u00e1nlatos elvetni. Ezek a vir\u00e1gok ellen\u00e1llnak a r\u00f6vid t\u00e1v\u00fa sz\u00e1razs\u00e1gnak. A k\u00f6vetkez\u0151 \u00e9vben t\u00f6bb vir\u00e1ga lesz, ha hagyja, hogy a n\u00f6v\u00e9nyek kivir\u00e1gozzanak \u00e9s kisz\u00f3rj\u00e1k magjaikat.<\/p>\n<p>Mennyis\u00e9g egy csomagban 5 g<br \/>\nGy\u00e1rt\u00f3 \u017dalia stotel\u0117<br \/>\nVir\u00e1gz\u00e1si id\u0151szak VI-IX, 40-60 cm<\/p>\n","protected":false},"featured_media":23337,"comment_status":"closed","ping_status":"closed","template":"","meta":[],"product_brand":[],"product_cat":[363],"product_tag":[],"class_list":{"0":"post-23336","1":"product","2":"type-product","3":"status-publish","4":"has-post-thumbnail","6":"product_cat-virag-vetomagok-zalia-stotele","8":"first","9":"instock","10":"taxable","11":"shipping-taxable","12":"purchasable","13":"product-type-simple"},"_links":{"self":[{"href":"https:\/\/chilimag.hu\/webshop\/wp-json\/wp\/v2\/product\/23336","targetHints":{"allow":["GET"]}}],"collection":[{"href":"https:\/\/chilimag.hu\/webshop\/wp-json\/wp\/v2\/product"}],"about":[{"href":"https:\/\/chilimag.hu\/webshop\/wp-json\/wp\/v2\/types\/product"}],"replies":[{"embeddable":true,"href":"https:\/\/chilimag.hu\/webshop\/wp-json\/wp\/v2\/comments?post=23336"}],"wp:featuredmedia":[{"embeddable":true,"href":"https:\/\/chilimag.hu\/webshop\/wp-json\/wp\/v2\/media\/23337"}],"wp:attachment":[{"href":"https:\/\/chilimag.hu\/webshop\/wp-json\/wp\/v2\/media?parent=23336"}],"wp:term":[{"taxonomy":"product_brand","embeddable":true,"href":"https:\/\/chilimag.hu\/webshop\/wp-json\/wp\/v2\/product_brand?post=23336"},{"taxonomy":"product_cat","embeddable":true,"href":"https:\/\/chilimag.hu\/webshop\/wp-json\/wp\/v2\/product_cat?post=23336"},{"taxonomy":"product_tag","embeddable":true,"href":"https:\/\/chilimag.hu\/webshop\/wp-json\/wp\/v2\/product_tag?post=23336"}],"curies":[{"name":"wp","href":"https:\/\/api.w.org\/{rel}","templated":true}]}}